{"id":1365,"date":"2025-05-14T11:24:46","date_gmt":"2025-05-14T09:24:46","guid":{"rendered":"https:\/\/www.nivagelato.com\/?page_id=1365"},"modified":"2025-12-14T19:28:58","modified_gmt":"2025-12-14T18:28:58","slug":"lojas","status":"publish","type":"page","link":"https:\/\/www.nivagelato.com\/pt-pt\/lojas\/","title":{"rendered":"Lojas"},"content":{"rendered":"<section class=\"l-section wpb_row us_custom_6d047151 header-page height_medium with_img parallax_fixed\"><div class=\"l-section-img\" role=\"img\" aria-label=\"Imagem\" data-img-width=\"5000\" data-img-height=\"3333\" style=\"background-image: url(https:\/\/www.nivagelato.com\/wp-content\/uploads\/2025\/05\/AYnb8t-c-e1765565506336.jpeg);background-position: top center;\"><\/div><div class=\"l-section-h i-cf\"><div class=\"g-cols vc_row via_flex valign_top type_default stacking_default\"><div class=\"vc_col-sm-12 wpb_column vc_column_container\"><div class=\"vc_column-inner\"><div class=\"wpb_wrapper\"><div class=\"wpb_text_column us_custom_a2ebf4ae\"><div class=\"wpb_wrapper\"><h1>As nossas Lojas<\/h1>\n<\/div><\/div><\/div><\/div><\/div><\/div><\/div><\/section><section class=\"l-section wpb_row row-center height_medium\"><div class=\"l-section-h i-cf\"><div class=\"g-cols vc_row via_flex valign_top type_default stacking_default\"><div class=\"vc_col-sm-12 wpb_column vc_column_container\"><div class=\"vc_column-inner us_custom_2fc6125a\"><div class=\"wpb_wrapper\"><div class=\"wpb_text_column\"><div class=\"wpb_wrapper\"><h2>Uma viagem pelo sabor, cidade ap\u00f3s cidade<\/h2>\n<p>De Turim a Cannes, de Lisboa ao Porto, cada gelataria Niv\u00e0 \u00e9 um recanto de It\u00e1lia, onde o gelato artesanal se une \u00e0 eleg\u00e2ncia e \u00e0 hospitalidade. Seja para uma pausa deliciosa ou um momento especial para partilhar, estamos ansiosos por receb\u00ea-lo nas nossas unidades para o ajudar a descobrir o sabor \u00fanico da Niv\u00e0, onde quer que esteja.<\/p>\n<\/div><\/div><\/div><\/div><\/div><\/div><\/div><\/section><section class=\"l-section wpb_row height_medium\"><div class=\"l-section-h i-cf\"><div class=\"g-cols vc_row via_flex valign_top type_default stacking_default\"><div class=\"vc_col-sm-12 wpb_column vc_column_container\" id=\"tutti-locali-grid\"><div class=\"vc_column-inner us_custom_eb849559\"><div class=\"wpb_wrapper\"><div class=\"w-grid us_grid type_grid layout_832 cols_2 preload_style_spinner\" id=\"us_grid_1\" style=\"--columns:2;--gap:15px;\" data-filterable=\"true\"><style>@media (max-width:768px){#us_grid_1{--columns:1!important}}.layout_832 .w-grid-item-h{}.layout_832 .usg_vwrapper_1{transition-duration:0.3s;transform-origin:50% 70%;transform:scale(1) translate(0%,0%)}.layout_832 .w-grid-item-h:focus-within .usg_vwrapper_1,.layout_832 .w-grid-item-h:hover .usg_vwrapper_1{transform:scale(1) translate(0%,0%);opacity:1}.layout_832 .usg_post_custom_field_1{transition-duration:0.3s;transform-origin:50% 50%;transform:scale(1) translate(0%,0%)}.layout_832 .w-grid-item-h:focus-within .usg_post_custom_field_1,.layout_832 .w-grid-item-h:hover .usg_post_custom_field_1{transform:scale(1) translate(0%,0%);opacity:1}.layout_832 .usg_post_custom_field_1{height:565px!important;max-height:565px!important}@media (min-width:1025px) and (max-width:1440px){.layout_832 .usg_post_custom_field_1{height:565px!important;max-height:565px!important}}@media (min-width:769px) and (max-width:1024px){.layout_832 .usg_post_custom_field_1{height:320px!important;max-height:320px!important}}@media (max-width:768px){.layout_832 .usg_post_custom_field_1{height:320px!important;max-height:320px!important}}<\/style><div class=\"w-grid-list\">\t<article class=\"w-grid-item size_1x1 post-1486 locali type-locali status-publish has-post-thumbnail hentry\" data-id=\"1486\">\r\n\t\t<div class=\"w-grid-item-h\">\r\n\t\t\t\t\t\t<div class=\"w-vwrapper usg_vwrapper_1 card-archivio-locali align_none valign_top has-link\"><div class=\"w-post-elm post_custom_field usg_post_custom_field_1 type_image immagine_card_locali color_link_inherit has_height\"><img loading=\"lazy\" decoding=\"async\" width=\"1024\" height=\"683\" src=\"https:\/\/www.nivagelato.com\/wp-content\/uploads\/2025\/05\/20220223132855-piazza-san-carlo-torino-piemonte-shutterstock-2102981095-rid-1024x683.jpg\" class=\"attachment-large size-large\" alt=\"\" srcset=\"https:\/\/www.nivagelato.com\/wp-content\/uploads\/2025\/05\/20220223132855-piazza-san-carlo-torino-piemonte-shutterstock-2102981095-rid-1024x683.jpg 1024w, https:\/\/www.nivagelato.com\/wp-content\/uploads\/2025\/05\/20220223132855-piazza-san-carlo-torino-piemonte-shutterstock-2102981095-rid-300x200.jpg 300w, https:\/\/www.nivagelato.com\/wp-content\/uploads\/2025\/05\/20220223132855-piazza-san-carlo-torino-piemonte-shutterstock-2102981095-rid-scaled.jpg 500w\" sizes=\"auto, (max-width: 1024px) 100vw, 1024px\" \/><\/div><h3 class=\"w-post-elm post_title usg_post_title_1 align_left entry-title color_link_inherit\"><a href=\"https:\/\/www.nivagelato.com\/pt-pt\/locali\/torino\/\">Torino<\/a><\/h3><a href=\"https:\/\/www.nivagelato.com\/pt-pt\/locali\/torino\/\" class=\"w-vwrapper-link smooth-scroll\" aria-label=\"Liga\u00e7\u00e3o\"><\/a><\/div>\t\t<\/div>\r\n\t\t\t<\/article>\r\n\t<article class=\"w-grid-item size_1x1 post-1502 locali type-locali status-publish has-post-thumbnail hentry\" data-id=\"1502\">\r\n\t\t<div class=\"w-grid-item-h\">\r\n\t\t\t\t\t\t<div class=\"w-vwrapper usg_vwrapper_1 card-archivio-locali align_none valign_top has-link\"><div class=\"w-post-elm post_custom_field usg_post_custom_field_1 type_image immagine_card_locali color_link_inherit has_height\"><img loading=\"lazy\" decoding=\"async\" width=\"1024\" height=\"1006\" src=\"https:\/\/www.nivagelato.com\/wp-content\/uploads\/2025\/05\/Image-cannes-1024x1006.jpg\" class=\"attachment-large size-large\" alt=\"Citt\u00e0 di Cannes\" srcset=\"https:\/\/www.nivagelato.com\/wp-content\/uploads\/2025\/05\/Image-cannes-1024x1006.jpg 1024w, https:\/\/www.nivagelato.com\/wp-content\/uploads\/2025\/05\/Image-cannes-300x295.jpg 300w, https:\/\/www.nivagelato.com\/wp-content\/uploads\/2025\/05\/Image-cannes.jpg 1108w\" sizes=\"auto, (max-width: 1024px) 100vw, 1024px\" \/><\/div><h3 class=\"w-post-elm post_title usg_post_title_1 align_left entry-title color_link_inherit\"><a href=\"https:\/\/www.nivagelato.com\/pt-pt\/locali\/cannes\/\">Cannes<\/a><\/h3><a href=\"https:\/\/www.nivagelato.com\/pt-pt\/locali\/cannes\/\" class=\"w-vwrapper-link smooth-scroll\" aria-label=\"Liga\u00e7\u00e3o\"><\/a><\/div>\t\t<\/div>\r\n\t\t\t<\/article>\r\n\t<article class=\"w-grid-item size_1x1 post-1496 locali type-locali status-publish has-post-thumbnail hentry\" data-id=\"1496\">\r\n\t\t<div class=\"w-grid-item-h\">\r\n\t\t\t\t\t\t<div class=\"w-vwrapper usg_vwrapper_1 card-archivio-locali align_none valign_top has-link\"><div class=\"w-post-elm post_custom_field usg_post_custom_field_1 type_image immagine_card_locali color_link_inherit has_height\"><img loading=\"lazy\" decoding=\"async\" width=\"1024\" height=\"1006\" src=\"https:\/\/www.nivagelato.com\/wp-content\/uploads\/2025\/05\/Image-lisbona-1024x1006.jpg\" class=\"attachment-large size-large\" alt=\"Citt\u00e0 di Lisbona\" srcset=\"https:\/\/www.nivagelato.com\/wp-content\/uploads\/2025\/05\/Image-lisbona-1024x1006.jpg 1024w, https:\/\/www.nivagelato.com\/wp-content\/uploads\/2025\/05\/Image-lisbona-300x295.jpg 300w, https:\/\/www.nivagelato.com\/wp-content\/uploads\/2025\/05\/Image-lisbona.jpg 1108w\" sizes=\"auto, (max-width: 1024px) 100vw, 1024px\" \/><\/div><h3 class=\"w-post-elm post_title usg_post_title_1 align_left entry-title color_link_inherit\"><a href=\"https:\/\/www.nivagelato.com\/pt-pt\/locali\/lisbona\/\">Lisboa<\/a><\/h3><a href=\"https:\/\/www.nivagelato.com\/pt-pt\/locali\/lisbona\/\" class=\"w-vwrapper-link smooth-scroll\" aria-label=\"Liga\u00e7\u00e3o\"><\/a><\/div>\t\t<\/div>\r\n\t\t\t<\/article>\r\n\t<article class=\"w-grid-item size_1x1 post-1505 locali type-locali status-publish has-post-thumbnail hentry\" data-id=\"1505\">\r\n\t\t<div class=\"w-grid-item-h\">\r\n\t\t\t\t\t\t<div class=\"w-vwrapper usg_vwrapper_1 card-archivio-locali align_none valign_top has-link\"><div class=\"w-post-elm post_custom_field usg_post_custom_field_1 type_image immagine_card_locali color_link_inherit has_height\"><img loading=\"lazy\" decoding=\"async\" width=\"819\" height=\"1024\" src=\"https:\/\/www.nivagelato.com\/wp-content\/uploads\/2025\/11\/Porto-Cosa-vedere9-819x1024.jpg\" class=\"attachment-large size-large\" alt=\"\" srcset=\"https:\/\/www.nivagelato.com\/wp-content\/uploads\/2025\/11\/Porto-Cosa-vedere9-819x1024.jpg 819w, https:\/\/www.nivagelato.com\/wp-content\/uploads\/2025\/11\/Porto-Cosa-vedere9-240x300.jpg 240w, https:\/\/www.nivagelato.com\/wp-content\/uploads\/2025\/11\/Porto-Cosa-vedere9-scaled.jpg 400w\" sizes=\"auto, (max-width: 819px) 100vw, 819px\" \/><\/div><h3 class=\"w-post-elm post_title usg_post_title_1 align_left entry-title color_link_inherit\"><a href=\"https:\/\/www.nivagelato.com\/pt-pt\/locali\/porto\/\">Porto<\/a><\/h3><a href=\"https:\/\/www.nivagelato.com\/pt-pt\/locali\/porto\/\" class=\"w-vwrapper-link smooth-scroll\" aria-label=\"Liga\u00e7\u00e3o\"><\/a><\/div>\t\t<\/div>\r\n\t\t\t<\/article>\r\n<\/div>\t<div class=\"w-grid-preloader\">\r\n\t\t<div class=\"g-preloader type_1\">\r\n\t\t\t<div><\/div>\r\n\t\t<\/div>\r\n\t<\/div>\r\n\t\t<div class=\"w-grid-json hidden\" onclick='return {&quot;action&quot;:&quot;us_ajax_grid&quot;,&quot;infinite_scroll&quot;:0,&quot;max_num_pages&quot;:1,&quot;pagination&quot;:&quot;none&quot;,&quot;template_vars&quot;:{&quot;columns&quot;:&quot;2&quot;,&quot;exclude_items&quot;:&quot;none&quot;,&quot;img_size&quot;:&quot;default&quot;,&quot;ignore_items_size&quot;:0,&quot;items_layout&quot;:&quot;832&quot;,&quot;items_offset&quot;:&quot;1&quot;,&quot;load_animation&quot;:&quot;none&quot;,&quot;overriding_link&quot;:&quot;%7B%22url%22%3A%22%22%7D&quot;,&quot;post_id&quot;:0,&quot;query_args&quot;:{&quot;post_type&quot;:[&quot;locali&quot;],&quot;post_status&quot;:[&quot;publish&quot;,&quot;acf-disabled&quot;],&quot;posts_per_page&quot;:&quot;50&quot;},&quot;orderby_query_args&quot;:{&quot;orderby&quot;:{&quot;date&quot;:&quot;ASC&quot;}},&quot;type&quot;:&quot;grid&quot;,&quot;us_grid_post_type&quot;:&quot;locali&quot;,&quot;us_grid_ajax_index&quot;:1,&quot;us_grid_filter_query_string&quot;:null,&quot;us_grid_index&quot;:1,&quot;page_args&quot;:[],&quot;lang&quot;:&quot;pt-pt&quot;}}'><\/div>\r\n\t<\/div><\/div><\/div><\/div><\/div><\/div><\/section><section class=\"l-section wpb_row us_custom_56432b2c row-justify-center height_medium\"><div class=\"l-section-h i-cf\"><div class=\"g-cols vc_row via_flex valign_top type_default stacking_default\"><div class=\"vc_col-sm-5 wpb_column vc_column_container custom-animation\"><div class=\"vc_column-inner us_custom_19113836 us_animate_this\"><div class=\"wpb_wrapper\"><div class=\"wpb_text_column us_custom_7630c6fb\"><div class=\"wpb_wrapper\"><h2>Abra uma Gelateria connosco<\/h2>\n<\/div><\/div><div class=\"wpb_text_column us_custom_4e595462 before-triangle\"><div class=\"wpb_wrapper\"><p>Leve a qualidade e o estilo da Niv\u00e0 \u00e0 sua cidade. Com o nosso apoio, a nossa experi\u00eancia e a for\u00e7a de uma marca reconhecida, pode abrir a sua pr\u00f3pria gelataria artesanal, combinando a tradi\u00e7\u00e3o italiana e o sabor contempor\u00e2neo. Juntos, vamos fazer crescer a fam\u00edlia Niv\u00e0.<\/p>\n<\/div><\/div><div class=\"w-btn-wrapper align_none\"><a class=\"w-btn us-btn-style_1 us_custom_e64f0ff0\" href=\"\/unisciti-a-noi\"><span class=\"w-btn-label\">descubra mais<\/span><\/a><\/div><\/div><\/div><\/div><div class=\"vc_col-sm-7 wpb_column vc_column_container container-icon-after column-flex-end icon-almond-after custom-animation\"><div class=\"vc_column-inner us_custom_a518f36e us_animate_this\"><div class=\"wpb_wrapper\"><div class=\"w-image us_custom_b371c137 align_none\"><div class=\"w-image-h\"><img decoding=\"async\" width=\"1024\" height=\"848\" src=\"https:\/\/www.nivagelato.com\/wp-content\/uploads\/2025\/05\/Image-donna-asporto-1024x848.jpeg\" class=\"attachment-large size-large\" alt=\"Sacchetto di carta Niv\u00e0\" loading=\"lazy\" srcset=\"https:\/\/www.nivagelato.com\/wp-content\/uploads\/2025\/05\/Image-donna-asporto-1024x848.jpeg 1024w, https:\/\/www.nivagelato.com\/wp-content\/uploads\/2025\/05\/Image-donna-asporto-300x248.jpeg 300w, https:\/\/www.nivagelato.com\/wp-content\/uploads\/2025\/05\/Image-donna-asporto.jpeg 1140w\" sizes=\"auto, (max-width: 1024px) 100vw, 1024px\" \/><\/div><\/div><\/div><\/div><\/div><\/div><\/div><\/section>\n","protected":false},"excerpt":{"rendered":"Matosinhos Rua Sousa Aroso 102 \u2013 Matosinhos \u2013 PortoTel:+351 968 967 566Hor\u00e1rio de funcionamento: todos os dias, das 12h00 \u00e0s 22h00.[vc_goo_maps location=\"Rua Sousa Aroso 102 \u2013 Matosinhos \u2013 Porto\" zoom=\"15\" css=\".vc_custom_1749562556142{padding-top: 40px !important;}\"]Bolh\u00e3o Rua Formosa 407A &#8211; PortoTel. +351222453016Hor\u00e1rio de funcionamento: todos os dias, das 12h00 \u00e0s 22h00.[vc_goo_maps location=\"Rua Formosa 407A - Porto\" zoom=\"15\" css=\".vc_custom_1764008897652{padding-top:...","protected":false},"author":3,"featured_media":0,"parent":0,"menu_order":0,"comment_status":"closed","ping_status":"closed","template":"","meta":{"_acf_changed":false,"footnotes":""},"class_list":["post-1365","page","type-page","status-publish","hentry"],"acf":[],"yoast_head":"<!-- This site is optimized with the Yoast SEO plugin v27.4 - https:\/\/yoast.com\/product\/yoast-seo-wordpress\/ -->\n<title>Lojas - Niv\u00e0<\/title>\n<meta name=\"robots\" content=\"index, follow, max-snippet:-1, max-image-preview:large, max-video-preview:-1\" \/>\n<link rel=\"canonical\" href=\"https:\/\/www.nivagelato.com\/pt-pt\/lojas\/\" \/>\n<meta property=\"og:locale\" content=\"pt_PT\" \/>\n<meta property=\"og:type\" content=\"article\" \/>\n<meta property=\"og:title\" content=\"Lojas - Niv\u00e0\" \/>\n<meta property=\"og:url\" content=\"https:\/\/www.nivagelato.com\/pt-pt\/lojas\/\" \/>\n<meta property=\"og:site_name\" content=\"Niv\u00e0\" \/>\n<meta property=\"article:modified_time\" content=\"2025-12-14T18:28:58+00:00\" \/>\n<meta name=\"twitter:card\" content=\"summary_large_image\" \/>\n<meta name=\"twitter:label1\" content=\"Tempo estimado de leitura\" \/>\n\t<meta name=\"twitter:data1\" content=\"1 minuto\" \/>\n<script type=\"application\/ld+json\" class=\"yoast-schema-graph\">{\"@context\":\"https:\\\/\\\/schema.org\",\"@graph\":[{\"@type\":\"WebPage\",\"@id\":\"https:\\\/\\\/www.nivagelato.com\\\/pt-pt\\\/lojas\\\/\",\"url\":\"https:\\\/\\\/www.nivagelato.com\\\/pt-pt\\\/lojas\\\/\",\"name\":\"Lojas - Niv\u00e0\",\"isPartOf\":{\"@id\":\"https:\\\/\\\/www.nivagelato.com\\\/pt-pt\\\/#website\"},\"datePublished\":\"2025-05-14T09:24:46+00:00\",\"dateModified\":\"2025-12-14T18:28:58+00:00\",\"breadcrumb\":{\"@id\":\"https:\\\/\\\/www.nivagelato.com\\\/pt-pt\\\/lojas\\\/#breadcrumb\"},\"inLanguage\":\"pt-PT\",\"potentialAction\":[{\"@type\":\"ReadAction\",\"target\":[\"https:\\\/\\\/www.nivagelato.com\\\/pt-pt\\\/lojas\\\/\"]}]},{\"@type\":\"BreadcrumbList\",\"@id\":\"https:\\\/\\\/www.nivagelato.com\\\/pt-pt\\\/lojas\\\/#breadcrumb\",\"itemListElement\":[{\"@type\":\"ListItem\",\"position\":1,\"name\":\"Home\",\"item\":\"https:\\\/\\\/www.nivagelato.com\\\/pt-pt\\\/\"},{\"@type\":\"ListItem\",\"position\":2,\"name\":\"Lojas\"}]},{\"@type\":\"WebSite\",\"@id\":\"https:\\\/\\\/www.nivagelato.com\\\/pt-pt\\\/#website\",\"url\":\"https:\\\/\\\/www.nivagelato.com\\\/pt-pt\\\/\",\"name\":\"Niv\u00e0\",\"description\":\"Viva Niv\u00e0\",\"potentialAction\":[{\"@type\":\"SearchAction\",\"target\":{\"@type\":\"EntryPoint\",\"urlTemplate\":\"https:\\\/\\\/www.nivagelato.com\\\/pt-pt\\\/?s={search_term_string}\"},\"query-input\":{\"@type\":\"PropertyValueSpecification\",\"valueRequired\":true,\"valueName\":\"search_term_string\"}}],\"inLanguage\":\"pt-PT\"}]}<\/script>\n<!-- \/ Yoast SEO plugin. -->","yoast_head_json":{"title":"Lojas - Niv\u00e0","robots":{"index":"index","follow":"follow","max-snippet":"max-snippet:-1","max-image-preview":"max-image-preview:large","max-video-preview":"max-video-preview:-1"},"canonical":"https:\/\/www.nivagelato.com\/pt-pt\/lojas\/","og_locale":"pt_PT","og_type":"article","og_title":"Lojas - Niv\u00e0","og_url":"https:\/\/www.nivagelato.com\/pt-pt\/lojas\/","og_site_name":"Niv\u00e0","article_modified_time":"2025-12-14T18:28:58+00:00","twitter_card":"summary_large_image","twitter_misc":{"Tempo estimado de leitura":"1 minuto"},"schema":{"@context":"https:\/\/schema.org","@graph":[{"@type":"WebPage","@id":"https:\/\/www.nivagelato.com\/pt-pt\/lojas\/","url":"https:\/\/www.nivagelato.com\/pt-pt\/lojas\/","name":"Lojas - Niv\u00e0","isPartOf":{"@id":"https:\/\/www.nivagelato.com\/pt-pt\/#website"},"datePublished":"2025-05-14T09:24:46+00:00","dateModified":"2025-12-14T18:28:58+00:00","breadcrumb":{"@id":"https:\/\/www.nivagelato.com\/pt-pt\/lojas\/#breadcrumb"},"inLanguage":"pt-PT","potentialAction":[{"@type":"ReadAction","target":["https:\/\/www.nivagelato.com\/pt-pt\/lojas\/"]}]},{"@type":"BreadcrumbList","@id":"https:\/\/www.nivagelato.com\/pt-pt\/lojas\/#breadcrumb","itemListElement":[{"@type":"ListItem","position":1,"name":"Home","item":"https:\/\/www.nivagelato.com\/pt-pt\/"},{"@type":"ListItem","position":2,"name":"Lojas"}]},{"@type":"WebSite","@id":"https:\/\/www.nivagelato.com\/pt-pt\/#website","url":"https:\/\/www.nivagelato.com\/pt-pt\/","name":"Niv\u00e0","description":"Viva Niv\u00e0","potentialAction":[{"@type":"SearchAction","target":{"@type":"EntryPoint","urlTemplate":"https:\/\/www.nivagelato.com\/pt-pt\/?s={search_term_string}"},"query-input":{"@type":"PropertyValueSpecification","valueRequired":true,"valueName":"search_term_string"}}],"inLanguage":"pt-PT"}]}},"_links":{"self":[{"href":"https:\/\/www.nivagelato.com\/pt-pt\/wp-json\/wp\/v2\/pages\/1365","targetHints":{"allow":["GET"]}}],"collection":[{"href":"https:\/\/www.nivagelato.com\/pt-pt\/wp-json\/wp\/v2\/pages"}],"about":[{"href":"https:\/\/www.nivagelato.com\/pt-pt\/wp-json\/wp\/v2\/types\/page"}],"author":[{"embeddable":true,"href":"https:\/\/www.nivagelato.com\/pt-pt\/wp-json\/wp\/v2\/users\/3"}],"replies":[{"embeddable":true,"href":"https:\/\/www.nivagelato.com\/pt-pt\/wp-json\/wp\/v2\/comments?post=1365"}],"version-history":[{"count":14,"href":"https:\/\/www.nivagelato.com\/pt-pt\/wp-json\/wp\/v2\/pages\/1365\/revisions"}],"predecessor-version":[{"id":4059,"href":"https:\/\/www.nivagelato.com\/pt-pt\/wp-json\/wp\/v2\/pages\/1365\/revisions\/4059"}],"wp:attachment":[{"href":"https:\/\/www.nivagelato.com\/pt-pt\/wp-json\/wp\/v2\/media?parent=1365"}],"curies":[{"name":"wp","href":"https:\/\/api.w.org\/{rel}","templated":true}]}}