{"id":1355,"date":"2025-05-14T12:16:35","date_gmt":"2025-05-14T10:16:35","guid":{"rendered":"https:\/\/www.nivagelato.com\/?page_id=1355"},"modified":"2025-11-19T12:16:28","modified_gmt":"2025-11-19T11:16:28","slug":"lavora-con-noi","status":"publish","type":"page","link":"https:\/\/www.nivagelato.com\/pt-pt\/lavora-con-noi\/","title":{"rendered":"Trabalha Conosco"},"content":{"rendered":"<section class=\"l-section wpb_row us_custom_d2e6af97 heading-header header-page height_medium with_img parallax_fixed\"><div class=\"l-section-img\" role=\"img\" aria-label=\"Coppetta di gelato al cioccolato Niv\u00e0\" data-img-width=\"1600\" data-img-height=\"639\" style=\"background-image: url(https:\/\/www.nivagelato.com\/wp-content\/uploads\/2025\/05\/apertura-gelataio-coppetta-cioccolato-1.jpeg);background-repeat: no-repeat;\"><\/div><div class=\"l-section-h i-cf\"><div class=\"g-cols vc_row via_flex valign_top type_default stacking_default\"><div class=\"vc_col-sm-12 wpb_column vc_column_container\"><div class=\"vc_column-inner\"><div class=\"wpb_wrapper\"><div class=\"wpb_text_column us_custom_a2ebf4ae\"><div class=\"wpb_wrapper\"><h1>Trabalha conosco<\/h1>\n<\/div><\/div><\/div><\/div><\/div><\/div><\/div><\/section><section class=\"l-section wpb_row height_medium\"><div class=\"l-section-h i-cf\"><div class=\"g-cols vc_row via_flex valign_top type_default stacking_default\"><div class=\"vc_col-sm-12 wpb_column vc_column_container\"><div class=\"vc_column-inner us_custom_eb849559\"><div class=\"wpb_wrapper\"><div class=\"wpb_text_column\"><div class=\"wpb_wrapper\"><h2>Escola de excel\u00eancia<\/h2>\n<p>Entrar na Niv\u00e0 significa fazer parte de uma fam\u00edlia onde a paix\u00e3o, a qualidade e o esp\u00edrito de equipa est\u00e3o no centro de tudo. Quer procures a tua primeira experi\u00eancia ou queiras colocar o teu talento ao servi\u00e7o de uma marca em crescimento, encontrar\u00e1s connosco um ambiente din\u00e2mico, elegante e aut\u00eantico, onde cada pessoa faz realmente a diferen\u00e7a.<\/p>\n<\/div><\/div><\/div><\/div><\/div><\/div><\/div><\/section><section class=\"l-section wpb_row height_medium\"><div class=\"l-section-h i-cf\"><div class=\"g-cols vc_row via_flex valign_top type_default stacking_default\"><div class=\"vc_col-sm-4 wpb_column vc_column_container custom-animation\"><div class=\"vc_column-inner us_custom_00e7c952 us_animate_this\"><div class=\"wpb_wrapper\"><div class=\"w-image us_custom_2e7f4f40 has_height align_none\"><div class=\"w-image-h\"><img decoding=\"async\" width=\"244\" height=\"284\" src=\"https:\/\/www.nivagelato.com\/wp-content\/uploads\/2025\/05\/icona-vector-doppio-rombo.png\" class=\"attachment-large size-large\" alt=\"Icona rombo\" loading=\"lazy\" \/><\/div><\/div><div class=\"wpb_text_column us_custom_ab60d7b5\"><div class=\"wpb_wrapper\"><h3>Paix\u00e3o e qualidade<\/h3>\n<\/div><\/div><div class=\"wpb_text_column\"><div class=\"wpb_wrapper\"><p>A nossa paix\u00e3o por um trabalho bem feito transparece em cada gelato, em cada sorriso e em cada detalhe. Na Niv\u00e0, a qualidade n\u00e3o \u00e9 apenas um objetivo, \u00e9 um valor que partilhamos todos os dias com quem trabalha connosco.<\/p>\n<\/div><\/div><\/div><\/div><\/div><div class=\"vc_col-sm-4 wpb_column vc_column_container custom-animation\"><div class=\"vc_column-inner us_custom_cb738455 us_animate_this\"><div class=\"wpb_wrapper\"><div class=\"w-image us_custom_b3536cde has_height align_none\"><div class=\"w-image-h\"><img decoding=\"async\" width=\"244\" height=\"284\" src=\"https:\/\/www.nivagelato.com\/wp-content\/uploads\/2025\/05\/icona-vector-doppio-rombo.png\" class=\"attachment-large size-large\" alt=\"Icona rombo\" loading=\"lazy\" \/><\/div><\/div><div class=\"wpb_text_column us_custom_ab60d7b5\"><div class=\"wpb_wrapper\"><h3>Esp\u00edrito de equipa<\/h3>\n<\/div><\/div><div class=\"wpb_text_column\"><div class=\"wpb_wrapper\"><p>Somos uma fam\u00edlia, e isso reflete-se na nossa forma de trabalhar. Colaboramos, apoiamo-nos uns aos outros e crescemos juntos, valorizando o contributo de todos para criar um ambiente de trabalho positivo e estimulante.<\/p>\n<\/div><\/div><\/div><\/div><\/div><div class=\"vc_col-sm-4 wpb_column vc_column_container custom-animation\"><div class=\"vc_column-inner us_custom_f44a0554 us_animate_this\"><div class=\"wpb_wrapper\"><div class=\"w-image us_custom_b3536cde has_height align_none\"><div class=\"w-image-h\"><img decoding=\"async\" width=\"244\" height=\"284\" src=\"https:\/\/www.nivagelato.com\/wp-content\/uploads\/2025\/05\/icona-vector-doppio-rombo.png\" class=\"attachment-large size-large\" alt=\"Icona rombo\" loading=\"lazy\" \/><\/div><\/div><div class=\"wpb_text_column us_custom_ab60d7b5\"><div class=\"wpb_wrapper\"><h3>Crescimento e oportunidades<\/h3>\n<\/div><\/div><div class=\"wpb_text_column\"><div class=\"wpb_wrapper\"><p>Acreditamos no talento e no empenho e oferecemos a quem trabalha connosco a oportunidade de crescer, aprender e construir uma carreira s\u00f3lida dentro de uma marca em constante expans\u00e3o.<\/p>\n<\/div><\/div><\/div><\/div><\/div><\/div><\/div><\/section><section class=\"l-section wpb_row us_custom_473b7308 height_medium with_img parallax_fixed\"><div class=\"l-section-img\" role=\"img\" aria-label=\"Vaschetta di gelato Niv\u00e0\" data-img-width=\"1438\" data-img-height=\"660\" style=\"background-image: url(https:\/\/www.nivagelato.com\/wp-content\/uploads\/2025\/06\/cioccolato-niva-gelato-e1764695463411.jpg);background-repeat: no-repeat;\"><\/div><div class=\"l-section-h i-cf\"><div class=\"g-cols vc_row via_flex valign_top type_default stacking_default\"><div class=\"vc_col-sm-12 wpb_column vc_column_container\"><div class=\"vc_column-inner\"><div class=\"wpb_wrapper\"><\/div><\/div><\/div><\/div><\/div><\/section><section class=\"l-section wpb_row us_custom_b3231f98 background-beige height_medium\"><div class=\"l-section-h i-cf\"><div class=\"g-cols vc_row via_flex valign_top type_default stacking_default\"><div class=\"vc_col-sm-5 wpb_column vc_column_container\"><div class=\"vc_column-inner\"><div class=\"wpb_wrapper\"><div class=\"wpb_text_column us_custom_8e09cc6b\"><div class=\"wpb_wrapper\"><h2>Candida-se<\/h2>\n<\/div><\/div><div class=\"wpb_text_column before-triangle\"><div class=\"wpb_wrapper\"><p data-start=\"259\" data-end=\"345\">Preencha o formul\u00e1rio, entraremos em contato dentro de 48 horas.<\/p>\n<\/div><\/div><\/div><\/div><\/div><div class=\"vc_col-sm-1 wpb_column vc_column_container\"><div class=\"vc_column-inner\"><div class=\"wpb_wrapper\"><\/div><\/div><\/div><div class=\"vc_col-sm-6 wpb_column vc_column_container contact-form\"><div class=\"vc_column-inner\"><div class=\"wpb_wrapper\">\n<div class=\"wpcf7 no-js\" id=\"wpcf7-f1513-o1\" lang=\"pt-PT\" dir=\"ltr\" data-wpcf7-id=\"1513\">\n<div class=\"screen-reader-response\"><p role=\"status\" aria-live=\"polite\" aria-atomic=\"true\"><\/p> <ul><\/ul><\/div>\n<form action=\"\/pt-pt\/wp-json\/wp\/v2\/pages\/1355#wpcf7-f1513-o1\" method=\"post\" class=\"wpcf7-form init\" aria-label=\"Formul\u00e1rio de contacto\" enctype=\"multipart\/form-data\" novalidate=\"novalidate\" data-status=\"init\">\n<fieldset class=\"hidden-fields-container\"><input type=\"hidden\" name=\"_wpcf7\" value=\"1513\" \/><input type=\"hidden\" name=\"_wpcf7_version\" value=\"6.1.5\" \/><input type=\"hidden\" name=\"_wpcf7_locale\" value=\"pt_PT\" \/><input type=\"hidden\" name=\"_wpcf7_unit_tag\" value=\"wpcf7-f1513-o1\" \/><input type=\"hidden\" name=\"_wpcf7_container_post\" value=\"0\" \/><input type=\"hidden\" name=\"_wpcf7_posted_data_hash\" value=\"\" \/><input type=\"hidden\" name=\"_wpcf7_recaptcha_response\" value=\"\" \/>\n<\/fieldset>\n<p><label> Nome e Apelido*<br \/>\n<span class=\"wpcf7-form-control-wrap\" data-name=\"your-name\"><input size=\"40\" maxlength=\"400\" class=\"wpcf7-form-control wpcf7-text wpcf7-validates-as-required name-input-form\" autocomplete=\"name\" aria-required=\"true\" aria-invalid=\"false\" value=\"\" type=\"text\" name=\"your-name\" \/><\/span> <\/label>\n<\/p>\n<p><label> Email*<br \/>\n<span class=\"wpcf7-form-control-wrap\" data-name=\"your-email\"><input size=\"40\" maxlength=\"400\" class=\"wpcf7-form-control wpcf7-email wpcf7-validates-as-required wpcf7-text wpcf7-validates-as-email email-input-form\" autocomplete=\"email\" aria-required=\"true\" aria-invalid=\"false\" value=\"\" type=\"email\" name=\"your-email\" \/><\/span> <\/label>\n<\/p>\n<p><label> Cidade em causa*<br \/>\n<span class=\"wpcf7-form-control-wrap\" data-name=\"your-city\"><input size=\"40\" maxlength=\"400\" class=\"wpcf7-form-control wpcf7-text wpcf7-validates-as-required city-input-form\" autocomplete=\"name\" aria-required=\"true\" aria-invalid=\"false\" value=\"\" type=\"text\" name=\"your-city\" \/><\/span> <\/label>\n<\/p>\n<p><label> A que emprego se est\u00e1 a candidatar?<br \/>\n<span class=\"wpcf7-form-control-wrap\" data-name=\"your-job\"><input size=\"40\" maxlength=\"400\" class=\"wpcf7-form-control wpcf7-text wpcf7-validates-as-required name-input-form\" autocomplete=\"name\" aria-required=\"true\" aria-invalid=\"false\" value=\"\" type=\"text\" name=\"your-job\" \/><\/span> <\/label>\n<\/p>\n<p><label> Anexe o seu CV<br \/>\n<span class=\"wpcf7-form-control-wrap\" data-name=\"your-file\"><input size=\"40\" class=\"wpcf7-form-control wpcf7-file wpcf7-validates-as-required upload-input-form\" accept=\".png,.txt,.doc,.pdf\" aria-required=\"true\" aria-invalid=\"false\" type=\"file\" name=\"your-file\" \/><\/span> <\/label>\n<\/p>\n<p><label> Mensagem<br \/>\n<span class=\"wpcf7-form-control-wrap\" data-name=\"your-message\"><textarea cols=\"40\" rows=\"10\" maxlength=\"2000\" class=\"wpcf7-form-control wpcf7-textarea message-input-form\" aria-invalid=\"false\" name=\"your-message\"><\/textarea><\/span> <\/label>\n<\/p>\n<p><span class=\"wpcf7-form-control-wrap\" data-name=\"acceptance-501\"><span class=\"wpcf7-form-control wpcf7-acceptance\"><span class=\"wpcf7-list-item\"><label><input type=\"checkbox\" name=\"acceptance-501\" value=\"1\" class=\"acceptance-input-form\" aria-invalid=\"false\" \/><span class=\"wpcf7-list-item-label\">Li e aceito a <a href=\"https:\/\/www.iubenda.com\/privacy-policy\/43988959\" target=\"_blank\"><strong>pol\u00edtica de privacidade<\/strong>  <\/a><\/span><\/label><\/span><\/span><\/span>\n<\/p>\n<p><input class=\"wpcf7-form-control wpcf7-submit has-spinner\" type=\"submit\" value=\"Enviar\" \/>\n<\/p><div class=\"wpcf7-response-output\" aria-hidden=\"true\"><\/div>\n<\/form>\n<\/div>\n<\/div><\/div><\/div><\/div><\/div><\/section>\n","protected":false},"excerpt":{"rendered":"Trabalha conosco Escola de excel\u00eancia Entrar na Niv\u00e0 significa fazer parte de uma fam\u00edlia onde a paix\u00e3o, a qualidade e o esp\u00edrito de equipa est\u00e3o no centro de tudo. Quer procures a tua primeira experi\u00eancia ou queiras colocar o teu talento ao servi\u00e7o de uma marca em crescimento, encontrar\u00e1s connosco um ambiente din\u00e2mico, elegante e...","protected":false},"author":3,"featured_media":0,"parent":0,"menu_order":0,"comment_status":"closed","ping_status":"closed","template":"","meta":{"_acf_changed":false,"footnotes":""},"class_list":["post-1355","page","type-page","status-publish","hentry"],"acf":[],"yoast_head":"<!-- This site is optimized with the Yoast SEO plugin v27.4 - https:\/\/yoast.com\/product\/yoast-seo-wordpress\/ -->\n<title>Trabalha Conosco - Niv\u00e0<\/title>\n<meta name=\"robots\" content=\"index, follow, max-snippet:-1, max-image-preview:large, max-video-preview:-1\" \/>\n<link rel=\"canonical\" href=\"https:\/\/www.nivagelato.com\/pt-pt\/lavora-con-noi\/\" \/>\n<meta property=\"og:locale\" content=\"pt_PT\" \/>\n<meta property=\"og:type\" content=\"article\" \/>\n<meta property=\"og:title\" content=\"Trabalha Conosco - Niv\u00e0\" \/>\n<meta property=\"og:url\" content=\"https:\/\/www.nivagelato.com\/pt-pt\/lavora-con-noi\/\" \/>\n<meta property=\"og:site_name\" content=\"Niv\u00e0\" \/>\n<meta property=\"article:modified_time\" content=\"2025-11-19T11:16:28+00:00\" \/>\n<meta name=\"twitter:card\" content=\"summary_large_image\" \/>\n<meta name=\"twitter:label1\" content=\"Tempo estimado de leitura\" \/>\n\t<meta name=\"twitter:data1\" content=\"2 minutos\" \/>\n<script type=\"application\/ld+json\" class=\"yoast-schema-graph\">{\"@context\":\"https:\\\/\\\/schema.org\",\"@graph\":[{\"@type\":\"WebPage\",\"@id\":\"https:\\\/\\\/www.nivagelato.com\\\/pt-pt\\\/lavora-con-noi\\\/\",\"url\":\"https:\\\/\\\/www.nivagelato.com\\\/pt-pt\\\/lavora-con-noi\\\/\",\"name\":\"Trabalha Conosco - Niv\u00e0\",\"isPartOf\":{\"@id\":\"https:\\\/\\\/www.nivagelato.com\\\/pt-pt\\\/#website\"},\"datePublished\":\"2025-05-14T10:16:35+00:00\",\"dateModified\":\"2025-11-19T11:16:28+00:00\",\"breadcrumb\":{\"@id\":\"https:\\\/\\\/www.nivagelato.com\\\/pt-pt\\\/lavora-con-noi\\\/#breadcrumb\"},\"inLanguage\":\"pt-PT\",\"potentialAction\":[{\"@type\":\"ReadAction\",\"target\":[\"https:\\\/\\\/www.nivagelato.com\\\/pt-pt\\\/lavora-con-noi\\\/\"]}]},{\"@type\":\"BreadcrumbList\",\"@id\":\"https:\\\/\\\/www.nivagelato.com\\\/pt-pt\\\/lavora-con-noi\\\/#breadcrumb\",\"itemListElement\":[{\"@type\":\"ListItem\",\"position\":1,\"name\":\"Home\",\"item\":\"https:\\\/\\\/www.nivagelato.com\\\/pt-pt\\\/\"},{\"@type\":\"ListItem\",\"position\":2,\"name\":\"Trabalha Conosco\"}]},{\"@type\":\"WebSite\",\"@id\":\"https:\\\/\\\/www.nivagelato.com\\\/pt-pt\\\/#website\",\"url\":\"https:\\\/\\\/www.nivagelato.com\\\/pt-pt\\\/\",\"name\":\"Niv\u00e0\",\"description\":\"Viva Niv\u00e0\",\"potentialAction\":[{\"@type\":\"SearchAction\",\"target\":{\"@type\":\"EntryPoint\",\"urlTemplate\":\"https:\\\/\\\/www.nivagelato.com\\\/pt-pt\\\/?s={search_term_string}\"},\"query-input\":{\"@type\":\"PropertyValueSpecification\",\"valueRequired\":true,\"valueName\":\"search_term_string\"}}],\"inLanguage\":\"pt-PT\"}]}<\/script>\n<!-- \/ Yoast SEO plugin. -->","yoast_head_json":{"title":"Trabalha Conosco - Niv\u00e0","robots":{"index":"index","follow":"follow","max-snippet":"max-snippet:-1","max-image-preview":"max-image-preview:large","max-video-preview":"max-video-preview:-1"},"canonical":"https:\/\/www.nivagelato.com\/pt-pt\/lavora-con-noi\/","og_locale":"pt_PT","og_type":"article","og_title":"Trabalha Conosco - Niv\u00e0","og_url":"https:\/\/www.nivagelato.com\/pt-pt\/lavora-con-noi\/","og_site_name":"Niv\u00e0","article_modified_time":"2025-11-19T11:16:28+00:00","twitter_card":"summary_large_image","twitter_misc":{"Tempo estimado de leitura":"2 minutos"},"schema":{"@context":"https:\/\/schema.org","@graph":[{"@type":"WebPage","@id":"https:\/\/www.nivagelato.com\/pt-pt\/lavora-con-noi\/","url":"https:\/\/www.nivagelato.com\/pt-pt\/lavora-con-noi\/","name":"Trabalha Conosco - Niv\u00e0","isPartOf":{"@id":"https:\/\/www.nivagelato.com\/pt-pt\/#website"},"datePublished":"2025-05-14T10:16:35+00:00","dateModified":"2025-11-19T11:16:28+00:00","breadcrumb":{"@id":"https:\/\/www.nivagelato.com\/pt-pt\/lavora-con-noi\/#breadcrumb"},"inLanguage":"pt-PT","potentialAction":[{"@type":"ReadAction","target":["https:\/\/www.nivagelato.com\/pt-pt\/lavora-con-noi\/"]}]},{"@type":"BreadcrumbList","@id":"https:\/\/www.nivagelato.com\/pt-pt\/lavora-con-noi\/#breadcrumb","itemListElement":[{"@type":"ListItem","position":1,"name":"Home","item":"https:\/\/www.nivagelato.com\/pt-pt\/"},{"@type":"ListItem","position":2,"name":"Trabalha Conosco"}]},{"@type":"WebSite","@id":"https:\/\/www.nivagelato.com\/pt-pt\/#website","url":"https:\/\/www.nivagelato.com\/pt-pt\/","name":"Niv\u00e0","description":"Viva Niv\u00e0","potentialAction":[{"@type":"SearchAction","target":{"@type":"EntryPoint","urlTemplate":"https:\/\/www.nivagelato.com\/pt-pt\/?s={search_term_string}"},"query-input":{"@type":"PropertyValueSpecification","valueRequired":true,"valueName":"search_term_string"}}],"inLanguage":"pt-PT"}]}},"_links":{"self":[{"href":"https:\/\/www.nivagelato.com\/pt-pt\/wp-json\/wp\/v2\/pages\/1355","targetHints":{"allow":["GET"]}}],"collection":[{"href":"https:\/\/www.nivagelato.com\/pt-pt\/wp-json\/wp\/v2\/pages"}],"about":[{"href":"https:\/\/www.nivagelato.com\/pt-pt\/wp-json\/wp\/v2\/types\/page"}],"author":[{"embeddable":true,"href":"https:\/\/www.nivagelato.com\/pt-pt\/wp-json\/wp\/v2\/users\/3"}],"replies":[{"embeddable":true,"href":"https:\/\/www.nivagelato.com\/pt-pt\/wp-json\/wp\/v2\/comments?post=1355"}],"version-history":[{"count":8,"href":"https:\/\/www.nivagelato.com\/pt-pt\/wp-json\/wp\/v2\/pages\/1355\/revisions"}],"predecessor-version":[{"id":2106,"href":"https:\/\/www.nivagelato.com\/pt-pt\/wp-json\/wp\/v2\/pages\/1355\/revisions\/2106"}],"wp:attachment":[{"href":"https:\/\/www.nivagelato.com\/pt-pt\/wp-json\/wp\/v2\/media?parent=1355"}],"curies":[{"name":"wp","href":"https:\/\/api.w.org\/{rel}","templated":true}]}}