{"id":1340,"date":"2025-05-14T12:50:47","date_gmt":"2025-05-14T10:50:47","guid":{"rendered":"https:\/\/www.nivagelato.com\/?page_id=1340"},"modified":"2025-11-25T14:42:44","modified_gmt":"2025-11-25T13:42:44","slug":"unisciti-a-noi","status":"publish","type":"page","link":"https:\/\/www.nivagelato.com\/pt-pt\/unisciti-a-noi\/","title":{"rendered":"Junte-se a n\u00f3s"},"content":{"rendered":"<section class=\"l-section wpb_row us_custom_d2e6af97 heading-header header-page height_medium with_img parallax_fixed\"><div class=\"l-section-img\" role=\"img\" aria-label=\"Vaschetta di gelato Niv\u00e0\" data-img-width=\"1600\" data-img-height=\"639\" style=\"background-image: url(https:\/\/www.nivagelato.com\/wp-content\/uploads\/2025\/05\/apertura-macchinario-gelato-1.jpeg);background-repeat: no-repeat;\"><\/div><div class=\"l-section-h i-cf\"><div class=\"g-cols vc_row via_flex valign_top type_default stacking_default\"><div class=\"vc_col-sm-12 wpb_column vc_column_container\"><div class=\"vc_column-inner\"><div class=\"wpb_wrapper\"><div class=\"wpb_text_column us_custom_a2ebf4ae\"><div class=\"wpb_wrapper\"><h1>Junte-se a n\u00f3s<\/h1>\n<\/div><\/div><\/div><\/div><\/div><\/div><\/div><\/section><section class=\"l-section wpb_row height_medium\"><div class=\"l-section-h i-cf\"><div class=\"g-cols vc_row via_flex valign_top type_default stacking_default\"><div class=\"vc_col-sm-12 wpb_column vc_column_container\"><div class=\"vc_column-inner us_custom_eb849559\"><div class=\"wpb_wrapper\"><div class=\"wpb_text_column\"><div class=\"wpb_wrapper\"><h2>Leve o sabor de Niv\u00e0 \u00e0 sua cidade<\/h2>\n<p>Leve a excel\u00eancia da Niv\u00e0 \u00e0 sua cidade e fa\u00e7a parte de uma hist\u00f3ria de paix\u00e3o, qualidade e sucesso. Com a nossa experi\u00eancia, uma marca reconhecida e apoio cont\u00ednuo, abrir uma gelataria Niv\u00e0 significa unir-se a um projeto s\u00f3lido e partilhar a nossa vis\u00e3o do aut\u00eantico gelato artesanal italiano. Uma oportunidade para crescermos juntos, com o sabor e o estilo que nos distinguem.<\/p>\n<\/div><\/div><\/div><\/div><\/div><\/div><\/div><\/section><section class=\"l-section wpb_row height_medium\"><div class=\"l-section-h i-cf\"><div class=\"g-cols vc_row via_flex valign_top type_default stacking_default\"><div class=\"vc_col-sm-4 wpb_column vc_column_container custom-animation\"><div class=\"vc_column-inner us_custom_00e7c952 us_animate_this\"><div class=\"wpb_wrapper\"><div class=\"w-image us_custom_2e7f4f40 has_height align_none\"><div class=\"w-image-h\"><img decoding=\"async\" width=\"244\" height=\"284\" src=\"https:\/\/www.nivagelato.com\/wp-content\/uploads\/2025\/05\/icona-vector-doppio-rombo.png\" class=\"attachment-large size-large\" alt=\"Icona rombo\" loading=\"lazy\" \/><\/div><\/div><div class=\"wpb_text_column us_custom_ab60d7b5\"><div class=\"wpb_wrapper\"><h3>Risco reduzido<\/h3>\n<\/div><\/div><div class=\"wpb_text_column\"><div class=\"wpb_wrapper\"><p>Juntar-se \u00e0 Niv\u00e0 significa come\u00e7ar com uma base s\u00f3lida: um formato comprovado, fornecedores selecionados, receitas testadas e expertise adquirida ao longo de anos de experi\u00eancia. Tudo isto permite minimizar riscos e focar-se no crescimento da sua loja.<\/p>\n<\/div><\/div><\/div><\/div><\/div><div class=\"vc_col-sm-4 wpb_column vc_column_container custom-animation\"><div class=\"vc_column-inner us_custom_cb738455 us_animate_this\"><div class=\"wpb_wrapper\"><div class=\"w-image us_custom_b3536cde has_height align_none\"><div class=\"w-image-h\"><img decoding=\"async\" width=\"244\" height=\"284\" src=\"https:\/\/www.nivagelato.com\/wp-content\/uploads\/2025\/05\/icona-vector-doppio-rombo.png\" class=\"attachment-large size-large\" alt=\"Icona rombo\" loading=\"lazy\" \/><\/div><\/div><div class=\"wpb_text_column us_custom_ab60d7b5\"><div class=\"wpb_wrapper\"><h3>Brand awareness<\/h3>\n<\/div><\/div><div class=\"wpb_text_column\"><div class=\"wpb_wrapper\"><p>A Niv\u00e0 \u00e9 uma marca reconhecida e premiada, sin\u00f3nimo de qualidade e requinte. Abrir uma gelataria Niv\u00e0 significa capitalizar essa reputa\u00e7\u00e3o, atraindo imediatamente clientes que procuram uma experi\u00eancia aut\u00eantica e de alta qualidade.<\/p>\n<\/div><\/div><\/div><\/div><\/div><div class=\"vc_col-sm-4 wpb_column vc_column_container custom-animation\"><div class=\"vc_column-inner us_custom_f44a0554 us_animate_this\"><div class=\"wpb_wrapper\"><div class=\"w-image us_custom_b3536cde has_height align_none\"><div class=\"w-image-h\"><img decoding=\"async\" width=\"244\" height=\"284\" src=\"https:\/\/www.nivagelato.com\/wp-content\/uploads\/2025\/05\/icona-vector-doppio-rombo.png\" class=\"attachment-large size-large\" alt=\"Icona rombo\" loading=\"lazy\" \/><\/div><\/div><div class=\"wpb_text_column us_custom_ab60d7b5\"><div class=\"wpb_wrapper\"><div id=\"tw-container\" class=\"nev7se\" data-cp=\"1\" data-nnttsvi=\"1\" data-sletp=\"false\" data-sm=\"1\" data-ssbp=\"false\" data-sugg-time=\"500\" data-sugg-url=\"https:\/\/clients1.google.com\/complete\/search\" data-uilc=\"en\" data-vil=\",af,af-ZA,am,am-ET,ar-EG,ar-AE,ar-KW,ar-QA,ar,ar-IL,ar-JO,ar-LB,ar-PS,az,az-AZ,bg,bg-BG,bn,bn-BD,bn-IN,ca,ca-es,cs,cs-CZ,de,de-DE,de-CH,de-AT,de-LI,en,en-US,en-CA,en-AU,en-NZ,en-GB,en-IN,en-KE,en-TZ,en-NG,en-GH,en-PH,en-ZA,es,es-ES,es-AR,es-UY,es-419,es-BO,es-CL,es-CR,es-CO,es-DO,es-EC,es-GT,es-HN,es-NI,es-PA,es-PE,es-PR,es-PY,es-SV,es-VE,es-MX,es-US,eu,eu-ES,fi,fi-FI,fr,fr-FR,fr-CH,fr-BE,gl,gl-ES,gu,gu-IN,he,he-IL,iw,iw-IL,hu,hu-HU,hy,hy-AM,id,id-ID,is,is-IS,it,it-IT,it-CH,ja,ja-JP,jv,jv-ID,ka,ka-GE,km,km-KH,kn,kn-IN,ko,ko-KR,la,lo,lo-LA,lv,lv-LV,ml,ml-IN,mr,mr-IN,ms,ms-MY,nl,nl-NL,nb,nb-NO,ne,ne-NP,pl,pl-PL,pt,pt-BR,pt-PT,ro,ro-RO,ru,ru-RU,si-LK,sk,sk-SK,sr,sr-RS,su,su-ID,sv,sv-SE,sw,sw-TZ,sw-KE,ta,ta-IN,ta-SG,ta-LK,ta-MY,te,te-IN,tr,tr-TR,ur,ur-PK,ur-IN,yue,yue-HK,yue-Hant-HK,zh-HK,zh,zh-CN,zh-cmn,zh-cmn-CN,zh-Hans,zh-Hans-CN,zh-cmn-Hans,zh-cmn-Hans-CN,cmn-CN,cmn-Hans,cmn-Hans-CN,zh-TW,zh-Hant-TW,cmn-TW,cmn-Hant-TW,zh-cmn-TW,zh-cmn-Hant-TW,zu,zu-ZA,hi,hi-IN,tl,tl-PH,pa,pa-IN\">\n<div id=\"tw-ob\" class=\"tw-src-ltr\">\n<div class=\"oSioSc\">\n<div id=\"tw-target\">\n<div id=\"kAz1tf\" class=\"g9WsWb PZPZlf\" data-attrid=\"tw-targetArea\" data-entityname=\"Google Translate\">\n<div id=\"tw-target-text-container\" class=\"tw-ta-container tw-nfl\" tabindex=\"0\" role=\"text\">\n<h3 id=\"tw-target-text\" class=\"tw-data-text tw-text-large tw-ta\" dir=\"ltr\" tabindex=\"-1\" role=\"text\" data-placeholder=\"Translation\" aria-label=\"Translated text: Forma\u00e7\u00e3o e suporte\" data-ved=\"2ahUKEwiAloah26GQAxWdhv0HHT7fJDIQ3ewLegQIFhAV\"><span class=\"Y2IQFc\" lang=\"pt-PT\">Forma\u00e7\u00e3o e suporte<\/span><\/h3>\n<\/div>\n<\/div>\n<\/div>\n<\/div>\n<\/div>\n<\/div>\n<\/div><\/div><div class=\"wpb_text_column\"><div class=\"wpb_wrapper\"><p>Nunca estar\u00e1 sozinho: desde o momento em que decidir abrir o seu neg\u00f3cio e mais al\u00e9m, a nossa equipa estar\u00e1 consigo em cada etapa do caminho. Forma\u00e7\u00e3o t\u00e9cnica, apoio \u00e0 gest\u00e3o, comunica\u00e7\u00e3o e marketing: a Niv\u00e0 est\u00e1 sempre ao seu lado para garantir o sucesso do seu projeto.<\/p>\n<\/div><\/div><\/div><\/div><\/div><\/div><\/div><\/section><section class=\"l-section wpb_row us_custom_473b7308 height_medium with_img parallax_fixed\"><div class=\"l-section-img\" role=\"img\" aria-label=\"Nocciole\" data-img-width=\"1440\" data-img-height=\"1065\" style=\"background-image: url(https:\/\/www.nivagelato.com\/wp-content\/uploads\/2025\/06\/nocciole-niva-gelato-last.jpg);background-repeat: no-repeat;\"><\/div><div class=\"l-section-h i-cf\"><div class=\"g-cols vc_row via_flex valign_top type_default stacking_default\"><div class=\"vc_col-sm-12 wpb_column vc_column_container\"><div class=\"vc_column-inner\"><div class=\"wpb_wrapper\"><\/div><\/div><\/div><\/div><\/div><\/section><section class=\"l-section wpb_row us_custom_edb423b1 height_medium\"><div class=\"l-section-h i-cf\"><div class=\"g-cols vc_row via_flex valign_top type_default stacking_default\"><div class=\"vc_col-sm-12 wpb_column vc_column_container section-unisciti-noi\"><div class=\"vc_column-inner us_custom_8830be7d\"><div class=\"wpb_wrapper\"><div class=\"g-cols wpb_row column-reverse via_flex valign_top type_default stacking_default\"><div class=\"vc_col-sm-6 wpb_column vc_column_container\"><div class=\"vc_column-inner us_custom_1a5f66a3\"><div class=\"wpb_wrapper\">[vc_single_image image=&#8221;2324&#8243; img_size=&#8221;571px&#8221; css=&#8221;&#8221;]<\/div><\/div><\/div><div class=\"vc_col-sm-6 wpb_column vc_column_container column-flex-center\"><div class=\"vc_column-inner us_custom_6fc89685\"><div class=\"wpb_wrapper\"><div class=\"wpb_text_column us_custom_8e09cc6b\"><div class=\"wpb_wrapper\"><h2>Requisitos<\/h2>\n<\/div><\/div><div class=\"wpb_text_column before-triangle\"><div class=\"wpb_wrapper\"><p>Procuramos pessoas motivadas, apaixonadas pela qualidade e com vontade de crescer connosco. N\u00e3o \u00e9 necess\u00e1ria experi\u00eancia espec\u00edfica em gelato, mas o esp\u00edrito empreendedor, a aten\u00e7\u00e3o ao detalhe e a vontade de oferecer um servi\u00e7o de excel\u00eancia s\u00e3o essenciais.<br \/>\nSe partilha os nossos valores e sonha em levar o sabor de Niv\u00e0 \u00e0 sua cidade, estamos prontos para o conhecer!<\/p>\n<\/div><\/div><\/div><\/div><\/div><\/div><div class=\"g-cols wpb_row us_custom_60e2fcc7 single-icon via_flex valign_top type_default stacking_default\"><div class=\"vc_col-sm-12 wpb_column vc_column_container\"><div class=\"vc_column-inner\"><div class=\"wpb_wrapper\">[vc_single_image image=&#8221;118&#8243; img_size=&#8221;111pxx186px&#8221; alignment=&#8221;center&#8221; css=&#8221;&#8221;]<\/div><\/div><\/div><\/div><div class=\"g-cols wpb_row via_flex valign_top type_default stacking_default\"><div class=\"vc_col-sm-6 wpb_column vc_column_container\"><div class=\"vc_column-inner us_custom_6fc89685\"><div class=\"wpb_wrapper\"><div class=\"wpb_text_column us_custom_8e09cc6b\"><div class=\"wpb_wrapper\"><h2>Venha visitar-nos<\/h2>\n<\/div><\/div><div class=\"wpb_text_column before-triangle\"><div class=\"wpb_wrapper\"><p>Quer descobrir por si mesmo o que torna o mundo Niv\u00e0 especial? Aguardamos a sua visita nas nossas lojas, onde a eleg\u00e2ncia e o sabor se encontram todos os dias. Experimente as nossas especialidades e delicie-se com um aut\u00eantico gelato artesanal italiano.<\/p>\n<\/div><\/div><div class=\"w-btn-wrapper align_none\"><a class=\"w-btn us-btn-style_1 us_custom_00cb81a0\" href=\"\/locali\"><span class=\"w-btn-label\">Descobre as lojas<\/span><\/a><\/div><\/div><\/div><\/div><div class=\"vc_col-sm-6 wpb_column vc_column_container\"><div class=\"vc_column-inner us_custom_1a5f66a3\"><div class=\"wpb_wrapper\">[vc_single_image image=&#8221;2316&#8243; img_size=&#8221;571px&#8221; alignment=&#8221;right&#8221; css=&#8221;&#8221;]<\/div><\/div><\/div><\/div><\/div><\/div><\/div><\/div><\/div><\/section><section class=\"l-section wpb_row us_custom_5f214bcb background-beige height_medium\"><div class=\"l-section-h i-cf\"><div class=\"g-cols vc_row via_flex valign_top type_default stacking_default\"><div class=\"vc_col-sm-5 wpb_column vc_column_container\"><div class=\"vc_column-inner\"><div class=\"wpb_wrapper\"><div class=\"wpb_text_column us_custom_8e09cc6b\"><div class=\"wpb_wrapper\"><h2>Conte-nos a sua hist\u00f3ria<\/h2>\n<\/div><\/div><div class=\"wpb_text_column before-triangle\"><div class=\"wpb_wrapper\"><p>Cada historia \u00e9 \u00fanica, e gostar\u00edamos muito de saber a sua. Conte-nos quem \u00e9, quais as suas experi\u00eancias e porque deseja juntar-se ao mundo Niv\u00e0. Preencha o formul\u00e1rio e, quem sabe&#8230; a pr\u00f3xima hist\u00f3ria de sucesso pode ser a sua!<\/p>\n<\/div><\/div><\/div><\/div><\/div><div class=\"vc_col-sm-1 wpb_column vc_column_container\"><div class=\"vc_column-inner\"><div class=\"wpb_wrapper\"><\/div><\/div><\/div><div class=\"vc_col-sm-6 wpb_column vc_column_container contact-form\"><div class=\"vc_column-inner\"><div class=\"wpb_wrapper\">\n<div class=\"wpcf7 no-js\" id=\"wpcf7-f1510-o1\" lang=\"pt-PT\" dir=\"ltr\" data-wpcf7-id=\"1510\">\n<div class=\"screen-reader-response\"><p role=\"status\" aria-live=\"polite\" aria-atomic=\"true\"><\/p> <ul><\/ul><\/div>\n<form action=\"\/pt-pt\/wp-json\/wp\/v2\/pages\/1340#wpcf7-f1510-o1\" method=\"post\" class=\"wpcf7-form init\" aria-label=\"Formul\u00e1rio de contacto\" novalidate=\"novalidate\" data-status=\"init\">\n<fieldset class=\"hidden-fields-container\"><input type=\"hidden\" name=\"_wpcf7\" value=\"1510\" \/><input type=\"hidden\" name=\"_wpcf7_version\" value=\"6.1.5\" \/><input type=\"hidden\" name=\"_wpcf7_locale\" value=\"pt_PT\" \/><input type=\"hidden\" name=\"_wpcf7_unit_tag\" value=\"wpcf7-f1510-o1\" \/><input type=\"hidden\" name=\"_wpcf7_container_post\" value=\"0\" \/><input type=\"hidden\" name=\"_wpcf7_posted_data_hash\" value=\"\" \/><input type=\"hidden\" name=\"_wpcf7_recaptcha_response\" value=\"\" \/>\n<\/fieldset>\n<p><label class=\"title-form\"> Por que voc\u00ea quer fazer parte da Niv\u00e0?<br \/>\n<span class=\"wpcf7-form-control-wrap\" data-name=\"your-message\"><textarea cols=\"40\" rows=\"10\" maxlength=\"2000\" class=\"wpcf7-form-control wpcf7-textarea message-input-form\" aria-invalid=\"false\" name=\"your-message\"><\/textarea><\/span> <\/label>\n<\/p>\n<p><label> Nome e Apelido*<br \/>\n<span class=\"wpcf7-form-control-wrap\" data-name=\"your-name\"><input size=\"40\" maxlength=\"400\" class=\"wpcf7-form-control wpcf7-text wpcf7-validates-as-required name-input-form\" autocomplete=\"name\" aria-required=\"true\" aria-invalid=\"false\" value=\"\" type=\"text\" name=\"your-name\" \/><\/span> <\/label>\n<\/p>\n<p><label> Email*<br \/>\n<span class=\"wpcf7-form-control-wrap\" data-name=\"your-email\"><input size=\"40\" maxlength=\"400\" class=\"wpcf7-form-control wpcf7-email wpcf7-validates-as-required wpcf7-text wpcf7-validates-as-email email-input-form\" autocomplete=\"email\" aria-required=\"true\" aria-invalid=\"false\" value=\"\" type=\"email\" name=\"your-email\" \/><\/span> <\/label>\n<\/p>\n<p><label> Pa\u00eds*<br \/>\n<span class=\"wpcf7-form-control-wrap\" data-name=\"your-country\"><input size=\"40\" maxlength=\"400\" class=\"wpcf7-form-control wpcf7-text wpcf7-validates-as-required country-input-form\" autocomplete=\"name\" aria-required=\"true\" aria-invalid=\"false\" value=\"\" type=\"text\" name=\"your-country\" \/><\/span> <\/label>\n<\/p>\n<p><label> Cidade*<br \/>\n<span class=\"wpcf7-form-control-wrap\" data-name=\"your-city\"><input size=\"40\" maxlength=\"400\" class=\"wpcf7-form-control wpcf7-text wpcf7-validates-as-required city-input-form\" autocomplete=\"name\" aria-required=\"true\" aria-invalid=\"false\" value=\"\" type=\"text\" name=\"your-city\" \/><\/span> <\/label>\n<\/p>\n<p><span class=\"wpcf7-form-control-wrap\" data-name=\"acceptance-501\"><span class=\"wpcf7-form-control wpcf7-acceptance\"><span class=\"wpcf7-list-item\"><label><input type=\"checkbox\" name=\"acceptance-501\" value=\"1\" class=\"acceptance-input-form\" aria-invalid=\"false\" \/><span class=\"wpcf7-list-item-label\">Li e aceito a <a href=\"https:\/\/www.iubenda.com\/privacy-policy\/43988959\" target=\"_blank\"><strong>pol\u00edtica de privacidade<\/strong>  <\/a><\/span><\/label><\/span><\/span><\/span>\n<\/p>\n<p><input class=\"wpcf7-form-control wpcf7-submit has-spinner\" type=\"submit\" value=\"Enviar\" \/>\n<\/p><div class=\"wpcf7-response-output\" aria-hidden=\"true\"><\/div>\n<\/form>\n<\/div>\n<\/div><\/div><\/div><\/div><\/div><\/section>\n","protected":false},"excerpt":{"rendered":"Junte-se a n\u00f3s Leve o sabor de Niv\u00e0 \u00e0 sua cidade Leve a excel\u00eancia da Niv\u00e0 \u00e0 sua cidade e fa\u00e7a parte de uma hist\u00f3ria de paix\u00e3o, qualidade e sucesso. Com a nossa experi\u00eancia, uma marca reconhecida e apoio cont\u00ednuo, abrir uma gelataria Niv\u00e0 significa unir-se a um projeto s\u00f3lido e partilhar a nossa vis\u00e3o...","protected":false},"author":3,"featured_media":0,"parent":0,"menu_order":0,"comment_status":"closed","ping_status":"closed","template":"","meta":{"_acf_changed":false,"footnotes":""},"class_list":["post-1340","page","type-page","status-publish","hentry"],"acf":[],"yoast_head":"<!-- This site is optimized with the Yoast SEO plugin v27.4 - https:\/\/yoast.com\/product\/yoast-seo-wordpress\/ -->\n<title>Junte-se ao mundo Niv\u00e0 e abra sua gelateria de excel\u00eancia - Niv\u00e0<\/title>\n<meta name=\"description\" content=\"Junte-se a n\u00f3s e leve Niv\u00e0 para a sua cidade: abra uma gelateria com uma marca de qualidade, treinamento cont\u00ednuo e suporte estrat\u00e9gico.\" \/>\n<meta name=\"robots\" content=\"index, follow, max-snippet:-1, max-image-preview:large, max-video-preview:-1\" \/>\n<link rel=\"canonical\" href=\"https:\/\/www.nivagelato.com\/pt-pt\/unisciti-a-noi\/\" \/>\n<meta property=\"og:locale\" content=\"pt_PT\" \/>\n<meta property=\"og:type\" content=\"article\" \/>\n<meta property=\"og:title\" content=\"Junte-se ao mundo Niv\u00e0 e abra sua gelateria de excel\u00eancia - Niv\u00e0\" \/>\n<meta property=\"og:description\" content=\"Junte-se a n\u00f3s e leve Niv\u00e0 para a sua cidade: abra uma gelateria com uma marca de qualidade, treinamento cont\u00ednuo e suporte estrat\u00e9gico.\" \/>\n<meta property=\"og:url\" content=\"https:\/\/www.nivagelato.com\/pt-pt\/unisciti-a-noi\/\" \/>\n<meta property=\"og:site_name\" content=\"Niv\u00e0\" \/>\n<meta property=\"article:modified_time\" content=\"2025-11-25T13:42:44+00:00\" \/>\n<meta name=\"twitter:card\" content=\"summary_large_image\" \/>\n<meta name=\"twitter:label1\" content=\"Tempo estimado de leitura\" \/>\n\t<meta name=\"twitter:data1\" content=\"3 minutos\" \/>\n<script type=\"application\/ld+json\" class=\"yoast-schema-graph\">{\"@context\":\"https:\\\/\\\/schema.org\",\"@graph\":[{\"@type\":\"WebPage\",\"@id\":\"https:\\\/\\\/www.nivagelato.com\\\/pt-pt\\\/unisciti-a-noi\\\/\",\"url\":\"https:\\\/\\\/www.nivagelato.com\\\/pt-pt\\\/unisciti-a-noi\\\/\",\"name\":\"Junte-se ao mundo Niv\u00e0 e abra sua gelateria de excel\u00eancia - Niv\u00e0\",\"isPartOf\":{\"@id\":\"https:\\\/\\\/www.nivagelato.com\\\/pt-pt\\\/#website\"},\"datePublished\":\"2025-05-14T10:50:47+00:00\",\"dateModified\":\"2025-11-25T13:42:44+00:00\",\"description\":\"Junte-se a n\u00f3s e leve Niv\u00e0 para a sua cidade: abra uma gelateria com uma marca de qualidade, treinamento cont\u00ednuo e suporte estrat\u00e9gico.\",\"breadcrumb\":{\"@id\":\"https:\\\/\\\/www.nivagelato.com\\\/pt-pt\\\/unisciti-a-noi\\\/#breadcrumb\"},\"inLanguage\":\"pt-PT\",\"potentialAction\":[{\"@type\":\"ReadAction\",\"target\":[\"https:\\\/\\\/www.nivagelato.com\\\/pt-pt\\\/unisciti-a-noi\\\/\"]}]},{\"@type\":\"BreadcrumbList\",\"@id\":\"https:\\\/\\\/www.nivagelato.com\\\/pt-pt\\\/unisciti-a-noi\\\/#breadcrumb\",\"itemListElement\":[{\"@type\":\"ListItem\",\"position\":1,\"name\":\"Home\",\"item\":\"https:\\\/\\\/www.nivagelato.com\\\/pt-pt\\\/\"},{\"@type\":\"ListItem\",\"position\":2,\"name\":\"Junte-se a n\u00f3s\"}]},{\"@type\":\"WebSite\",\"@id\":\"https:\\\/\\\/www.nivagelato.com\\\/pt-pt\\\/#website\",\"url\":\"https:\\\/\\\/www.nivagelato.com\\\/pt-pt\\\/\",\"name\":\"Niv\u00e0\",\"description\":\"Viva Niv\u00e0\",\"potentialAction\":[{\"@type\":\"SearchAction\",\"target\":{\"@type\":\"EntryPoint\",\"urlTemplate\":\"https:\\\/\\\/www.nivagelato.com\\\/pt-pt\\\/?s={search_term_string}\"},\"query-input\":{\"@type\":\"PropertyValueSpecification\",\"valueRequired\":true,\"valueName\":\"search_term_string\"}}],\"inLanguage\":\"pt-PT\"}]}<\/script>\n<!-- \/ Yoast SEO plugin. -->","yoast_head_json":{"title":"Junte-se ao mundo Niv\u00e0 e abra sua gelateria de excel\u00eancia - Niv\u00e0","description":"Junte-se a n\u00f3s e leve Niv\u00e0 para a sua cidade: abra uma gelateria com uma marca de qualidade, treinamento cont\u00ednuo e suporte estrat\u00e9gico.","robots":{"index":"index","follow":"follow","max-snippet":"max-snippet:-1","max-image-preview":"max-image-preview:large","max-video-preview":"max-video-preview:-1"},"canonical":"https:\/\/www.nivagelato.com\/pt-pt\/unisciti-a-noi\/","og_locale":"pt_PT","og_type":"article","og_title":"Junte-se ao mundo Niv\u00e0 e abra sua gelateria de excel\u00eancia - Niv\u00e0","og_description":"Junte-se a n\u00f3s e leve Niv\u00e0 para a sua cidade: abra uma gelateria com uma marca de qualidade, treinamento cont\u00ednuo e suporte estrat\u00e9gico.","og_url":"https:\/\/www.nivagelato.com\/pt-pt\/unisciti-a-noi\/","og_site_name":"Niv\u00e0","article_modified_time":"2025-11-25T13:42:44+00:00","twitter_card":"summary_large_image","twitter_misc":{"Tempo estimado de leitura":"3 minutos"},"schema":{"@context":"https:\/\/schema.org","@graph":[{"@type":"WebPage","@id":"https:\/\/www.nivagelato.com\/pt-pt\/unisciti-a-noi\/","url":"https:\/\/www.nivagelato.com\/pt-pt\/unisciti-a-noi\/","name":"Junte-se ao mundo Niv\u00e0 e abra sua gelateria de excel\u00eancia - Niv\u00e0","isPartOf":{"@id":"https:\/\/www.nivagelato.com\/pt-pt\/#website"},"datePublished":"2025-05-14T10:50:47+00:00","dateModified":"2025-11-25T13:42:44+00:00","description":"Junte-se a n\u00f3s e leve Niv\u00e0 para a sua cidade: abra uma gelateria com uma marca de qualidade, treinamento cont\u00ednuo e suporte estrat\u00e9gico.","breadcrumb":{"@id":"https:\/\/www.nivagelato.com\/pt-pt\/unisciti-a-noi\/#breadcrumb"},"inLanguage":"pt-PT","potentialAction":[{"@type":"ReadAction","target":["https:\/\/www.nivagelato.com\/pt-pt\/unisciti-a-noi\/"]}]},{"@type":"BreadcrumbList","@id":"https:\/\/www.nivagelato.com\/pt-pt\/unisciti-a-noi\/#breadcrumb","itemListElement":[{"@type":"ListItem","position":1,"name":"Home","item":"https:\/\/www.nivagelato.com\/pt-pt\/"},{"@type":"ListItem","position":2,"name":"Junte-se a n\u00f3s"}]},{"@type":"WebSite","@id":"https:\/\/www.nivagelato.com\/pt-pt\/#website","url":"https:\/\/www.nivagelato.com\/pt-pt\/","name":"Niv\u00e0","description":"Viva Niv\u00e0","potentialAction":[{"@type":"SearchAction","target":{"@type":"EntryPoint","urlTemplate":"https:\/\/www.nivagelato.com\/pt-pt\/?s={search_term_string}"},"query-input":{"@type":"PropertyValueSpecification","valueRequired":true,"valueName":"search_term_string"}}],"inLanguage":"pt-PT"}]}},"_links":{"self":[{"href":"https:\/\/www.nivagelato.com\/pt-pt\/wp-json\/wp\/v2\/pages\/1340","targetHints":{"allow":["GET"]}}],"collection":[{"href":"https:\/\/www.nivagelato.com\/pt-pt\/wp-json\/wp\/v2\/pages"}],"about":[{"href":"https:\/\/www.nivagelato.com\/pt-pt\/wp-json\/wp\/v2\/types\/page"}],"author":[{"embeddable":true,"href":"https:\/\/www.nivagelato.com\/pt-pt\/wp-json\/wp\/v2\/users\/3"}],"replies":[{"embeddable":true,"href":"https:\/\/www.nivagelato.com\/pt-pt\/wp-json\/wp\/v2\/comments?post=1340"}],"version-history":[{"count":10,"href":"https:\/\/www.nivagelato.com\/pt-pt\/wp-json\/wp\/v2\/pages\/1340\/revisions"}],"predecessor-version":[{"id":3241,"href":"https:\/\/www.nivagelato.com\/pt-pt\/wp-json\/wp\/v2\/pages\/1340\/revisions\/3241"}],"wp:attachment":[{"href":"https:\/\/www.nivagelato.com\/pt-pt\/wp-json\/wp\/v2\/media?parent=1340"}],"curies":[{"name":"wp","href":"https:\/\/api.w.org\/{rel}","templated":true}]}}