{"id":1322,"date":"2025-05-14T14:42:01","date_gmt":"2025-05-14T12:42:01","guid":{"rendered":"https:\/\/www.nivagelato.com\/?page_id=1322"},"modified":"2025-12-13T15:55:12","modified_gmt":"2025-12-13T14:55:12","slug":"eventi","status":"publish","type":"page","link":"https:\/\/www.nivagelato.com\/pt-pt\/eventi\/","title":{"rendered":"Eventos"},"content":{"rendered":"<section class=\"l-section wpb_row us_custom_555b0c8e heading-header header-page height_medium with_img parallax_fixed\"><div class=\"l-section-img\" role=\"img\" aria-label=\"Imagem\" data-img-width=\"1200\" data-img-height=\"801\" style=\"background-image: url(https:\/\/www.nivagelato.com\/wp-content\/uploads\/2025\/11\/STC0040-1.jpg);background-position: bottom center;background-repeat: no-repeat;\"><\/div><div class=\"l-section-h i-cf\"><div class=\"g-cols vc_row via_flex valign_top type_default stacking_default\"><div class=\"vc_col-sm-12 wpb_column vc_column_container\"><div class=\"vc_column-inner\"><div class=\"wpb_wrapper\"><div class=\"wpb_text_column us_custom_a2ebf4ae\"><div class=\"wpb_wrapper\"><h1>Eventos<\/h1>\n<\/div><\/div><\/div><\/div><\/div><\/div><\/div><\/section><section class=\"l-section wpb_row height_medium\"><div class=\"l-section-h i-cf\"><div class=\"g-cols vc_row via_flex valign_top type_default stacking_default\"><div class=\"vc_col-sm-6 wpb_column vc_column_container\"><div class=\"vc_column-inner us_custom_eb849559\"><div class=\"wpb_wrapper\"><div class=\"wpb_text_column us_custom_3ec8f346\"><div class=\"wpb_wrapper\"><h2>Grandes Eventos<\/h2>\n<p>Um casamento, um anivers\u00e1rio, um evento corporativo: com a Niv\u00e0, cada ocasi\u00e3o torna-se ainda mais especial. Ofere\u00e7a aos seus convidados o prazer de um gelato artesanal feito com ingredientes selecionados e servido com eleg\u00e2ncia. Contacte-nos para criar uma experi\u00eancia personalizada, t\u00e3o \u00fanica como os seus momentos especiais. O Ape Car que surpreende sempre.<\/p>\n<p>.<\/p>\n<\/div><\/div><div class=\"w-image has_ratio align_none\"><div class=\"w-image-h\"><div style=\"padding-bottom:100%\"><\/div><img decoding=\"async\" width=\"1204\" height=\"1600\" src=\"https:\/\/www.nivagelato.com\/wp-content\/uploads\/2025\/12\/437c10e0-0086-4364-9c85-d80311506b5b.jpeg\" class=\"attachment-large size-large\" alt=\"\" loading=\"lazy\" \/><\/div><\/div><div class=\"w-btn-wrapper align_none\"><a class=\"w-btn us-btn-style_1 us_custom_af6a9b6a\" href=\"#contattaci\"><span class=\"w-btn-label\">Informa\u00e7\u00f5es sobre os Carrinhos<\/span><\/a><\/div><\/div><\/div><\/div><div class=\"vc_col-sm-6 wpb_column vc_column_container\"><div class=\"vc_column-inner\"><div class=\"wpb_wrapper\"><div class=\"wpb_text_column us_custom_eed3193f\"><div class=\"wpb_wrapper\"><h2>Eventos personalizados<\/h2>\n<p>Uma rece\u00e7\u00e3o, um evento privado ou uma simples festa com amigos: com a Niv\u00e0, cada ocasi\u00e3o torna-se ainda mais especial. Ofere\u00e7a aos seus convidados o prazer de um gelato artesanal feito com ingredientes selecionados e servido com eleg\u00e2ncia. Contacte-nos para criar uma experi\u00eancia personalizada, t\u00e3o \u00fanica como os seus momentos especiais.<\/p>\n<p>.<\/p>\n<\/div><\/div><div class=\"w-image has_ratio align_none\"><div class=\"w-image-h\"><div style=\"padding-bottom:100%\"><\/div><img decoding=\"async\" width=\"683\" height=\"1024\" src=\"https:\/\/www.nivagelato.com\/wp-content\/uploads\/2025\/11\/0Q0A7367-111-683x1024.jpg\" class=\"attachment-large size-large\" alt=\"\" loading=\"lazy\" \/><\/div><\/div><div class=\"w-btn-wrapper align_center\"><a class=\"w-btn us-btn-style_1 us_custom_af6a9b6a\" href=\"#contattaci\"><span class=\"w-btn-label\">Informa\u00e7\u00f5es sobre a nossa Golf Car<\/span><\/a><\/div><\/div><\/div><\/div><\/div><\/div><\/section><section class=\"l-section wpb_row us_custom_b03640aa height_medium\"><div class=\"l-section-h i-cf\"><div class=\"g-cols vc_row via_flex valign_top type_default stacking_default\"><div class=\"vc_col-sm-12 wpb_column vc_column_container\"><div class=\"vc_column-inner\"><div class=\"wpb_wrapper\"><div class=\"w-video niva-videos niva-videos-custom-play align_none ratio_16x9 has_iframe\"><div class=\"w-video-h\"><iframe title=\"Youtube video player\" src=\"\/\/www.youtube.com\/embed\/4o2ykbofUO0?autoplay=1&controls=1&origin=https:\/\/www.nivagelato.com\/pt-pt\/&loop=0&mute=0\" allowfullscreen=\"1\" loading=\"lazy\"><\/iframe><\/div><\/div><\/div><\/div><\/div><\/div><\/div><\/section><section class=\"l-section wpb_row height_medium\"><div class=\"l-section-h i-cf\"><div class=\"g-cols vc_row via_flex valign_top type_default stacking_default\"><div class=\"vc_col-sm-12 wpb_column vc_column_container\"><div class=\"vc_column-inner\"><div class=\"wpb_wrapper\"><div class=\"wpb_text_column us_custom_3ec8f346\"><div class=\"wpb_wrapper\"><h2>Confiaram em n\u00f3s<\/h2>\n<p>International Yachting Festival, Global Champions Tour, Dolce &amp; Gabbana, Reggia di Venaria, Falconeri, APM Monaco, Bettina Monaco, OGC Nice, Skema Business School, Golf Club Mandelieu, Gaumont, Rothschild Bank, Hotel Principi di Piemonte, Embaixada Italiana em Lisboa, Praia Irmao, Plage L\u2019Ecrin, Prefeitura de Cannes, Concerto do Diplo, Praia do Rado, Etoiles de Mougin, ID Weekend Nice, Sensor Tower, Splendid Hotel, Martinez Hotel, Majestic Hotel, C\u00e2mara de Com\u00e9rcio de Nice, Dior, Villa Euphrussi Cap Ferrat, Maison Bompard e a Regi\u00e3o do Piemonte.<\/p>\n<p>Estas s\u00e3o apenas algumas das institui\u00e7\u00f5es e empresas que confiaram em n\u00f3s para eventos, fornecimento de equipamentos ou servi\u00e7os de catering.<\/p>\n<\/div><\/div><\/div><\/div><\/div><\/div><\/div><\/section><section class=\"l-section wpb_row height_medium\"><div class=\"l-section-h i-cf\"><div class=\"g-cols vc_row via_flex valign_top type_default stacking_default\"><div class=\"vc_col-sm-12 wpb_column vc_column_container\"><div class=\"vc_column-inner us_custom_eb849559\"><div class=\"wpb_wrapper\"><div class=\"w-slider us_custom_94be0cb5 style_none fit_contain nav_none count_10\"><div class=\"w-slider-h\" aria-hidden=\"true\"><div class=\"royalSlider\"><div class=\"rsContent\"><a class=\"rsImg\" data-rsw=\"1024\" data-rsh=\"462\" href=\"https:\/\/www.nivagelato.com\/wp-content\/uploads\/2025\/11\/dior-1024x462.jpg\"><span data-alt=\"\"><\/span><\/a><\/div><div class=\"rsContent\"><a class=\"rsImg\" data-rsw=\"1024\" data-rsh=\"462\" href=\"https:\/\/www.nivagelato.com\/wp-content\/uploads\/2025\/11\/Skema-1024x462.jpg\"><span data-alt=\"\"><\/span><\/a><\/div><div class=\"rsContent\"><a class=\"rsImg\" data-rsw=\"1024\" data-rsh=\"462\" href=\"https:\/\/www.nivagelato.com\/wp-content\/uploads\/2025\/11\/Martinez-1024x462.jpg\"><span data-alt=\"\"><\/span><\/a><\/div><div class=\"rsContent\"><a class=\"rsImg\" data-rsw=\"1024\" data-rsh=\"462\" href=\"https:\/\/www.nivagelato.com\/wp-content\/uploads\/2025\/11\/majestic-1024x462.jpg\"><span data-alt=\"\"><\/span><\/a><\/div><div class=\"rsContent\"><a class=\"rsImg\" data-rsw=\"1024\" data-rsh=\"462\" href=\"https:\/\/www.nivagelato.com\/wp-content\/uploads\/2025\/11\/rothschild-1024x462.jpg\"><span data-alt=\"\"><\/span><\/a><\/div><div class=\"rsContent\"><a class=\"rsImg\" data-rsw=\"1024\" data-rsh=\"462\" href=\"https:\/\/www.nivagelato.com\/wp-content\/uploads\/2025\/11\/lions-1024x462.jpg\"><span data-alt=\"\"><\/span><\/a><\/div><div class=\"rsContent\"><a class=\"rsImg\" data-rsw=\"1024\" data-rsh=\"462\" href=\"https:\/\/www.nivagelato.com\/wp-content\/uploads\/2025\/11\/apm-1024x462.jpg\"><span data-alt=\"\"><\/span><\/a><\/div><div class=\"rsContent\"><a class=\"rsImg\" data-rsw=\"1024\" data-rsh=\"462\" href=\"https:\/\/www.nivagelato.com\/wp-content\/uploads\/2025\/11\/Yachting-1024x462.jpg\"><span data-alt=\"\"><\/span><\/a><\/div><div class=\"rsContent\"><a class=\"rsImg\" data-rsw=\"1024\" data-rsh=\"462\" href=\"https:\/\/www.nivagelato.com\/wp-content\/uploads\/2025\/11\/principe-1-1024x462.jpg\"><span data-alt=\"\"><\/span><\/a><\/div><div class=\"rsContent\"><a class=\"rsImg\" data-rsw=\"1024\" data-rsh=\"576\" href=\"https:\/\/www.nivagelato.com\/wp-content\/uploads\/2025\/11\/Design-sans-titre-20-1024x576.png\"><span data-alt=\"\"><\/span><\/a><\/div><\/div><img decoding=\"async\" src=\"https:\/\/www.nivagelato.com\/wp-content\/uploads\/2025\/11\/dior-1024x462.jpg\" width=\"1024\" height=\"462\" alt loading=\"lazy\"><\/div><div class=\"w-slider-json\" onclick='return {&quot;autoScaleSlider&quot;:true,&quot;addActiveClass&quot;:true,&quot;loop&quot;:true,&quot;fadeInLoadedSlide&quot;:false,&quot;slidesSpacing&quot;:0,&quot;imageScalePadding&quot;:0,&quot;numImagesToPreload&quot;:2,&quot;arrowsNav&quot;:true,&quot;arrowsNavAutoHide&quot;:true,&quot;transitionType&quot;:&quot;move&quot;,&quot;transitionSpeed&quot;:250,&quot;block&quot;:{&quot;moveEffect&quot;:&quot;none&quot;,&quot;speed&quot;:300},&quot;thumbs&quot;:{&quot;fitInViewport&quot;:false,&quot;firstMargin&quot;:false,&quot;spacing&quot;:4},&quot;controlNavigation&quot;:&quot;none&quot;,&quot;autoplay&quot;:{&quot;enabled&quot;:true,&quot;pauseOnHover&quot;:true,&quot;delay&quot;:1500},&quot;autoScaleSliderWidth&quot;:1024,&quot;autoScaleSliderHeight&quot;:462}'><\/div><\/div><\/div><\/div><\/div><\/div><\/div><\/section><section class=\"l-section wpb_row us_custom_5f214bcb background-beige height_medium\" id=\"contattaci\"><div class=\"l-section-h i-cf\"><div class=\"g-cols vc_row via_flex valign_top type_default stacking_default\"><div class=\"vc_col-sm-5 wpb_column vc_column_container\"><div class=\"vc_column-inner\"><div class=\"wpb_wrapper\"><div class=\"wpb_text_column us_custom_8e09cc6b\"><div class=\"wpb_wrapper\"><h2>Contate-nos<\/h2>\n<\/div><\/div><div class=\"wpb_text_column before-triangle\"><div class=\"wpb_wrapper\"><p>Seja um evento especial, uma colabora\u00e7\u00e3o ou apenas curiosidade, estamos sempre felizes por o ouvir. Entre em contacto connosco e entraremos em contacto consigo o mais breve poss\u00edvel!<\/p>\n<\/div><\/div><\/div><\/div><\/div><div class=\"vc_col-sm-1 wpb_column vc_column_container\"><div class=\"vc_column-inner\"><div class=\"wpb_wrapper\"><\/div><\/div><\/div><div class=\"vc_col-sm-6 wpb_column vc_column_container contact-form\"><div class=\"vc_column-inner\"><div class=\"wpb_wrapper\">\n<div class=\"wpcf7 no-js\" id=\"wpcf7-f1506-o1\" lang=\"pt-PT\" dir=\"ltr\" data-wpcf7-id=\"1506\">\n<div class=\"screen-reader-response\"><p role=\"status\" aria-live=\"polite\" aria-atomic=\"true\"><\/p> <ul><\/ul><\/div>\n<form action=\"\/pt-pt\/wp-json\/wp\/v2\/pages\/1322#wpcf7-f1506-o1\" method=\"post\" class=\"wpcf7-form init\" aria-label=\"Formul\u00e1rio de contacto\" novalidate=\"novalidate\" data-status=\"init\">\n<fieldset class=\"hidden-fields-container\"><input type=\"hidden\" name=\"_wpcf7\" value=\"1506\" \/><input type=\"hidden\" name=\"_wpcf7_version\" value=\"6.1.5\" \/><input type=\"hidden\" name=\"_wpcf7_locale\" value=\"pt_PT\" \/><input type=\"hidden\" name=\"_wpcf7_unit_tag\" value=\"wpcf7-f1506-o1\" \/><input type=\"hidden\" name=\"_wpcf7_container_post\" value=\"0\" \/><input type=\"hidden\" name=\"_wpcf7_posted_data_hash\" value=\"\" \/><input type=\"hidden\" name=\"_wpcf7_recaptcha_response\" value=\"\" \/>\n<\/fieldset>\n<p><label> Nome e Apelido*<br \/>\n<span class=\"wpcf7-form-control-wrap\" data-name=\"your-name\"><input size=\"40\" maxlength=\"400\" class=\"wpcf7-form-control wpcf7-text wpcf7-validates-as-required name-input-form\" autocomplete=\"name\" aria-required=\"true\" aria-invalid=\"false\" value=\"\" type=\"text\" name=\"your-name\" \/><\/span> <\/label>\n<\/p>\n<p><label> Email*<br \/>\n<span class=\"wpcf7-form-control-wrap\" data-name=\"your-email\"><input size=\"40\" maxlength=\"400\" class=\"wpcf7-form-control wpcf7-email wpcf7-validates-as-required wpcf7-text wpcf7-validates-as-email email-input-form\" autocomplete=\"email\" aria-required=\"true\" aria-invalid=\"false\" value=\"\" type=\"email\" name=\"your-email\" \/><\/span> <\/label>\n<\/p>\n<p><label> Pa\u00eds*<br \/>\n<span class=\"wpcf7-form-control-wrap\" data-name=\"your-country\"><input size=\"40\" maxlength=\"400\" class=\"wpcf7-form-control wpcf7-text wpcf7-validates-as-required country-input-form\" autocomplete=\"name\" aria-required=\"true\" aria-invalid=\"false\" value=\"\" type=\"text\" name=\"your-country\" \/><\/span> <\/label>\n<\/p>\n<p><label> Cidade*<br \/>\n<span class=\"wpcf7-form-control-wrap\" data-name=\"your-city\"><input size=\"40\" maxlength=\"400\" class=\"wpcf7-form-control wpcf7-text wpcf7-validates-as-required city-input-form\" autocomplete=\"name\" aria-required=\"true\" aria-invalid=\"false\" value=\"\" type=\"text\" name=\"your-city\" \/><\/span> <\/label>\n<\/p>\n<p><label> Mensagem<br \/>\n<span class=\"wpcf7-form-control-wrap\" data-name=\"your-message\"><textarea cols=\"40\" rows=\"10\" maxlength=\"2000\" class=\"wpcf7-form-control wpcf7-textarea message-input-form\" aria-invalid=\"false\" name=\"your-message\"><\/textarea><\/span> <\/label>\n<\/p>\n<p><span class=\"wpcf7-form-control-wrap\" data-name=\"acceptance-501\"><span class=\"wpcf7-form-control wpcf7-acceptance\"><span class=\"wpcf7-list-item\"><label><input type=\"checkbox\" name=\"acceptance-501\" value=\"1\" class=\"acceptance-input-form\" aria-invalid=\"false\" \/><span class=\"wpcf7-list-item-label\">Li e aceito a <a href=\"https:\/\/www.iubenda.com\/privacy-policy\/43988959\" target=\"_blank\"><strong> pol\u00edtica de privacidade<\/strong>  <\/a><\/span><\/label><\/span><\/span><\/span>\n<\/p>\n<p><input class=\"wpcf7-form-control wpcf7-submit has-spinner\" type=\"submit\" value=\"Enviar\" \/>\n<\/p><div class=\"wpcf7-response-output\" aria-hidden=\"true\"><\/div>\n<\/form>\n<\/div>\n<\/div><\/div><\/div><\/div><\/div><\/section>\n","protected":false},"excerpt":{"rendered":"Eventos Grandes Eventos Um casamento, um anivers\u00e1rio, um evento corporativo: com a Niv\u00e0, cada ocasi\u00e3o torna-se ainda mais especial. Ofere\u00e7a aos seus convidados o prazer de um gelato artesanal feito com ingredientes selecionados e servido com eleg\u00e2ncia. Contacte-nos para criar uma experi\u00eancia personalizada, t\u00e3o \u00fanica como os seus momentos especiais. O Ape Car que surpreende...","protected":false},"author":3,"featured_media":0,"parent":0,"menu_order":0,"comment_status":"closed","ping_status":"closed","template":"","meta":{"_acf_changed":false,"footnotes":""},"class_list":["post-1322","page","type-page","status-publish","hentry"],"acf":[],"yoast_head":"<!-- This site is optimized with the Yoast SEO plugin v27.4 - https:\/\/yoast.com\/product\/yoast-seo-wordpress\/ -->\n<title>Leve Niv\u00e0 com voc\u00ea: o gelato de qualidade perfeito para evento - Niv\u00e0<\/title>\n<meta name=\"description\" content=\"Torne seu evento \u00fanico com o gelato Niv\u00e0: artesanal e feito para voc\u00ea. Acrescente um toque italiano aut\u00eantico, perfeito para casamentos e eventos.\" \/>\n<meta name=\"robots\" content=\"index, follow, max-snippet:-1, max-image-preview:large, max-video-preview:-1\" \/>\n<link rel=\"canonical\" href=\"https:\/\/www.nivagelato.com\/pt-pt\/eventi\/\" \/>\n<meta property=\"og:locale\" content=\"pt_PT\" \/>\n<meta property=\"og:type\" content=\"article\" \/>\n<meta property=\"og:title\" content=\"Leve Niv\u00e0 com voc\u00ea: o gelato de qualidade perfeito para evento - Niv\u00e0\" \/>\n<meta property=\"og:description\" content=\"Torne seu evento \u00fanico com o gelato Niv\u00e0: artesanal e feito para voc\u00ea. Acrescente um toque italiano aut\u00eantico, perfeito para casamentos e eventos.\" \/>\n<meta property=\"og:url\" content=\"https:\/\/www.nivagelato.com\/pt-pt\/eventi\/\" \/>\n<meta property=\"og:site_name\" content=\"Niv\u00e0\" \/>\n<meta property=\"article:modified_time\" content=\"2025-12-13T14:55:12+00:00\" \/>\n<meta name=\"twitter:card\" content=\"summary_large_image\" \/>\n<meta name=\"twitter:label1\" content=\"Tempo estimado de leitura\" \/>\n\t<meta name=\"twitter:data1\" content=\"2 minutos\" \/>\n<script type=\"application\/ld+json\" class=\"yoast-schema-graph\">{\"@context\":\"https:\\\/\\\/schema.org\",\"@graph\":[{\"@type\":\"WebPage\",\"@id\":\"https:\\\/\\\/www.nivagelato.com\\\/pt-pt\\\/eventi\\\/\",\"url\":\"https:\\\/\\\/www.nivagelato.com\\\/pt-pt\\\/eventi\\\/\",\"name\":\"Leve Niv\u00e0 com voc\u00ea: o gelato de qualidade perfeito para evento - Niv\u00e0\",\"isPartOf\":{\"@id\":\"https:\\\/\\\/www.nivagelato.com\\\/pt-pt\\\/#website\"},\"datePublished\":\"2025-05-14T12:42:01+00:00\",\"dateModified\":\"2025-12-13T14:55:12+00:00\",\"description\":\"Torne seu evento \u00fanico com o gelato Niv\u00e0: artesanal e feito para voc\u00ea. Acrescente um toque italiano aut\u00eantico, perfeito para casamentos e eventos.\",\"breadcrumb\":{\"@id\":\"https:\\\/\\\/www.nivagelato.com\\\/pt-pt\\\/eventi\\\/#breadcrumb\"},\"inLanguage\":\"pt-PT\",\"potentialAction\":[{\"@type\":\"ReadAction\",\"target\":[\"https:\\\/\\\/www.nivagelato.com\\\/pt-pt\\\/eventi\\\/\"]}]},{\"@type\":\"BreadcrumbList\",\"@id\":\"https:\\\/\\\/www.nivagelato.com\\\/pt-pt\\\/eventi\\\/#breadcrumb\",\"itemListElement\":[{\"@type\":\"ListItem\",\"position\":1,\"name\":\"Home\",\"item\":\"https:\\\/\\\/www.nivagelato.com\\\/pt-pt\\\/\"},{\"@type\":\"ListItem\",\"position\":2,\"name\":\"Eventos\"}]},{\"@type\":\"WebSite\",\"@id\":\"https:\\\/\\\/www.nivagelato.com\\\/pt-pt\\\/#website\",\"url\":\"https:\\\/\\\/www.nivagelato.com\\\/pt-pt\\\/\",\"name\":\"Niv\u00e0\",\"description\":\"Viva Niv\u00e0\",\"potentialAction\":[{\"@type\":\"SearchAction\",\"target\":{\"@type\":\"EntryPoint\",\"urlTemplate\":\"https:\\\/\\\/www.nivagelato.com\\\/pt-pt\\\/?s={search_term_string}\"},\"query-input\":{\"@type\":\"PropertyValueSpecification\",\"valueRequired\":true,\"valueName\":\"search_term_string\"}}],\"inLanguage\":\"pt-PT\"}]}<\/script>\n<!-- \/ Yoast SEO plugin. -->","yoast_head_json":{"title":"Leve Niv\u00e0 com voc\u00ea: o gelato de qualidade perfeito para evento - Niv\u00e0","description":"Torne seu evento \u00fanico com o gelato Niv\u00e0: artesanal e feito para voc\u00ea. Acrescente um toque italiano aut\u00eantico, perfeito para casamentos e eventos.","robots":{"index":"index","follow":"follow","max-snippet":"max-snippet:-1","max-image-preview":"max-image-preview:large","max-video-preview":"max-video-preview:-1"},"canonical":"https:\/\/www.nivagelato.com\/pt-pt\/eventi\/","og_locale":"pt_PT","og_type":"article","og_title":"Leve Niv\u00e0 com voc\u00ea: o gelato de qualidade perfeito para evento - Niv\u00e0","og_description":"Torne seu evento \u00fanico com o gelato Niv\u00e0: artesanal e feito para voc\u00ea. Acrescente um toque italiano aut\u00eantico, perfeito para casamentos e eventos.","og_url":"https:\/\/www.nivagelato.com\/pt-pt\/eventi\/","og_site_name":"Niv\u00e0","article_modified_time":"2025-12-13T14:55:12+00:00","twitter_card":"summary_large_image","twitter_misc":{"Tempo estimado de leitura":"2 minutos"},"schema":{"@context":"https:\/\/schema.org","@graph":[{"@type":"WebPage","@id":"https:\/\/www.nivagelato.com\/pt-pt\/eventi\/","url":"https:\/\/www.nivagelato.com\/pt-pt\/eventi\/","name":"Leve Niv\u00e0 com voc\u00ea: o gelato de qualidade perfeito para evento - Niv\u00e0","isPartOf":{"@id":"https:\/\/www.nivagelato.com\/pt-pt\/#website"},"datePublished":"2025-05-14T12:42:01+00:00","dateModified":"2025-12-13T14:55:12+00:00","description":"Torne seu evento \u00fanico com o gelato Niv\u00e0: artesanal e feito para voc\u00ea. Acrescente um toque italiano aut\u00eantico, perfeito para casamentos e eventos.","breadcrumb":{"@id":"https:\/\/www.nivagelato.com\/pt-pt\/eventi\/#breadcrumb"},"inLanguage":"pt-PT","potentialAction":[{"@type":"ReadAction","target":["https:\/\/www.nivagelato.com\/pt-pt\/eventi\/"]}]},{"@type":"BreadcrumbList","@id":"https:\/\/www.nivagelato.com\/pt-pt\/eventi\/#breadcrumb","itemListElement":[{"@type":"ListItem","position":1,"name":"Home","item":"https:\/\/www.nivagelato.com\/pt-pt\/"},{"@type":"ListItem","position":2,"name":"Eventos"}]},{"@type":"WebSite","@id":"https:\/\/www.nivagelato.com\/pt-pt\/#website","url":"https:\/\/www.nivagelato.com\/pt-pt\/","name":"Niv\u00e0","description":"Viva Niv\u00e0","potentialAction":[{"@type":"SearchAction","target":{"@type":"EntryPoint","urlTemplate":"https:\/\/www.nivagelato.com\/pt-pt\/?s={search_term_string}"},"query-input":{"@type":"PropertyValueSpecification","valueRequired":true,"valueName":"search_term_string"}}],"inLanguage":"pt-PT"}]}},"_links":{"self":[{"href":"https:\/\/www.nivagelato.com\/pt-pt\/wp-json\/wp\/v2\/pages\/1322","targetHints":{"allow":["GET"]}}],"collection":[{"href":"https:\/\/www.nivagelato.com\/pt-pt\/wp-json\/wp\/v2\/pages"}],"about":[{"href":"https:\/\/www.nivagelato.com\/pt-pt\/wp-json\/wp\/v2\/types\/page"}],"author":[{"embeddable":true,"href":"https:\/\/www.nivagelato.com\/pt-pt\/wp-json\/wp\/v2\/users\/3"}],"replies":[{"embeddable":true,"href":"https:\/\/www.nivagelato.com\/pt-pt\/wp-json\/wp\/v2\/comments?post=1322"}],"version-history":[{"count":39,"href":"https:\/\/www.nivagelato.com\/pt-pt\/wp-json\/wp\/v2\/pages\/1322\/revisions"}],"predecessor-version":[{"id":4021,"href":"https:\/\/www.nivagelato.com\/pt-pt\/wp-json\/wp\/v2\/pages\/1322\/revisions\/4021"}],"wp:attachment":[{"href":"https:\/\/www.nivagelato.com\/pt-pt\/wp-json\/wp\/v2\/media?parent=1322"}],"curies":[{"name":"wp","href":"https:\/\/api.w.org\/{rel}","templated":true}]}}