{"id":1362,"date":"2025-05-14T11:24:46","date_gmt":"2025-05-14T09:24:46","guid":{"rendered":"https:\/\/www.nivagelato.com\/?page_id=1362"},"modified":"2025-12-14T19:28:04","modified_gmt":"2025-12-14T18:28:04","slug":"boutiques","status":"publish","type":"page","link":"https:\/\/www.nivagelato.com\/fr\/boutiques\/","title":{"rendered":"Boutiques"},"content":{"rendered":"<section class=\"l-section wpb_row us_custom_49219e2f header-page height_medium with_img parallax_fixed\"><div class=\"l-section-img\" role=\"img\" aria-label=\"Image\" data-img-width=\"5000\" data-img-height=\"3333\" style=\"background-image: url(https:\/\/www.nivagelato.com\/wp-content\/uploads\/2025\/05\/AYnb8t-c-e1765565506336.jpeg);background-position: top center;\"><\/div><div class=\"l-section-h i-cf\"><div class=\"g-cols vc_row via_flex valign_top type_default stacking_default\"><div class=\"vc_col-sm-12 wpb_column vc_column_container\"><div class=\"vc_column-inner\"><div class=\"wpb_wrapper\"><div class=\"wpb_text_column us_custom_a2ebf4ae\"><div class=\"wpb_wrapper\"><h1>Nos boutiques<\/h1>\n<\/div><\/div><\/div><\/div><\/div><\/div><\/div><\/section><section class=\"l-section wpb_row row-center height_medium\"><div class=\"l-section-h i-cf\"><div class=\"g-cols vc_row via_flex valign_top type_default stacking_default\"><div class=\"vc_col-sm-12 wpb_column vc_column_container\"><div class=\"vc_column-inner us_custom_2fc6125a\"><div class=\"wpb_wrapper\"><div class=\"wpb_text_column\"><div class=\"wpb_wrapper\"><h2><span>Un voyage \u00e0 travers le go\u00fbt<\/span><\/h2>\n<p>De Turin \u00e0 Cannes, de Lisbonne \u00e0 Porto, chaque glacier Niv\u00e0 est un petit coin d&rsquo;Italie o\u00f9 la glace artisanale rencontre l&rsquo;\u00e9l\u00e9gance et l&rsquo;hospitalit\u00e9. Que vous recherchiez une pause gourmande ou un moment privil\u00e9gi\u00e9 \u00e0 partager, nous avons h\u00e2te de vous accueillir dans nos \u00e9tablissements pour vous faire d\u00e9couvrir la saveur signature Niv\u00e0, o\u00f9 que vous soyez.<\/p>\n<\/div><\/div><\/div><\/div><\/div><\/div><\/div><\/section><section class=\"l-section wpb_row height_medium\"><div class=\"l-section-h i-cf\"><div class=\"g-cols vc_row via_flex valign_top type_default stacking_default\"><div class=\"vc_col-sm-12 wpb_column vc_column_container\" id=\"tutti-locali-grid\"><div class=\"vc_column-inner us_custom_eb849559\"><div class=\"wpb_wrapper\"><div class=\"w-grid us_grid type_grid layout_832 cols_2 preload_style_spinner\" id=\"us_grid_1\" style=\"--columns:2;--gap:15px;\" data-filterable=\"true\"><style>@media (max-width:768px){#us_grid_1{--columns:1!important}}.layout_832 .w-grid-item-h{}.layout_832 .usg_vwrapper_1{transition-duration:0.3s;transform-origin:50% 70%;transform:scale(1) translate(0%,0%)}.layout_832 .w-grid-item-h:focus-within .usg_vwrapper_1,.layout_832 .w-grid-item-h:hover .usg_vwrapper_1{transform:scale(1) translate(0%,0%);opacity:1}.layout_832 .usg_post_custom_field_1{transition-duration:0.3s;transform-origin:50% 50%;transform:scale(1) translate(0%,0%)}.layout_832 .w-grid-item-h:focus-within .usg_post_custom_field_1,.layout_832 .w-grid-item-h:hover .usg_post_custom_field_1{transform:scale(1) translate(0%,0%);opacity:1}.layout_832 .usg_post_custom_field_1{height:565px!important;max-height:565px!important}@media (min-width:1025px) and (max-width:1440px){.layout_832 .usg_post_custom_field_1{height:565px!important;max-height:565px!important}}@media (min-width:769px) and (max-width:1024px){.layout_832 .usg_post_custom_field_1{height:320px!important;max-height:320px!important}}@media (max-width:768px){.layout_832 .usg_post_custom_field_1{height:320px!important;max-height:320px!important}}<\/style><div class=\"w-grid-list\">\t<article class=\"w-grid-item size_1x1 post-1483 locali type-locali status-publish has-post-thumbnail hentry\" data-id=\"1483\">\r\n\t\t<div class=\"w-grid-item-h\">\r\n\t\t\t\t\t\t<div class=\"w-vwrapper usg_vwrapper_1 card-archivio-locali align_none valign_top has-link\"><div class=\"w-post-elm post_custom_field usg_post_custom_field_1 type_image immagine_card_locali color_link_inherit has_height\"><img loading=\"lazy\" decoding=\"async\" width=\"1024\" height=\"683\" src=\"https:\/\/www.nivagelato.com\/wp-content\/uploads\/2025\/05\/20220223132855-piazza-san-carlo-torino-piemonte-shutterstock-2102981095-rid-1024x683.jpg\" class=\"attachment-large size-large\" alt=\"\" srcset=\"https:\/\/www.nivagelato.com\/wp-content\/uploads\/2025\/05\/20220223132855-piazza-san-carlo-torino-piemonte-shutterstock-2102981095-rid-1024x683.jpg 1024w, https:\/\/www.nivagelato.com\/wp-content\/uploads\/2025\/05\/20220223132855-piazza-san-carlo-torino-piemonte-shutterstock-2102981095-rid-300x200.jpg 300w, https:\/\/www.nivagelato.com\/wp-content\/uploads\/2025\/05\/20220223132855-piazza-san-carlo-torino-piemonte-shutterstock-2102981095-rid-scaled.jpg 500w\" sizes=\"auto, (max-width: 1024px) 100vw, 1024px\" \/><\/div><h3 class=\"w-post-elm post_title usg_post_title_1 align_left entry-title color_link_inherit\"><a href=\"https:\/\/www.nivagelato.com\/fr\/locali\/torino\/\">Torino<\/a><\/h3><a href=\"https:\/\/www.nivagelato.com\/fr\/locali\/torino\/\" class=\"w-vwrapper-link smooth-scroll\" aria-label=\"Lien\"><\/a><\/div>\t\t<\/div>\r\n\t\t\t<\/article>\r\n\t<article class=\"w-grid-item size_1x1 post-1501 locali type-locali status-publish has-post-thumbnail hentry\" data-id=\"1501\">\r\n\t\t<div class=\"w-grid-item-h\">\r\n\t\t\t\t\t\t<div class=\"w-vwrapper usg_vwrapper_1 card-archivio-locali align_none valign_top has-link\"><div class=\"w-post-elm post_custom_field usg_post_custom_field_1 type_image immagine_card_locali color_link_inherit has_height\"><img loading=\"lazy\" decoding=\"async\" width=\"1024\" height=\"1006\" src=\"https:\/\/www.nivagelato.com\/wp-content\/uploads\/2025\/05\/Image-cannes-1024x1006.jpg\" class=\"attachment-large size-large\" alt=\"Citt\u00e0 di Cannes\" srcset=\"https:\/\/www.nivagelato.com\/wp-content\/uploads\/2025\/05\/Image-cannes-1024x1006.jpg 1024w, https:\/\/www.nivagelato.com\/wp-content\/uploads\/2025\/05\/Image-cannes-300x295.jpg 300w, https:\/\/www.nivagelato.com\/wp-content\/uploads\/2025\/05\/Image-cannes.jpg 1108w\" sizes=\"auto, (max-width: 1024px) 100vw, 1024px\" \/><\/div><h3 class=\"w-post-elm post_title usg_post_title_1 align_left entry-title color_link_inherit\"><a href=\"https:\/\/www.nivagelato.com\/fr\/locali\/cannes\/\">Cannes<\/a><\/h3><a href=\"https:\/\/www.nivagelato.com\/fr\/locali\/cannes\/\" class=\"w-vwrapper-link smooth-scroll\" aria-label=\"Lien\"><\/a><\/div>\t\t<\/div>\r\n\t\t\t<\/article>\r\n\t<article class=\"w-grid-item size_1x1 post-1493 locali type-locali status-publish has-post-thumbnail hentry\" data-id=\"1493\">\r\n\t\t<div class=\"w-grid-item-h\">\r\n\t\t\t\t\t\t<div class=\"w-vwrapper usg_vwrapper_1 card-archivio-locali align_none valign_top has-link\"><div class=\"w-post-elm post_custom_field usg_post_custom_field_1 type_image immagine_card_locali color_link_inherit has_height\"><img loading=\"lazy\" decoding=\"async\" width=\"1024\" height=\"1006\" src=\"https:\/\/www.nivagelato.com\/wp-content\/uploads\/2025\/05\/Image-lisbona-1024x1006.jpg\" class=\"attachment-large size-large\" alt=\"Citt\u00e0 di Lisbona\" srcset=\"https:\/\/www.nivagelato.com\/wp-content\/uploads\/2025\/05\/Image-lisbona-1024x1006.jpg 1024w, https:\/\/www.nivagelato.com\/wp-content\/uploads\/2025\/05\/Image-lisbona-300x295.jpg 300w, https:\/\/www.nivagelato.com\/wp-content\/uploads\/2025\/05\/Image-lisbona.jpg 1108w\" sizes=\"auto, (max-width: 1024px) 100vw, 1024px\" \/><\/div><h3 class=\"w-post-elm post_title usg_post_title_1 align_left entry-title color_link_inherit\"><a href=\"https:\/\/www.nivagelato.com\/fr\/locali\/lisbona\/\">Lisbonne<\/a><\/h3><a href=\"https:\/\/www.nivagelato.com\/fr\/locali\/lisbona\/\" class=\"w-vwrapper-link smooth-scroll\" aria-label=\"Lien\"><\/a><\/div>\t\t<\/div>\r\n\t\t\t<\/article>\r\n\t<article class=\"w-grid-item size_1x1 post-1504 locali type-locali status-publish has-post-thumbnail hentry\" data-id=\"1504\">\r\n\t\t<div class=\"w-grid-item-h\">\r\n\t\t\t\t\t\t<div class=\"w-vwrapper usg_vwrapper_1 card-archivio-locali align_none valign_top has-link\"><div class=\"w-post-elm post_custom_field usg_post_custom_field_1 type_image immagine_card_locali color_link_inherit has_height\"><img loading=\"lazy\" decoding=\"async\" width=\"416\" height=\"408\" src=\"https:\/\/www.nivagelato.com\/wp-content\/uploads\/2025\/05\/Image-porto.jpg\" class=\"attachment-large size-large\" alt=\"Citt\u00e0 di Porto\" srcset=\"https:\/\/www.nivagelato.com\/wp-content\/uploads\/2025\/05\/Image-porto.jpg 416w, https:\/\/www.nivagelato.com\/wp-content\/uploads\/2025\/05\/Image-porto-300x294.jpg 300w\" sizes=\"auto, (max-width: 416px) 100vw, 416px\" \/><\/div><h3 class=\"w-post-elm post_title usg_post_title_1 align_left entry-title color_link_inherit\"><a href=\"https:\/\/www.nivagelato.com\/fr\/locali\/porto\/\">Porto<\/a><\/h3><a href=\"https:\/\/www.nivagelato.com\/fr\/locali\/porto\/\" class=\"w-vwrapper-link smooth-scroll\" aria-label=\"Lien\"><\/a><\/div>\t\t<\/div>\r\n\t\t\t<\/article>\r\n<\/div>\t<div class=\"w-grid-preloader\">\r\n\t\t<div class=\"g-preloader type_1\">\r\n\t\t\t<div><\/div>\r\n\t\t<\/div>\r\n\t<\/div>\r\n\t\t<div class=\"w-grid-json hidden\" onclick='return {&quot;action&quot;:&quot;us_ajax_grid&quot;,&quot;infinite_scroll&quot;:0,&quot;max_num_pages&quot;:1,&quot;pagination&quot;:&quot;none&quot;,&quot;template_vars&quot;:{&quot;columns&quot;:&quot;2&quot;,&quot;exclude_items&quot;:&quot;none&quot;,&quot;img_size&quot;:&quot;default&quot;,&quot;ignore_items_size&quot;:0,&quot;items_layout&quot;:&quot;832&quot;,&quot;items_offset&quot;:&quot;1&quot;,&quot;load_animation&quot;:&quot;none&quot;,&quot;overriding_link&quot;:&quot;%7B%22url%22%3A%22%22%7D&quot;,&quot;post_id&quot;:0,&quot;query_args&quot;:{&quot;post_type&quot;:[&quot;locali&quot;],&quot;post_status&quot;:[&quot;publish&quot;,&quot;acf-disabled&quot;],&quot;posts_per_page&quot;:&quot;50&quot;},&quot;orderby_query_args&quot;:{&quot;orderby&quot;:{&quot;date&quot;:&quot;ASC&quot;}},&quot;type&quot;:&quot;grid&quot;,&quot;us_grid_post_type&quot;:&quot;locali&quot;,&quot;us_grid_ajax_index&quot;:1,&quot;us_grid_filter_query_string&quot;:null,&quot;us_grid_index&quot;:1,&quot;page_args&quot;:[],&quot;lang&quot;:&quot;fr&quot;}}'><\/div>\r\n\t<\/div><\/div><\/div><\/div><\/div><\/div><\/section><section class=\"l-section wpb_row us_custom_56432b2c row-justify-center height_medium\"><div class=\"l-section-h i-cf\"><div class=\"g-cols vc_row via_flex valign_top type_default stacking_default\"><div class=\"vc_col-sm-5 wpb_column vc_column_container custom-animation\"><div class=\"vc_column-inner us_custom_19113836 us_animate_this\"><div class=\"wpb_wrapper\"><div class=\"wpb_text_column us_custom_7630c6fb\"><div class=\"wpb_wrapper\"><h2>Ouvrez une Boutique avec nous<\/h2>\n<\/div><\/div><div class=\"wpb_text_column us_custom_4e595462 before-triangle\"><div class=\"wpb_wrapper\"><p data-start=\"76\" data-end=\"218\">Ouvrir une gelateria Niv\u00e0, c\u2019est bien plus qu\u2019inaugurer une boutique :<br data-start=\"146\" data-end=\"149\" \/>c\u2019est <strong data-start=\"155\" data-end=\"217\">donner naissance \u00e0 un lieu de beaut\u00e9, de go\u00fbt et d\u2019\u00e9motion<\/strong>.<\/p>\n<p data-start=\"220\" data-end=\"551\">C\u2019est offrir au public un <strong data-start=\"246\" data-end=\"278\">gelato artisanal d\u2019exception<\/strong>, \u00e9labor\u00e9 avec des ingr\u00e9dients soigneusement s\u00e9lectionn\u00e9s, un savoir-faire italien authentique et une attention absolue au d\u00e9tail.<br data-start=\"408\" data-end=\"411\" \/>Chaque gelateria Niv\u00e0 devient un espace raffin\u00e9, lumineux, o\u00f9 l\u2019on vient pour savourer un moment de douceur, de calme et de plaisir sinc\u00e8re.<\/p>\n<\/div><\/div><div class=\"w-btn-wrapper align_none\"><a class=\"w-btn us-btn-style_1 us_custom_e64f0ff0\" href=\"\/unisciti-a-noi\"><span class=\"w-btn-label\">Plus d&rsquo;informations<\/span><\/a><\/div><\/div><\/div><\/div><div class=\"vc_col-sm-7 wpb_column vc_column_container container-icon-after column-flex-end icon-almond-after custom-animation\"><div class=\"vc_column-inner us_custom_a518f36e us_animate_this\"><div class=\"wpb_wrapper\"><div class=\"w-image us_custom_b371c137 align_none\"><div class=\"w-image-h\"><img decoding=\"async\" width=\"683\" height=\"1024\" src=\"https:\/\/www.nivagelato.com\/wp-content\/uploads\/2025\/11\/0Q0A7367-111-683x1024.jpg\" class=\"attachment-large size-large\" alt=\"\" loading=\"lazy\" srcset=\"https:\/\/www.nivagelato.com\/wp-content\/uploads\/2025\/11\/0Q0A7367-111-683x1024.jpg 683w, https:\/\/www.nivagelato.com\/wp-content\/uploads\/2025\/11\/0Q0A7367-111-200x300.jpg 200w, https:\/\/www.nivagelato.com\/wp-content\/uploads\/2025\/11\/0Q0A7367-111-scaled.jpg 333w\" sizes=\"auto, (max-width: 683px) 100vw, 683px\" \/><\/div><\/div><\/div><\/div><\/div><\/div><\/div><\/section>\n","protected":false},"excerpt":{"rendered":"Matosinhos Rua Sousa Aroso 102 \u2013 Matosinhos \u2013 PortoTel. +351 968 967 566Horaires: tous les jours: de 11h \u00e0 22h[vc_goo_maps location=\"Rua Sousa Aroso 102 \u2013 Matosinhos \u2013 Porto\" zoom=\"15\" css=\".vc_custom_1749562556142{padding-top: 40px !important;}\"]Bolh\u00e3o R. Formosa 407A, 4000-253 Porto, PortugalTel. +351 22 245 3016Horaires: tous les jours de 12.30h \u00e0 22h[vc_goo_maps location=\"R. Formosa 407A, 4000-253 Porto, Portugal\"...","protected":false},"author":3,"featured_media":0,"parent":0,"menu_order":0,"comment_status":"closed","ping_status":"closed","template":"","meta":{"_acf_changed":false,"footnotes":""},"class_list":["post-1362","page","type-page","status-publish","hentry"],"acf":[],"yoast_head":"<!-- This site is optimized with the Yoast SEO plugin v27.4 - https:\/\/yoast.com\/product\/yoast-seo-wordpress\/ -->\n<title>Boutiques - Niv\u00e0<\/title>\n<meta name=\"robots\" content=\"index, follow, max-snippet:-1, max-image-preview:large, max-video-preview:-1\" \/>\n<link rel=\"canonical\" href=\"https:\/\/www.nivagelato.com\/fr\/boutiques\/\" \/>\n<meta property=\"og:locale\" content=\"fr_FR\" \/>\n<meta property=\"og:type\" content=\"article\" \/>\n<meta property=\"og:title\" content=\"Boutiques - Niv\u00e0\" \/>\n<meta property=\"og:url\" content=\"https:\/\/www.nivagelato.com\/fr\/boutiques\/\" \/>\n<meta property=\"og:site_name\" content=\"Niv\u00e0\" \/>\n<meta property=\"article:modified_time\" content=\"2025-12-14T18:28:04+00:00\" \/>\n<meta name=\"twitter:card\" content=\"summary_large_image\" \/>\n<meta name=\"twitter:label1\" content=\"Dur\u00e9e de lecture estim\u00e9e\" \/>\n\t<meta name=\"twitter:data1\" content=\"1 minute\" \/>\n<script type=\"application\/ld+json\" class=\"yoast-schema-graph\">{\"@context\":\"https:\\\/\\\/schema.org\",\"@graph\":[{\"@type\":\"WebPage\",\"@id\":\"https:\\\/\\\/www.nivagelato.com\\\/fr\\\/boutiques\\\/\",\"url\":\"https:\\\/\\\/www.nivagelato.com\\\/fr\\\/boutiques\\\/\",\"name\":\"Boutiques - Niv\u00e0\",\"isPartOf\":{\"@id\":\"https:\\\/\\\/www.nivagelato.com\\\/fr\\\/#website\"},\"datePublished\":\"2025-05-14T09:24:46+00:00\",\"dateModified\":\"2025-12-14T18:28:04+00:00\",\"breadcrumb\":{\"@id\":\"https:\\\/\\\/www.nivagelato.com\\\/fr\\\/boutiques\\\/#breadcrumb\"},\"inLanguage\":\"fr-FR\",\"potentialAction\":[{\"@type\":\"ReadAction\",\"target\":[\"https:\\\/\\\/www.nivagelato.com\\\/fr\\\/boutiques\\\/\"]}]},{\"@type\":\"BreadcrumbList\",\"@id\":\"https:\\\/\\\/www.nivagelato.com\\\/fr\\\/boutiques\\\/#breadcrumb\",\"itemListElement\":[{\"@type\":\"ListItem\",\"position\":1,\"name\":\"Home\",\"item\":\"https:\\\/\\\/www.nivagelato.com\\\/fr\\\/\"},{\"@type\":\"ListItem\",\"position\":2,\"name\":\"Boutiques\"}]},{\"@type\":\"WebSite\",\"@id\":\"https:\\\/\\\/www.nivagelato.com\\\/fr\\\/#website\",\"url\":\"https:\\\/\\\/www.nivagelato.com\\\/fr\\\/\",\"name\":\"Niv\u00e0\",\"description\":\"Viva Niv\u00e0\",\"potentialAction\":[{\"@type\":\"SearchAction\",\"target\":{\"@type\":\"EntryPoint\",\"urlTemplate\":\"https:\\\/\\\/www.nivagelato.com\\\/fr\\\/?s={search_term_string}\"},\"query-input\":{\"@type\":\"PropertyValueSpecification\",\"valueRequired\":true,\"valueName\":\"search_term_string\"}}],\"inLanguage\":\"fr-FR\"}]}<\/script>\n<!-- \/ Yoast SEO plugin. -->","yoast_head_json":{"title":"Boutiques - Niv\u00e0","robots":{"index":"index","follow":"follow","max-snippet":"max-snippet:-1","max-image-preview":"max-image-preview:large","max-video-preview":"max-video-preview:-1"},"canonical":"https:\/\/www.nivagelato.com\/fr\/boutiques\/","og_locale":"fr_FR","og_type":"article","og_title":"Boutiques - Niv\u00e0","og_url":"https:\/\/www.nivagelato.com\/fr\/boutiques\/","og_site_name":"Niv\u00e0","article_modified_time":"2025-12-14T18:28:04+00:00","twitter_card":"summary_large_image","twitter_misc":{"Dur\u00e9e de lecture estim\u00e9e":"1 minute"},"schema":{"@context":"https:\/\/schema.org","@graph":[{"@type":"WebPage","@id":"https:\/\/www.nivagelato.com\/fr\/boutiques\/","url":"https:\/\/www.nivagelato.com\/fr\/boutiques\/","name":"Boutiques - Niv\u00e0","isPartOf":{"@id":"https:\/\/www.nivagelato.com\/fr\/#website"},"datePublished":"2025-05-14T09:24:46+00:00","dateModified":"2025-12-14T18:28:04+00:00","breadcrumb":{"@id":"https:\/\/www.nivagelato.com\/fr\/boutiques\/#breadcrumb"},"inLanguage":"fr-FR","potentialAction":[{"@type":"ReadAction","target":["https:\/\/www.nivagelato.com\/fr\/boutiques\/"]}]},{"@type":"BreadcrumbList","@id":"https:\/\/www.nivagelato.com\/fr\/boutiques\/#breadcrumb","itemListElement":[{"@type":"ListItem","position":1,"name":"Home","item":"https:\/\/www.nivagelato.com\/fr\/"},{"@type":"ListItem","position":2,"name":"Boutiques"}]},{"@type":"WebSite","@id":"https:\/\/www.nivagelato.com\/fr\/#website","url":"https:\/\/www.nivagelato.com\/fr\/","name":"Niv\u00e0","description":"Viva Niv\u00e0","potentialAction":[{"@type":"SearchAction","target":{"@type":"EntryPoint","urlTemplate":"https:\/\/www.nivagelato.com\/fr\/?s={search_term_string}"},"query-input":{"@type":"PropertyValueSpecification","valueRequired":true,"valueName":"search_term_string"}}],"inLanguage":"fr-FR"}]}},"_links":{"self":[{"href":"https:\/\/www.nivagelato.com\/fr\/wp-json\/wp\/v2\/pages\/1362","targetHints":{"allow":["GET"]}}],"collection":[{"href":"https:\/\/www.nivagelato.com\/fr\/wp-json\/wp\/v2\/pages"}],"about":[{"href":"https:\/\/www.nivagelato.com\/fr\/wp-json\/wp\/v2\/types\/page"}],"author":[{"embeddable":true,"href":"https:\/\/www.nivagelato.com\/fr\/wp-json\/wp\/v2\/users\/3"}],"replies":[{"embeddable":true,"href":"https:\/\/www.nivagelato.com\/fr\/wp-json\/wp\/v2\/comments?post=1362"}],"version-history":[{"count":19,"href":"https:\/\/www.nivagelato.com\/fr\/wp-json\/wp\/v2\/pages\/1362\/revisions"}],"predecessor-version":[{"id":4058,"href":"https:\/\/www.nivagelato.com\/fr\/wp-json\/wp\/v2\/pages\/1362\/revisions\/4058"}],"wp:attachment":[{"href":"https:\/\/www.nivagelato.com\/fr\/wp-json\/wp\/v2\/media?parent=1362"}],"curies":[{"name":"wp","href":"https:\/\/api.w.org\/{rel}","templated":true}]}}