{"id":1352,"date":"2025-05-14T12:16:35","date_gmt":"2025-05-14T10:16:35","guid":{"rendered":"https:\/\/www.nivagelato.com\/?page_id=1352"},"modified":"2025-11-25T14:31:20","modified_gmt":"2025-11-25T13:31:20","slug":"lavora-con-noi","status":"publish","type":"page","link":"https:\/\/www.nivagelato.com\/fr\/lavora-con-noi\/","title":{"rendered":"Travaillez avec nous"},"content":{"rendered":"<section class=\"l-section wpb_row us_custom_b5bc2b98 heading-header header-page height_medium with_img parallax_fixed\"><div class=\"l-section-img\" role=\"img\" aria-label=\"Coppetta di gelato al cioccolato Niv\u00e0\" data-img-width=\"1600\" data-img-height=\"639\" style=\"background-image: url(https:\/\/www.nivagelato.com\/wp-content\/uploads\/2025\/05\/apertura-gelataio-coppetta-cioccolato-1.jpeg);background-repeat: no-repeat;\"><\/div><div class=\"l-section-h i-cf\"><div class=\"g-cols vc_row via_flex valign_top type_default stacking_default\"><div class=\"vc_col-sm-12 wpb_column vc_column_container\"><div class=\"vc_column-inner\"><div class=\"wpb_wrapper\"><div class=\"wpb_text_column us_custom_a2ebf4ae\"><div class=\"wpb_wrapper\"><h1>Travaillez avec nous<\/h1>\n<\/div><\/div><\/div><\/div><\/div><\/div><\/div><\/section><section class=\"l-section wpb_row height_medium\"><div class=\"l-section-h i-cf\"><div class=\"g-cols vc_row via_flex valign_top type_default stacking_default\"><div class=\"vc_col-sm-12 wpb_column vc_column_container\"><div class=\"vc_column-inner us_custom_eb849559\"><div class=\"wpb_wrapper\"><div class=\"wpb_text_column\"><div class=\"wpb_wrapper\"><h2>Nous rejoindre<\/h2>\n<p>Rejoindre Niv\u00e0, c\u2019est faire partie d\u2019une famille o\u00f9 la passion, la qualit\u00e9 et l\u2019esprit d\u2019\u00e9quipe sont au centre de tout. Que vous soyez \u00e0 la recherche de votre premi\u00e8re exp\u00e9rience ou que vous souhaitiez mettre votre talent au service d\u2019une marque en pleine croissance, vous trouverez chez nous un environnement dynamique, \u00e9l\u00e9gant et authentique, o\u00f9 chaque personne fait r\u00e9ellement la diff\u00e9rence.<\/p>\n<\/div><\/div><\/div><\/div><\/div><\/div><\/div><\/section><section class=\"l-section wpb_row height_medium\"><div class=\"l-section-h i-cf\"><div class=\"g-cols vc_row via_flex valign_top type_default stacking_default\"><div class=\"vc_col-sm-4 wpb_column vc_column_container custom-animation\"><div class=\"vc_column-inner us_custom_00e7c952 us_animate_this\"><div class=\"wpb_wrapper\"><div class=\"w-image us_custom_2e7f4f40 has_height align_none\"><div class=\"w-image-h\"><img decoding=\"async\" width=\"244\" height=\"284\" src=\"https:\/\/www.nivagelato.com\/wp-content\/uploads\/2025\/05\/icona-vector-doppio-rombo.png\" class=\"attachment-large size-large\" alt=\"Icona rombo\" loading=\"lazy\" \/><\/div><\/div><div class=\"wpb_text_column us_custom_ab60d7b5\"><div class=\"wpb_wrapper\"><h3>Passion et qualit\u00e9<\/h3>\n<\/div><\/div><div class=\"wpb_text_column\"><div class=\"wpb_wrapper\"><p>Notre passion pour le travail bien fait transpara\u00eet dans chaque glace, chaque sourire et chaque d\u00e9tail. Chez Niv\u00e0, la qualit\u00e9 n&rsquo;est pas seulement un objectif\u00a0; c&rsquo;est une valeur que nous partageons chaque jour avec ceux qui travaillent \u00e0 nos c\u00f4t\u00e9s.<\/p>\n<\/div><\/div><\/div><\/div><\/div><div class=\"vc_col-sm-4 wpb_column vc_column_container custom-animation\"><div class=\"vc_column-inner us_custom_cb738455 us_animate_this\"><div class=\"wpb_wrapper\"><div class=\"w-image us_custom_b3536cde has_height align_none\"><div class=\"w-image-h\"><img decoding=\"async\" width=\"244\" height=\"284\" src=\"https:\/\/www.nivagelato.com\/wp-content\/uploads\/2025\/05\/icona-vector-doppio-rombo.png\" class=\"attachment-large size-large\" alt=\"Icona rombo\" loading=\"lazy\" \/><\/div><\/div><div class=\"wpb_text_column us_custom_ab60d7b5\"><div class=\"wpb_wrapper\"><h3>Esprit d&rsquo;\u00e9quipe<\/h3>\n<\/div><\/div><div class=\"wpb_text_column\"><div class=\"wpb_wrapper\"><p>Nous sommes une famille, et cela se refl\u00e8te dans notre fa\u00e7on de travailler. Nous collaborons, nous nous soutenons mutuellement et nous \u00e9voluons ensemble, valorisant la contribution de chacun pour cr\u00e9er un environnement de travail positif et stimulant.<\/p>\n<\/div><\/div><\/div><\/div><\/div><div class=\"vc_col-sm-4 wpb_column vc_column_container custom-animation\"><div class=\"vc_column-inner us_custom_f44a0554 us_animate_this\"><div class=\"wpb_wrapper\"><div class=\"w-image us_custom_b3536cde has_height align_none\"><div class=\"w-image-h\"><img decoding=\"async\" width=\"244\" height=\"284\" src=\"https:\/\/www.nivagelato.com\/wp-content\/uploads\/2025\/05\/icona-vector-doppio-rombo.png\" class=\"attachment-large size-large\" alt=\"Icona rombo\" loading=\"lazy\" \/><\/div><\/div><div class=\"wpb_text_column us_custom_ab60d7b5\"><div class=\"wpb_wrapper\"><h3>Croissance et opportunit\u00e9s<\/h3>\n<\/div><\/div><div class=\"wpb_text_column\"><div class=\"wpb_wrapper\"><p>Nous croyons au talent et \u00e0 l\u2019engagement, et nous offrons \u00e0 ceux qui travaillent avec nous la possibilit\u00e9 de grandir, d\u2019apprendre et de construire un parcours professionnel solide au sein d\u2019une marque en constante expansion.<\/p>\n<\/div><\/div><\/div><\/div><\/div><\/div><\/div><\/section><section class=\"l-section wpb_row us_custom_473b7308 height_medium with_img parallax_fixed\"><div class=\"l-section-img\" role=\"img\" aria-label=\"Vaschetta di gelato Niv\u00e0\" data-img-width=\"1440\" data-img-height=\"1065\" style=\"background-image: url(https:\/\/www.nivagelato.com\/wp-content\/uploads\/2025\/06\/cioccolato-niva-gelato.jpg);background-repeat: no-repeat;\"><\/div><div class=\"l-section-h i-cf\"><div class=\"g-cols vc_row via_flex valign_top type_default stacking_default\"><div class=\"vc_col-sm-12 wpb_column vc_column_container\"><div class=\"vc_column-inner\"><div class=\"wpb_wrapper\"><\/div><\/div><\/div><\/div><\/div><\/section><section class=\"l-section wpb_row us_custom_b3231f98 background-beige height_medium\"><div class=\"l-section-h i-cf\"><div class=\"g-cols vc_row via_flex valign_top type_default stacking_default\"><div class=\"vc_col-sm-5 wpb_column vc_column_container\"><div class=\"vc_column-inner\"><div class=\"wpb_wrapper\"><div class=\"wpb_text_column us_custom_8e09cc6b\"><div class=\"wpb_wrapper\"><h2>Postulez<\/h2>\n<\/div><\/div><div class=\"wpb_text_column before-triangle\"><div class=\"wpb_wrapper\"><p data-start=\"171\" data-end=\"257\">Remplissez le formulaire, nous vous recontacterons sous 48 heures.<\/p>\n<\/div><\/div><\/div><\/div><\/div><div class=\"vc_col-sm-1 wpb_column vc_column_container\"><div class=\"vc_column-inner\"><div class=\"wpb_wrapper\"><\/div><\/div><\/div><div class=\"vc_col-sm-6 wpb_column vc_column_container contact-form\"><div class=\"vc_column-inner\"><div class=\"wpb_wrapper\">\n<div class=\"wpcf7 no-js\" id=\"wpcf7-f1514-o1\" lang=\"fr-FR\" dir=\"ltr\" data-wpcf7-id=\"1514\">\n<div class=\"screen-reader-response\"><p role=\"status\" aria-live=\"polite\" aria-atomic=\"true\"><\/p> <ul><\/ul><\/div>\n<form action=\"\/fr\/wp-json\/wp\/v2\/pages\/1352#wpcf7-f1514-o1\" method=\"post\" class=\"wpcf7-form init\" aria-label=\"Formulaire de contact\" enctype=\"multipart\/form-data\" novalidate=\"novalidate\" data-status=\"init\">\n<fieldset class=\"hidden-fields-container\"><input type=\"hidden\" name=\"_wpcf7\" value=\"1514\" \/><input type=\"hidden\" name=\"_wpcf7_version\" value=\"6.1.5\" \/><input type=\"hidden\" name=\"_wpcf7_locale\" value=\"fr_FR\" \/><input type=\"hidden\" name=\"_wpcf7_unit_tag\" value=\"wpcf7-f1514-o1\" \/><input type=\"hidden\" name=\"_wpcf7_container_post\" value=\"0\" \/><input type=\"hidden\" name=\"_wpcf7_posted_data_hash\" value=\"\" \/><input type=\"hidden\" name=\"_wpcf7_recaptcha_response\" value=\"\" \/>\n<\/fieldset>\n<p><label> Nom et pr\u00e9nom*<br \/>\n<span class=\"wpcf7-form-control-wrap\" data-name=\"your-name\"><input size=\"40\" maxlength=\"400\" class=\"wpcf7-form-control wpcf7-text wpcf7-validates-as-required name-input-form\" autocomplete=\"name\" aria-required=\"true\" aria-invalid=\"false\" value=\"\" type=\"text\" name=\"your-name\" \/><\/span> <\/label>\n<\/p>\n<p><label> Messagerie \u00e9lectronique*<br \/>\n<span class=\"wpcf7-form-control-wrap\" data-name=\"your-email\"><input size=\"40\" maxlength=\"400\" class=\"wpcf7-form-control wpcf7-email wpcf7-validates-as-required wpcf7-text wpcf7-validates-as-email email-input-form\" autocomplete=\"email\" aria-required=\"true\" aria-invalid=\"false\" value=\"\" type=\"email\" name=\"your-email\" \/><\/span> <\/label>\n<\/p>\n<p><label> Ville concern\u00e9e*<br \/>\n<span class=\"wpcf7-form-control-wrap\" data-name=\"your-city\"><input size=\"40\" maxlength=\"400\" class=\"wpcf7-form-control wpcf7-text wpcf7-validates-as-required city-input-form\" autocomplete=\"name\" aria-required=\"true\" aria-invalid=\"false\" value=\"\" type=\"text\" name=\"your-city\" \/><\/span> <\/label>\n<\/p>\n<p><label> Pour quel poste postulez-vous ?<br \/>\n<span class=\"wpcf7-form-control-wrap\" data-name=\"your-job\"><input size=\"40\" maxlength=\"400\" class=\"wpcf7-form-control wpcf7-text wpcf7-validates-as-required name-input-form\" autocomplete=\"name\" aria-required=\"true\" aria-invalid=\"false\" value=\"\" type=\"text\" name=\"your-job\" \/><\/span> <\/label>\n<\/p>\n<p><label> Joignez votre CV<br \/>\n<span class=\"wpcf7-form-control-wrap\" data-name=\"your-file\"><input size=\"40\" class=\"wpcf7-form-control wpcf7-file wpcf7-validates-as-required upload-input-form\" accept=\".png,.txt,.doc,.pdf\" aria-required=\"true\" aria-invalid=\"false\" type=\"file\" name=\"your-file\" \/><\/span> <\/label>\n<\/p>\n<p><label> Message<br \/>\n<span class=\"wpcf7-form-control-wrap\" data-name=\"your-message\"><textarea cols=\"40\" rows=\"10\" maxlength=\"2000\" class=\"wpcf7-form-control wpcf7-textarea message-input-form\" aria-invalid=\"false\" name=\"your-message\"><\/textarea><\/span> <\/label>\n<\/p>\n<p><span class=\"wpcf7-form-control-wrap\" data-name=\"acceptance-501\"><span class=\"wpcf7-form-control wpcf7-acceptance\"><span class=\"wpcf7-list-item\"><label><input type=\"checkbox\" name=\"acceptance-501\" value=\"1\" class=\"acceptance-input-form\" aria-invalid=\"false\" \/><span class=\"wpcf7-list-item-label\">J\u2019ai lu et j\u2019accepte la <a href=\"https:\/\/www.iubenda.com\/privacy-policy\/57495190\" target=\"_blank\"><strong> politique de confidentialit\u00e9<\/strong>  <\/a><\/span><\/label><\/span><\/span><\/span>\n<\/p>\n<p><input class=\"wpcf7-form-control wpcf7-submit has-spinner\" type=\"submit\" value=\"Envoyer\" \/>\n<\/p><div class=\"wpcf7-response-output\" aria-hidden=\"true\"><\/div>\n<\/form>\n<\/div>\n<\/div><\/div><\/div><\/div><\/div><\/section>\n","protected":false},"excerpt":{"rendered":"Travaillez avec nous Nous rejoindre Rejoindre Niv\u00e0, c\u2019est faire partie d\u2019une famille o\u00f9 la passion, la qualit\u00e9 et l\u2019esprit d\u2019\u00e9quipe sont au centre de tout. Que vous soyez \u00e0 la recherche de votre premi\u00e8re exp\u00e9rience ou que vous souhaitiez mettre votre talent au service d\u2019une marque en pleine croissance, vous trouverez chez nous un environnement...","protected":false},"author":3,"featured_media":3016,"parent":0,"menu_order":0,"comment_status":"closed","ping_status":"closed","template":"","meta":{"_acf_changed":false,"footnotes":""},"class_list":["post-1352","page","type-page","status-publish","has-post-thumbnail","hentry"],"acf":[],"yoast_head":"<!-- This site is optimized with the Yoast SEO plugin v27.4 - https:\/\/yoast.com\/product\/yoast-seo-wordpress\/ -->\n<title>Travaillez avec nous - Niv\u00e0<\/title>\n<meta name=\"robots\" content=\"index, follow, max-snippet:-1, max-image-preview:large, max-video-preview:-1\" \/>\n<link rel=\"canonical\" href=\"https:\/\/www.nivagelato.com\/fr\/lavora-con-noi\/\" \/>\n<meta property=\"og:locale\" content=\"fr_FR\" \/>\n<meta property=\"og:type\" content=\"article\" \/>\n<meta property=\"og:title\" content=\"Travaillez avec nous - Niv\u00e0\" \/>\n<meta property=\"og:url\" content=\"https:\/\/www.nivagelato.com\/fr\/lavora-con-noi\/\" \/>\n<meta property=\"og:site_name\" content=\"Niv\u00e0\" \/>\n<meta property=\"article:modified_time\" content=\"2025-11-25T13:31:20+00:00\" \/>\n<meta property=\"og:image\" content=\"https:\/\/www.nivagelato.com\/wp-content\/uploads\/2025\/11\/0Q0A7367-111-scaled.jpg\" \/>\n\t<meta property=\"og:image:width\" content=\"333\" \/>\n\t<meta property=\"og:image:height\" content=\"500\" \/>\n\t<meta property=\"og:image:type\" content=\"image\/jpeg\" \/>\n<meta name=\"twitter:card\" content=\"summary_large_image\" \/>\n<meta name=\"twitter:label1\" content=\"Dur\u00e9e de lecture estim\u00e9e\" \/>\n\t<meta name=\"twitter:data1\" content=\"2 minutes\" \/>\n<script type=\"application\/ld+json\" class=\"yoast-schema-graph\">{\"@context\":\"https:\\\/\\\/schema.org\",\"@graph\":[{\"@type\":\"WebPage\",\"@id\":\"https:\\\/\\\/www.nivagelato.com\\\/fr\\\/lavora-con-noi\\\/\",\"url\":\"https:\\\/\\\/www.nivagelato.com\\\/fr\\\/lavora-con-noi\\\/\",\"name\":\"Travaillez avec nous - Niv\u00e0\",\"isPartOf\":{\"@id\":\"https:\\\/\\\/www.nivagelato.com\\\/fr\\\/#website\"},\"primaryImageOfPage\":{\"@id\":\"https:\\\/\\\/www.nivagelato.com\\\/fr\\\/lavora-con-noi\\\/#primaryimage\"},\"image\":{\"@id\":\"https:\\\/\\\/www.nivagelato.com\\\/fr\\\/lavora-con-noi\\\/#primaryimage\"},\"thumbnailUrl\":\"https:\\\/\\\/www.nivagelato.com\\\/wp-content\\\/uploads\\\/2025\\\/11\\\/0Q0A7367-111-scaled-e1765637420417.jpg\",\"datePublished\":\"2025-05-14T10:16:35+00:00\",\"dateModified\":\"2025-11-25T13:31:20+00:00\",\"breadcrumb\":{\"@id\":\"https:\\\/\\\/www.nivagelato.com\\\/fr\\\/lavora-con-noi\\\/#breadcrumb\"},\"inLanguage\":\"fr-FR\",\"potentialAction\":[{\"@type\":\"ReadAction\",\"target\":[\"https:\\\/\\\/www.nivagelato.com\\\/fr\\\/lavora-con-noi\\\/\"]}]},{\"@type\":\"ImageObject\",\"inLanguage\":\"fr-FR\",\"@id\":\"https:\\\/\\\/www.nivagelato.com\\\/fr\\\/lavora-con-noi\\\/#primaryimage\",\"url\":\"https:\\\/\\\/www.nivagelato.com\\\/wp-content\\\/uploads\\\/2025\\\/11\\\/0Q0A7367-111-scaled-e1765637420417.jpg\",\"contentUrl\":\"https:\\\/\\\/www.nivagelato.com\\\/wp-content\\\/uploads\\\/2025\\\/11\\\/0Q0A7367-111-scaled-e1765637420417.jpg\",\"width\":333,\"height\":500},{\"@type\":\"BreadcrumbList\",\"@id\":\"https:\\\/\\\/www.nivagelato.com\\\/fr\\\/lavora-con-noi\\\/#breadcrumb\",\"itemListElement\":[{\"@type\":\"ListItem\",\"position\":1,\"name\":\"Home\",\"item\":\"https:\\\/\\\/www.nivagelato.com\\\/fr\\\/\"},{\"@type\":\"ListItem\",\"position\":2,\"name\":\"Travaillez avec nous\"}]},{\"@type\":\"WebSite\",\"@id\":\"https:\\\/\\\/www.nivagelato.com\\\/fr\\\/#website\",\"url\":\"https:\\\/\\\/www.nivagelato.com\\\/fr\\\/\",\"name\":\"Niv\u00e0\",\"description\":\"Viva Niv\u00e0\",\"potentialAction\":[{\"@type\":\"SearchAction\",\"target\":{\"@type\":\"EntryPoint\",\"urlTemplate\":\"https:\\\/\\\/www.nivagelato.com\\\/fr\\\/?s={search_term_string}\"},\"query-input\":{\"@type\":\"PropertyValueSpecification\",\"valueRequired\":true,\"valueName\":\"search_term_string\"}}],\"inLanguage\":\"fr-FR\"}]}<\/script>\n<!-- \/ Yoast SEO plugin. -->","yoast_head_json":{"title":"Travaillez avec nous - Niv\u00e0","robots":{"index":"index","follow":"follow","max-snippet":"max-snippet:-1","max-image-preview":"max-image-preview:large","max-video-preview":"max-video-preview:-1"},"canonical":"https:\/\/www.nivagelato.com\/fr\/lavora-con-noi\/","og_locale":"fr_FR","og_type":"article","og_title":"Travaillez avec nous - Niv\u00e0","og_url":"https:\/\/www.nivagelato.com\/fr\/lavora-con-noi\/","og_site_name":"Niv\u00e0","article_modified_time":"2025-11-25T13:31:20+00:00","og_image":[{"width":333,"height":500,"url":"https:\/\/www.nivagelato.com\/wp-content\/uploads\/2025\/11\/0Q0A7367-111-scaled.jpg","type":"image\/jpeg"}],"twitter_card":"summary_large_image","twitter_misc":{"Dur\u00e9e de lecture estim\u00e9e":"2 minutes"},"schema":{"@context":"https:\/\/schema.org","@graph":[{"@type":"WebPage","@id":"https:\/\/www.nivagelato.com\/fr\/lavora-con-noi\/","url":"https:\/\/www.nivagelato.com\/fr\/lavora-con-noi\/","name":"Travaillez avec nous - Niv\u00e0","isPartOf":{"@id":"https:\/\/www.nivagelato.com\/fr\/#website"},"primaryImageOfPage":{"@id":"https:\/\/www.nivagelato.com\/fr\/lavora-con-noi\/#primaryimage"},"image":{"@id":"https:\/\/www.nivagelato.com\/fr\/lavora-con-noi\/#primaryimage"},"thumbnailUrl":"https:\/\/www.nivagelato.com\/wp-content\/uploads\/2025\/11\/0Q0A7367-111-scaled-e1765637420417.jpg","datePublished":"2025-05-14T10:16:35+00:00","dateModified":"2025-11-25T13:31:20+00:00","breadcrumb":{"@id":"https:\/\/www.nivagelato.com\/fr\/lavora-con-noi\/#breadcrumb"},"inLanguage":"fr-FR","potentialAction":[{"@type":"ReadAction","target":["https:\/\/www.nivagelato.com\/fr\/lavora-con-noi\/"]}]},{"@type":"ImageObject","inLanguage":"fr-FR","@id":"https:\/\/www.nivagelato.com\/fr\/lavora-con-noi\/#primaryimage","url":"https:\/\/www.nivagelato.com\/wp-content\/uploads\/2025\/11\/0Q0A7367-111-scaled-e1765637420417.jpg","contentUrl":"https:\/\/www.nivagelato.com\/wp-content\/uploads\/2025\/11\/0Q0A7367-111-scaled-e1765637420417.jpg","width":333,"height":500},{"@type":"BreadcrumbList","@id":"https:\/\/www.nivagelato.com\/fr\/lavora-con-noi\/#breadcrumb","itemListElement":[{"@type":"ListItem","position":1,"name":"Home","item":"https:\/\/www.nivagelato.com\/fr\/"},{"@type":"ListItem","position":2,"name":"Travaillez avec nous"}]},{"@type":"WebSite","@id":"https:\/\/www.nivagelato.com\/fr\/#website","url":"https:\/\/www.nivagelato.com\/fr\/","name":"Niv\u00e0","description":"Viva Niv\u00e0","potentialAction":[{"@type":"SearchAction","target":{"@type":"EntryPoint","urlTemplate":"https:\/\/www.nivagelato.com\/fr\/?s={search_term_string}"},"query-input":{"@type":"PropertyValueSpecification","valueRequired":true,"valueName":"search_term_string"}}],"inLanguage":"fr-FR"}]}},"_links":{"self":[{"href":"https:\/\/www.nivagelato.com\/fr\/wp-json\/wp\/v2\/pages\/1352","targetHints":{"allow":["GET"]}}],"collection":[{"href":"https:\/\/www.nivagelato.com\/fr\/wp-json\/wp\/v2\/pages"}],"about":[{"href":"https:\/\/www.nivagelato.com\/fr\/wp-json\/wp\/v2\/types\/page"}],"author":[{"embeddable":true,"href":"https:\/\/www.nivagelato.com\/fr\/wp-json\/wp\/v2\/users\/3"}],"replies":[{"embeddable":true,"href":"https:\/\/www.nivagelato.com\/fr\/wp-json\/wp\/v2\/comments?post=1352"}],"version-history":[{"count":9,"href":"https:\/\/www.nivagelato.com\/fr\/wp-json\/wp\/v2\/pages\/1352\/revisions"}],"predecessor-version":[{"id":3235,"href":"https:\/\/www.nivagelato.com\/fr\/wp-json\/wp\/v2\/pages\/1352\/revisions\/3235"}],"wp:featuredmedia":[{"embeddable":true,"href":"https:\/\/www.nivagelato.com\/fr\/wp-json\/wp\/v2\/media\/3016"}],"wp:attachment":[{"href":"https:\/\/www.nivagelato.com\/fr\/wp-json\/wp\/v2\/media?parent=1352"}],"curies":[{"name":"wp","href":"https:\/\/api.w.org\/{rel}","templated":true}]}}