{"id":1337,"date":"2025-05-14T12:50:47","date_gmt":"2025-05-14T10:50:47","guid":{"rendered":"https:\/\/www.nivagelato.com\/?page_id=1337"},"modified":"2025-11-28T14:41:47","modified_gmt":"2025-11-28T13:41:47","slug":"unisciti-a-noi","status":"publish","type":"page","link":"https:\/\/www.nivagelato.com\/fr\/unisciti-a-noi\/","title":{"rendered":"Rejoignez-nous"},"content":{"rendered":"<section class=\"l-section wpb_row us_custom_d2e6af97 heading-header header-page height_medium with_img parallax_fixed\"><div class=\"l-section-img\" role=\"img\" aria-label=\"Vaschetta di gelato Niv\u00e0\" data-img-width=\"1600\" data-img-height=\"639\" style=\"background-image: url(https:\/\/www.nivagelato.com\/wp-content\/uploads\/2025\/05\/apertura-macchinario-gelato-1.jpeg);background-repeat: no-repeat;\"><\/div><div class=\"l-section-h i-cf\"><div class=\"g-cols vc_row via_flex valign_top type_default stacking_default\"><div class=\"vc_col-sm-12 wpb_column vc_column_container\"><div class=\"vc_column-inner\"><div class=\"wpb_wrapper\"><div class=\"wpb_text_column us_custom_a2ebf4ae\"><div class=\"wpb_wrapper\"><h1>Rejoignez-nous<\/h1>\n<\/div><\/div><\/div><\/div><\/div><\/div><\/div><\/section><section class=\"l-section wpb_row height_medium\"><div class=\"l-section-h i-cf\"><div class=\"g-cols vc_row via_flex valign_top type_default stacking_default\"><div class=\"vc_col-sm-12 wpb_column vc_column_container\"><div class=\"vc_column-inner us_custom_eb849559\"><div class=\"wpb_wrapper\"><div class=\"wpb_text_column\"><div class=\"wpb_wrapper\"><h2>Apportez le go\u00fbt de Niv\u00e0 dans votre ville<\/h2>\n<p>Apportez l&rsquo;excellence Niv\u00e0 \u00e0 votre ville et participez \u00e0 une histoire de passion, de qualit\u00e9 et de r\u00e9ussite. Fort de notre exp\u00e9rience, d&rsquo;une marque reconnue et d&rsquo;un soutien constant, ouvrir un glacier Niv\u00e0, c&rsquo;est rejoindre un projet solide et partager notre vision de la glace artisanale italienne authentique. Une opportunit\u00e9 de grandir ensemble, avec le go\u00fbt et le style qui nous distinguent.<\/p>\n<\/div><\/div><\/div><\/div><\/div><\/div><\/div><\/section><section class=\"l-section wpb_row height_medium\"><div class=\"l-section-h i-cf\"><div class=\"g-cols vc_row via_flex valign_top type_default stacking_default\"><div class=\"vc_col-sm-4 wpb_column vc_column_container custom-animation\"><div class=\"vc_column-inner us_custom_00e7c952 us_animate_this\"><div class=\"wpb_wrapper\"><div class=\"w-image us_custom_2e7f4f40 has_height align_none\"><div class=\"w-image-h\"><img decoding=\"async\" width=\"244\" height=\"284\" src=\"https:\/\/www.nivagelato.com\/wp-content\/uploads\/2025\/05\/icona-vector-doppio-rombo.png\" class=\"attachment-large size-large\" alt=\"Icona rombo\" loading=\"lazy\" \/><\/div><\/div><div class=\"wpb_text_column us_custom_ab60d7b5\"><div class=\"wpb_wrapper\"><h3>Risque r\u00e9duit<\/h3>\n<\/div><\/div><div class=\"wpb_text_column\"><div class=\"wpb_wrapper\"><p>Rejoindre Niv\u00e0, c&rsquo;est partir sur des bases solides\u00a0: un format \u00e9prouv\u00e9, des fournisseurs s\u00e9lectionn\u00e9s, des recettes test\u00e9es et approuv\u00e9es et une expertise acquise au fil des ans. Tout cela vous permet de minimiser les risques et de vous concentrer sur la croissance de votre magasin.<\/p>\n<\/div><\/div><\/div><\/div><\/div><div class=\"vc_col-sm-4 wpb_column vc_column_container custom-animation\"><div class=\"vc_column-inner us_custom_cb738455 us_animate_this\"><div class=\"wpb_wrapper\"><div class=\"w-image us_custom_b3536cde has_height align_none\"><div class=\"w-image-h\"><img decoding=\"async\" width=\"244\" height=\"284\" src=\"https:\/\/www.nivagelato.com\/wp-content\/uploads\/2025\/05\/icona-vector-doppio-rombo.png\" class=\"attachment-large size-large\" alt=\"Icona rombo\" loading=\"lazy\" \/><\/div><\/div><div class=\"wpb_text_column us_custom_ab60d7b5\"><div class=\"wpb_wrapper\"><h3>Brand awareness<\/h3>\n<\/div><\/div><div class=\"wpb_text_column\"><div class=\"wpb_wrapper\"><p>Niv\u00e0 est une marque reconnue et prim\u00e9e, synonyme de qualit\u00e9 et de raffinement. Ouvrir un glacier Niv\u00e0, c&rsquo;est capitaliser sur cette r\u00e9putation et attirer imm\u00e9diatement une client\u00e8le en qu\u00eate d&rsquo;une exp\u00e9rience authentique et de qualit\u00e9.<\/p>\n<\/div><\/div><\/div><\/div><\/div><div class=\"vc_col-sm-4 wpb_column vc_column_container custom-animation\"><div class=\"vc_column-inner us_custom_f44a0554 us_animate_this\"><div class=\"wpb_wrapper\"><div class=\"w-image us_custom_b3536cde has_height align_none\"><div class=\"w-image-h\"><img decoding=\"async\" width=\"244\" height=\"284\" src=\"https:\/\/www.nivagelato.com\/wp-content\/uploads\/2025\/05\/icona-vector-doppio-rombo.png\" class=\"attachment-large size-large\" alt=\"Icona rombo\" loading=\"lazy\" \/><\/div><\/div><div class=\"wpb_text_column us_custom_ab60d7b5\"><div class=\"wpb_wrapper\"><h3>Formation et Soutien<\/h3>\n<\/div><\/div><div class=\"wpb_text_column\"><div class=\"wpb_wrapper\"><p>Vous ne serez jamais seul\u00a0: d\u00e8s votre d\u00e9cision d&rsquo;ouvrir et au-del\u00e0, notre \u00e9quipe vous accompagne \u00e0 chaque \u00e9tape. Formation technique, accompagnement manag\u00e9rial, communication et marketing\u00a0: Niv\u00e0 est toujours \u00e0 vos c\u00f4t\u00e9s pour assurer la r\u00e9ussite de votre projet.<\/p>\n<\/div><\/div><\/div><\/div><\/div><\/div><\/div><\/section><section class=\"l-section wpb_row us_custom_473b7308 height_medium with_img parallax_fixed\"><div class=\"l-section-img\" role=\"img\" aria-label=\"Nocciole\" data-img-width=\"1440\" data-img-height=\"1065\" style=\"background-image: url(https:\/\/www.nivagelato.com\/wp-content\/uploads\/2025\/06\/nocciole-niva-gelato-last.jpg);background-repeat: no-repeat;\"><\/div><div class=\"l-section-h i-cf\"><div class=\"g-cols vc_row via_flex valign_top type_default stacking_default\"><div class=\"vc_col-sm-12 wpb_column vc_column_container\"><div class=\"vc_column-inner\"><div class=\"wpb_wrapper\"><\/div><\/div><\/div><\/div><\/div><\/section><section class=\"l-section wpb_row us_custom_edb423b1 height_medium\"><div class=\"l-section-h i-cf\"><div class=\"g-cols vc_row via_flex valign_top type_default stacking_default\"><div class=\"vc_col-sm-12 wpb_column vc_column_container section-unisciti-noi\"><div class=\"vc_column-inner us_custom_8830be7d\"><div class=\"wpb_wrapper\"><div class=\"g-cols wpb_row column-reverse via_flex valign_top type_default stacking_default\"><div class=\"vc_col-sm-6 wpb_column vc_column_container\"><div class=\"vc_column-inner us_custom_1a5f66a3\"><div class=\"wpb_wrapper\">[vc_single_image image=\u00a0\u00bb3156&Prime; img_size=\u00a0\u00bb571px\u00a0\u00bb alignment=\u00a0\u00bbcenter\u00a0\u00bb css=\u00a0\u00bb\u00a0\u00bb]<\/div><\/div><\/div><div class=\"vc_col-sm-6 wpb_column vc_column_container column-flex-center\"><div class=\"vc_column-inner us_custom_6fc89685\"><div class=\"wpb_wrapper\"><div class=\"wpb_text_column us_custom_8e09cc6b\"><div class=\"wpb_wrapper\"><h2>Pr\u00e9requis<\/h2>\n<\/div><\/div><div class=\"wpb_text_column before-triangle\"><div class=\"wpb_wrapper\"><p>Nous recherchons des personnes motiv\u00e9es, passionn\u00e9es par la qualit\u00e9 et d\u00e9sireuses de progresser avec nous. Une exp\u00e9rience sp\u00e9cifique dans le domaine de la glace n&rsquo;est pas n\u00e9cessaire, mais un esprit d&rsquo;entreprise, le souci du d\u00e9tail et la volont\u00e9 d&rsquo;offrir un service d&rsquo;excellence sont essentiels.<br \/>\nSi vous partagez nos valeurs et r\u00eavez d&rsquo;apporter la saveur de Niv\u00e0 dans votre ville, nous sommes pr\u00eats \u00e0 vous rencontrer\u00a0!<\/p>\n<\/div><\/div><\/div><\/div><\/div><\/div><div class=\"g-cols wpb_row us_custom_60e2fcc7 single-icon via_flex valign_top type_default stacking_default\"><div class=\"vc_col-sm-12 wpb_column vc_column_container\"><div class=\"vc_column-inner\"><div class=\"wpb_wrapper\">[vc_single_image image=\u00a0\u00bb117&Prime; img_size=\u00a0\u00bb111pxx186px\u00a0\u00bb alignment=\u00a0\u00bbcenter\u00a0\u00bb css=\u00a0\u00bb\u00a0\u00bb]<\/div><\/div><\/div><\/div><div class=\"g-cols wpb_row via_flex valign_top type_default stacking_default\"><div class=\"vc_col-sm-6 wpb_column vc_column_container\"><div class=\"vc_column-inner us_custom_6fc89685\"><div class=\"wpb_wrapper\"><div class=\"wpb_text_column us_custom_8e09cc6b\"><div class=\"wpb_wrapper\"><h2>Venez nous rencontrer<\/h2>\n<\/div><\/div><div class=\"wpb_text_column before-triangle\"><div class=\"wpb_wrapper\"><p>Envie de d\u00e9couvrir par vous-m\u00eame ce qui rend l&rsquo;univers Niv\u00e0 si sp\u00e9cial\u00a0? Nous vous attendons avec impatience dans nos boutiques, o\u00f9 \u00e9l\u00e9gance et saveurs se marient chaque jour. Go\u00fbtez nos sp\u00e9cialit\u00e9s et savourez une authentique glace artisanale italienne.<\/p>\n<\/div><\/div><div class=\"w-btn-wrapper align_none\"><a class=\"w-btn us-btn-style_1 us_custom_00cb81a0\" href=\"\/locali\"><span class=\"w-btn-label\">Decouvrez nos boutiques<\/span><\/a><\/div><\/div><\/div><\/div><div class=\"vc_col-sm-6 wpb_column vc_column_container\"><div class=\"vc_column-inner us_custom_1a5f66a3\"><div class=\"wpb_wrapper\">[vc_single_image image=\u00a0\u00bb3144&Prime; img_size=\u00a0\u00bb571px\u00a0\u00bb alignment=\u00a0\u00bbcenter\u00a0\u00bb css=\u00a0\u00bb\u00a0\u00bb]<\/div><\/div><\/div><\/div><\/div><\/div><\/div><\/div><\/div><\/section><section class=\"l-section wpb_row us_custom_5f214bcb background-beige height_medium\"><div class=\"l-section-h i-cf\"><div class=\"g-cols vc_row via_flex valign_top type_default stacking_default\"><div class=\"vc_col-sm-5 wpb_column vc_column_container\"><div class=\"vc_column-inner\"><div class=\"wpb_wrapper\"><div class=\"wpb_text_column us_custom_8e09cc6b\"><div class=\"wpb_wrapper\"><h2>Racontez-nous votre histoire<\/h2>\n<\/div><\/div><div class=\"wpb_text_column before-triangle\"><div class=\"wpb_wrapper\"><p>Chaque parcours est unique, et nous aimerions conna\u00eetre le v\u00f4tre. Dites-nous qui vous \u00eates, quelles sont vos exp\u00e9riences et pourquoi vous souhaitez rejoindre l&rsquo;univers Niv\u00e0. Remplissez le formulaire et, qui sait\u2026 la prochaine success story pourrait bien \u00eatre la v\u00f4tre\u00a0!<\/p>\n<\/div><\/div><\/div><\/div><\/div><div class=\"vc_col-sm-1 wpb_column vc_column_container\"><div class=\"vc_column-inner\"><div class=\"wpb_wrapper\"><\/div><\/div><\/div><div class=\"vc_col-sm-6 wpb_column vc_column_container contact-form\"><div class=\"vc_column-inner\"><div class=\"wpb_wrapper\">\n<div class=\"wpcf7 no-js\" id=\"wpcf7-f1511-o1\" lang=\"fr-FR\" dir=\"ltr\" data-wpcf7-id=\"1511\">\n<div class=\"screen-reader-response\"><p role=\"status\" aria-live=\"polite\" aria-atomic=\"true\"><\/p> <ul><\/ul><\/div>\n<form action=\"\/fr\/wp-json\/wp\/v2\/pages\/1337#wpcf7-f1511-o1\" method=\"post\" class=\"wpcf7-form init\" aria-label=\"Formulaire de contact\" novalidate=\"novalidate\" data-status=\"init\">\n<fieldset class=\"hidden-fields-container\"><input type=\"hidden\" name=\"_wpcf7\" value=\"1511\" \/><input type=\"hidden\" name=\"_wpcf7_version\" value=\"6.1.5\" \/><input type=\"hidden\" name=\"_wpcf7_locale\" value=\"fr_FR\" \/><input type=\"hidden\" name=\"_wpcf7_unit_tag\" value=\"wpcf7-f1511-o1\" \/><input type=\"hidden\" name=\"_wpcf7_container_post\" value=\"0\" \/><input type=\"hidden\" name=\"_wpcf7_posted_data_hash\" value=\"\" \/><input type=\"hidden\" name=\"_wpcf7_recaptcha_response\" value=\"\" \/>\n<\/fieldset>\n<p><label class=\"title-form\"> Pourquoi voulez-vous faire partie de Niv\u00e0 ?<br \/>\n<span class=\"wpcf7-form-control-wrap\" data-name=\"your-message\"><textarea cols=\"40\" rows=\"10\" maxlength=\"2000\" class=\"wpcf7-form-control wpcf7-textarea message-input-form\" aria-invalid=\"false\" name=\"your-message\"><\/textarea><\/span> <\/label>\n<\/p>\n<p><label> Nom et pr\u00e9nom*<br \/>\n<span class=\"wpcf7-form-control-wrap\" data-name=\"your-name\"><input size=\"40\" maxlength=\"400\" class=\"wpcf7-form-control wpcf7-text wpcf7-validates-as-required name-input-form\" autocomplete=\"name\" aria-required=\"true\" aria-invalid=\"false\" value=\"\" type=\"text\" name=\"your-name\" \/><\/span> <\/label>\n<\/p>\n<p><label> Messagerie \u00e9lectronique*<br \/>\n<span class=\"wpcf7-form-control-wrap\" data-name=\"your-email\"><input size=\"40\" maxlength=\"400\" class=\"wpcf7-form-control wpcf7-email wpcf7-validates-as-required wpcf7-text wpcf7-validates-as-email email-input-form\" autocomplete=\"email\" aria-required=\"true\" aria-invalid=\"false\" value=\"\" type=\"email\" name=\"your-email\" \/><\/span> <\/label>\n<\/p>\n<p><label> Pays*<br \/>\n<span class=\"wpcf7-form-control-wrap\" data-name=\"your-country\"><input size=\"40\" maxlength=\"400\" class=\"wpcf7-form-control wpcf7-text wpcf7-validates-as-required country-input-form\" autocomplete=\"name\" aria-required=\"true\" aria-invalid=\"false\" value=\"\" type=\"text\" name=\"your-country\" \/><\/span> <\/label>\n<\/p>\n<p><label> Ville*<br \/>\n<span class=\"wpcf7-form-control-wrap\" data-name=\"your-city\"><input size=\"40\" maxlength=\"400\" class=\"wpcf7-form-control wpcf7-text wpcf7-validates-as-required city-input-form\" autocomplete=\"name\" aria-required=\"true\" aria-invalid=\"false\" value=\"\" type=\"text\" name=\"your-city\" \/><\/span> <\/label>\n<\/p>\n<p><span class=\"wpcf7-form-control-wrap\" data-name=\"acceptance-501\"><span class=\"wpcf7-form-control wpcf7-acceptance\"><span class=\"wpcf7-list-item\"><label><input type=\"checkbox\" name=\"acceptance-501\" value=\"1\" class=\"acceptance-input-form\" aria-invalid=\"false\" \/><span class=\"wpcf7-list-item-label\">J\u2019ai lu et j\u2019accepte la <a href=\"https:\/\/www.iubenda.com\/privacy-policy\/57495190\" target=\"_blank\"><strong>politique de confidentialit\u00e9<\/strong>  <\/a><\/span><\/label><\/span><\/span><\/span>\n<\/p>\n<p><input class=\"wpcf7-form-control wpcf7-submit has-spinner\" type=\"submit\" value=\"Envoyer\" \/>\n<\/p><div class=\"wpcf7-response-output\" aria-hidden=\"true\"><\/div>\n<\/form>\n<\/div>\n<\/div><\/div><\/div><\/div><\/div><\/section>\n","protected":false},"excerpt":{"rendered":"Rejoignez-nous Apportez le go\u00fbt de Niv\u00e0 dans votre ville Apportez l&rsquo;excellence Niv\u00e0 \u00e0 votre ville et participez \u00e0 une histoire de passion, de qualit\u00e9 et de r\u00e9ussite. Fort de notre exp\u00e9rience, d&rsquo;une marque reconnue et d&rsquo;un soutien constant, ouvrir un glacier Niv\u00e0, c&rsquo;est rejoindre un projet solide et partager notre vision de la glace artisanale...","protected":false},"author":3,"featured_media":0,"parent":0,"menu_order":0,"comment_status":"closed","ping_status":"closed","template":"","meta":{"_acf_changed":false,"footnotes":""},"class_list":["post-1337","page","type-page","status-publish","hentry"],"acf":[],"yoast_head":"<!-- This site is optimized with the Yoast SEO plugin v27.4 - https:\/\/yoast.com\/product\/yoast-seo-wordpress\/ -->\n<title>Rejoignez l\u2019univers Niv\u00e0 et ouvrez votre glacerie d\u2019excellence - Niv\u00e0<\/title>\n<meta name=\"description\" content=\"Rejoignez-nous et apportez Niv\u00e0 dans votre ville : ouvrez une glacerie avec une marque de qualit\u00e9, une formation continue et un soutien strat\u00e9gique.\" \/>\n<meta name=\"robots\" content=\"index, follow, max-snippet:-1, max-image-preview:large, max-video-preview:-1\" \/>\n<link rel=\"canonical\" href=\"https:\/\/www.nivagelato.com\/fr\/unisciti-a-noi\/\" \/>\n<meta property=\"og:locale\" content=\"fr_FR\" \/>\n<meta property=\"og:type\" content=\"article\" \/>\n<meta property=\"og:title\" content=\"Rejoignez l\u2019univers Niv\u00e0 et ouvrez votre glacerie d\u2019excellence - Niv\u00e0\" \/>\n<meta property=\"og:description\" content=\"Rejoignez-nous et apportez Niv\u00e0 dans votre ville : ouvrez une glacerie avec une marque de qualit\u00e9, une formation continue et un soutien strat\u00e9gique.\" \/>\n<meta property=\"og:url\" content=\"https:\/\/www.nivagelato.com\/fr\/unisciti-a-noi\/\" \/>\n<meta property=\"og:site_name\" content=\"Niv\u00e0\" \/>\n<meta property=\"article:modified_time\" content=\"2025-11-28T13:41:47+00:00\" \/>\n<meta name=\"twitter:card\" content=\"summary_large_image\" \/>\n<meta name=\"twitter:label1\" content=\"Dur\u00e9e de lecture estim\u00e9e\" \/>\n\t<meta name=\"twitter:data1\" content=\"3 minutes\" \/>\n<script type=\"application\/ld+json\" class=\"yoast-schema-graph\">{\"@context\":\"https:\\\/\\\/schema.org\",\"@graph\":[{\"@type\":\"WebPage\",\"@id\":\"https:\\\/\\\/www.nivagelato.com\\\/fr\\\/unisciti-a-noi\\\/\",\"url\":\"https:\\\/\\\/www.nivagelato.com\\\/fr\\\/unisciti-a-noi\\\/\",\"name\":\"Rejoignez l\u2019univers Niv\u00e0 et ouvrez votre glacerie d\u2019excellence - Niv\u00e0\",\"isPartOf\":{\"@id\":\"https:\\\/\\\/www.nivagelato.com\\\/fr\\\/#website\"},\"datePublished\":\"2025-05-14T10:50:47+00:00\",\"dateModified\":\"2025-11-28T13:41:47+00:00\",\"description\":\"Rejoignez-nous et apportez Niv\u00e0 dans votre ville : ouvrez une glacerie avec une marque de qualit\u00e9, une formation continue et un soutien strat\u00e9gique.\",\"breadcrumb\":{\"@id\":\"https:\\\/\\\/www.nivagelato.com\\\/fr\\\/unisciti-a-noi\\\/#breadcrumb\"},\"inLanguage\":\"fr-FR\",\"potentialAction\":[{\"@type\":\"ReadAction\",\"target\":[\"https:\\\/\\\/www.nivagelato.com\\\/fr\\\/unisciti-a-noi\\\/\"]}]},{\"@type\":\"BreadcrumbList\",\"@id\":\"https:\\\/\\\/www.nivagelato.com\\\/fr\\\/unisciti-a-noi\\\/#breadcrumb\",\"itemListElement\":[{\"@type\":\"ListItem\",\"position\":1,\"name\":\"Home\",\"item\":\"https:\\\/\\\/www.nivagelato.com\\\/fr\\\/\"},{\"@type\":\"ListItem\",\"position\":2,\"name\":\"Rejoignez-nous\"}]},{\"@type\":\"WebSite\",\"@id\":\"https:\\\/\\\/www.nivagelato.com\\\/fr\\\/#website\",\"url\":\"https:\\\/\\\/www.nivagelato.com\\\/fr\\\/\",\"name\":\"Niv\u00e0\",\"description\":\"Viva Niv\u00e0\",\"potentialAction\":[{\"@type\":\"SearchAction\",\"target\":{\"@type\":\"EntryPoint\",\"urlTemplate\":\"https:\\\/\\\/www.nivagelato.com\\\/fr\\\/?s={search_term_string}\"},\"query-input\":{\"@type\":\"PropertyValueSpecification\",\"valueRequired\":true,\"valueName\":\"search_term_string\"}}],\"inLanguage\":\"fr-FR\"}]}<\/script>\n<!-- \/ Yoast SEO plugin. -->","yoast_head_json":{"title":"Rejoignez l\u2019univers Niv\u00e0 et ouvrez votre glacerie d\u2019excellence - Niv\u00e0","description":"Rejoignez-nous et apportez Niv\u00e0 dans votre ville : ouvrez une glacerie avec une marque de qualit\u00e9, une formation continue et un soutien strat\u00e9gique.","robots":{"index":"index","follow":"follow","max-snippet":"max-snippet:-1","max-image-preview":"max-image-preview:large","max-video-preview":"max-video-preview:-1"},"canonical":"https:\/\/www.nivagelato.com\/fr\/unisciti-a-noi\/","og_locale":"fr_FR","og_type":"article","og_title":"Rejoignez l\u2019univers Niv\u00e0 et ouvrez votre glacerie d\u2019excellence - Niv\u00e0","og_description":"Rejoignez-nous et apportez Niv\u00e0 dans votre ville : ouvrez une glacerie avec une marque de qualit\u00e9, une formation continue et un soutien strat\u00e9gique.","og_url":"https:\/\/www.nivagelato.com\/fr\/unisciti-a-noi\/","og_site_name":"Niv\u00e0","article_modified_time":"2025-11-28T13:41:47+00:00","twitter_card":"summary_large_image","twitter_misc":{"Dur\u00e9e de lecture estim\u00e9e":"3 minutes"},"schema":{"@context":"https:\/\/schema.org","@graph":[{"@type":"WebPage","@id":"https:\/\/www.nivagelato.com\/fr\/unisciti-a-noi\/","url":"https:\/\/www.nivagelato.com\/fr\/unisciti-a-noi\/","name":"Rejoignez l\u2019univers Niv\u00e0 et ouvrez votre glacerie d\u2019excellence - Niv\u00e0","isPartOf":{"@id":"https:\/\/www.nivagelato.com\/fr\/#website"},"datePublished":"2025-05-14T10:50:47+00:00","dateModified":"2025-11-28T13:41:47+00:00","description":"Rejoignez-nous et apportez Niv\u00e0 dans votre ville : ouvrez une glacerie avec une marque de qualit\u00e9, une formation continue et un soutien strat\u00e9gique.","breadcrumb":{"@id":"https:\/\/www.nivagelato.com\/fr\/unisciti-a-noi\/#breadcrumb"},"inLanguage":"fr-FR","potentialAction":[{"@type":"ReadAction","target":["https:\/\/www.nivagelato.com\/fr\/unisciti-a-noi\/"]}]},{"@type":"BreadcrumbList","@id":"https:\/\/www.nivagelato.com\/fr\/unisciti-a-noi\/#breadcrumb","itemListElement":[{"@type":"ListItem","position":1,"name":"Home","item":"https:\/\/www.nivagelato.com\/fr\/"},{"@type":"ListItem","position":2,"name":"Rejoignez-nous"}]},{"@type":"WebSite","@id":"https:\/\/www.nivagelato.com\/fr\/#website","url":"https:\/\/www.nivagelato.com\/fr\/","name":"Niv\u00e0","description":"Viva Niv\u00e0","potentialAction":[{"@type":"SearchAction","target":{"@type":"EntryPoint","urlTemplate":"https:\/\/www.nivagelato.com\/fr\/?s={search_term_string}"},"query-input":{"@type":"PropertyValueSpecification","valueRequired":true,"valueName":"search_term_string"}}],"inLanguage":"fr-FR"}]}},"_links":{"self":[{"href":"https:\/\/www.nivagelato.com\/fr\/wp-json\/wp\/v2\/pages\/1337","targetHints":{"allow":["GET"]}}],"collection":[{"href":"https:\/\/www.nivagelato.com\/fr\/wp-json\/wp\/v2\/pages"}],"about":[{"href":"https:\/\/www.nivagelato.com\/fr\/wp-json\/wp\/v2\/types\/page"}],"author":[{"embeddable":true,"href":"https:\/\/www.nivagelato.com\/fr\/wp-json\/wp\/v2\/users\/3"}],"replies":[{"embeddable":true,"href":"https:\/\/www.nivagelato.com\/fr\/wp-json\/wp\/v2\/comments?post=1337"}],"version-history":[{"count":11,"href":"https:\/\/www.nivagelato.com\/fr\/wp-json\/wp\/v2\/pages\/1337\/revisions"}],"predecessor-version":[{"id":3477,"href":"https:\/\/www.nivagelato.com\/fr\/wp-json\/wp\/v2\/pages\/1337\/revisions\/3477"}],"wp:attachment":[{"href":"https:\/\/www.nivagelato.com\/fr\/wp-json\/wp\/v2\/media?parent=1337"}],"curies":[{"name":"wp","href":"https:\/\/api.w.org\/{rel}","templated":true}]}}