{"id":1328,"date":"2025-05-14T14:19:26","date_gmt":"2025-05-14T12:19:26","guid":{"rendered":"https:\/\/www.nivagelato.com\/?page_id=1328"},"modified":"2025-11-25T16:54:24","modified_gmt":"2025-11-25T15:54:24","slug":"contatti","status":"publish","type":"page","link":"https:\/\/www.nivagelato.com\/fr\/contatti\/","title":{"rendered":"Contacts"},"content":{"rendered":"<section class=\"l-section wpb_row us_custom_d2e6af97 heading-header header-page height_medium with_img parallax_fixed\"><div class=\"l-section-img\" role=\"img\" aria-label=\"Image\" data-img-width=\"1690\" data-img-height=\"1458\" style=\"background-image: url(https:\/\/www.nivagelato.com\/wp-content\/uploads\/2025\/11\/DSC06448-scaled-e1764086053478.jpg);background-repeat: no-repeat;\"><\/div><div class=\"l-section-h i-cf\"><div class=\"g-cols vc_row via_flex valign_top type_default stacking_default\"><div class=\"vc_col-sm-12 wpb_column vc_column_container\"><div class=\"vc_column-inner\"><div class=\"wpb_wrapper\"><div class=\"wpb_text_column us_custom_a2ebf4ae\"><div class=\"wpb_wrapper\"><h1>Contacts<\/h1>\n<\/div><\/div><\/div><\/div><\/div><\/div><\/div><\/section><section class=\"l-section wpb_row us_custom_ee3f3fee background-beige height_medium\"><div class=\"l-section-h i-cf\"><div class=\"g-cols vc_row via_flex valign_top type_default stacking_default\"><div class=\"vc_col-sm-5 wpb_column vc_column_container\"><div class=\"vc_column-inner\"><div class=\"wpb_wrapper\"><div class=\"wpb_text_column before-triangle\"><div class=\"wpb_wrapper\"><p data-start=\"171\" data-end=\"257\">Remplissez le formulaire, nous vous recontacterons sous 48 heures.<\/p>\n<\/div><\/div><\/div><\/div><\/div><div class=\"vc_col-sm-2 wpb_column vc_column_container\"><div class=\"vc_column-inner\"><div class=\"wpb_wrapper\"><\/div><\/div><\/div><div class=\"vc_col-sm-5 wpb_column vc_column_container contact-form\"><div class=\"vc_column-inner\"><div class=\"wpb_wrapper\">\n<div class=\"wpcf7 no-js\" id=\"wpcf7-f1490-o1\" lang=\"fr-FR\" dir=\"ltr\" data-wpcf7-id=\"1490\">\n<div class=\"screen-reader-response\"><p role=\"status\" aria-live=\"polite\" aria-atomic=\"true\"><\/p> <ul><\/ul><\/div>\n<form action=\"\/fr\/wp-json\/wp\/v2\/pages\/1328#wpcf7-f1490-o1\" method=\"post\" class=\"wpcf7-form init\" aria-label=\"Formulaire de contact\" novalidate=\"novalidate\" data-status=\"init\">\n<fieldset class=\"hidden-fields-container\"><input type=\"hidden\" name=\"_wpcf7\" value=\"1490\" \/><input type=\"hidden\" name=\"_wpcf7_version\" value=\"6.1.5\" \/><input type=\"hidden\" name=\"_wpcf7_locale\" value=\"fr_FR\" \/><input type=\"hidden\" name=\"_wpcf7_unit_tag\" value=\"wpcf7-f1490-o1\" \/><input type=\"hidden\" name=\"_wpcf7_container_post\" value=\"0\" \/><input type=\"hidden\" name=\"_wpcf7_posted_data_hash\" value=\"\" \/><input type=\"hidden\" name=\"_wpcf7_recaptcha_response\" value=\"\" \/>\n<\/fieldset>\n<p><label> Nom et pr\u00e9nom*<br \/>\n<span class=\"wpcf7-form-control-wrap\" data-name=\"your-name\"><input size=\"40\" maxlength=\"400\" class=\"wpcf7-form-control wpcf7-text wpcf7-validates-as-required name-input-form\" autocomplete=\"name\" aria-required=\"true\" aria-invalid=\"false\" value=\"\" type=\"text\" name=\"your-name\" \/><\/span> <\/label>\n<\/p>\n<p><label> Messagerie \u00e9lectronique*<br \/>\n<span class=\"wpcf7-form-control-wrap\" data-name=\"your-email\"><input size=\"40\" maxlength=\"400\" class=\"wpcf7-form-control wpcf7-email wpcf7-validates-as-required wpcf7-text wpcf7-validates-as-email email-input-form\" autocomplete=\"email\" aria-required=\"true\" aria-invalid=\"false\" value=\"\" type=\"email\" name=\"your-email\" \/><\/span> <\/label>\n<\/p>\n<p><label> Message<br \/>\n<span class=\"wpcf7-form-control-wrap\" data-name=\"your-message\"><textarea cols=\"40\" rows=\"10\" maxlength=\"2000\" class=\"wpcf7-form-control wpcf7-textarea message-input-form\" aria-invalid=\"false\" name=\"your-message\"><\/textarea><\/span> <\/label>\n<\/p>\n<p><span class=\"wpcf7-form-control-wrap\" data-name=\"acceptance-501\"><span class=\"wpcf7-form-control wpcf7-acceptance\"><span class=\"wpcf7-list-item\"><label><input type=\"checkbox\" name=\"acceptance-501\" value=\"1\" class=\"acceptance-input-form\" aria-invalid=\"false\" \/><span class=\"wpcf7-list-item-label\">J\u2019ai lu et j\u2019accepte la <a href=\"https:\/\/www.iubenda.com\/privacy-policy\/57495190\" target=\"_blank\"> <strong>politique de confidentialit\u00e9<\/strong><\/a><\/span><\/label><\/span><\/span><\/span>\n<\/p>\n<p><input class=\"wpcf7-form-control wpcf7-submit has-spinner\" type=\"submit\" value=\"Envoyer\" \/>\n<\/p><div class=\"wpcf7-response-output\" aria-hidden=\"true\"><\/div>\n<\/form>\n<\/div>\n<\/div><\/div><\/div><\/div><\/div><\/section>\n","protected":false},"excerpt":{"rendered":"Contacts Remplissez le formulaire, nous vous recontacterons sous 48 heures. Nom et pr\u00e9nom* Messagerie \u00e9lectronique* Message J\u2019ai lu et j\u2019accepte la politique de confidentialit\u00e9","protected":false},"author":3,"featured_media":0,"parent":0,"menu_order":0,"comment_status":"closed","ping_status":"closed","template":"","meta":{"_acf_changed":false,"footnotes":""},"class_list":["post-1328","page","type-page","status-publish","hentry"],"acf":[],"yoast_head":"<!-- This site is optimized with the Yoast SEO plugin v27.4 - https:\/\/yoast.com\/product\/yoast-seo-wordpress\/ -->\n<title>D\u00e9couvrez les glaceries Niv\u00e0: contactez-nous pour informations - Niv\u00e0<\/title>\n<meta name=\"description\" content=\"Venez vivre l\u2019exp\u00e9rience des glaceries Niv\u00e0 ou contactez-nous pour infos et commandes. Nous sommes l\u00e0 pour vous offrir l\u2019excellence de la glace italienne.\" \/>\n<meta name=\"robots\" content=\"index, follow, max-snippet:-1, max-image-preview:large, max-video-preview:-1\" \/>\n<link rel=\"canonical\" href=\"https:\/\/www.nivagelato.com\/fr\/contatti\/\" \/>\n<meta property=\"og:locale\" content=\"fr_FR\" \/>\n<meta property=\"og:type\" content=\"article\" \/>\n<meta property=\"og:title\" content=\"D\u00e9couvrez les glaceries Niv\u00e0: contactez-nous pour informations - Niv\u00e0\" \/>\n<meta property=\"og:description\" content=\"Venez vivre l\u2019exp\u00e9rience des glaceries Niv\u00e0 ou contactez-nous pour infos et commandes. Nous sommes l\u00e0 pour vous offrir l\u2019excellence de la glace italienne.\" \/>\n<meta property=\"og:url\" content=\"https:\/\/www.nivagelato.com\/fr\/contatti\/\" \/>\n<meta property=\"og:site_name\" content=\"Niv\u00e0\" \/>\n<meta property=\"article:modified_time\" content=\"2025-11-25T15:54:24+00:00\" \/>\n<meta name=\"twitter:card\" content=\"summary_large_image\" \/>\n<meta name=\"twitter:label1\" content=\"Dur\u00e9e de lecture estim\u00e9e\" \/>\n\t<meta name=\"twitter:data1\" content=\"1 minute\" \/>\n<script type=\"application\/ld+json\" class=\"yoast-schema-graph\">{\"@context\":\"https:\\\/\\\/schema.org\",\"@graph\":[{\"@type\":\"WebPage\",\"@id\":\"https:\\\/\\\/www.nivagelato.com\\\/fr\\\/contatti\\\/\",\"url\":\"https:\\\/\\\/www.nivagelato.com\\\/fr\\\/contatti\\\/\",\"name\":\"D\u00e9couvrez les glaceries Niv\u00e0: contactez-nous pour informations - Niv\u00e0\",\"isPartOf\":{\"@id\":\"https:\\\/\\\/www.nivagelato.com\\\/fr\\\/#website\"},\"datePublished\":\"2025-05-14T12:19:26+00:00\",\"dateModified\":\"2025-11-25T15:54:24+00:00\",\"description\":\"Venez vivre l\u2019exp\u00e9rience des glaceries Niv\u00e0 ou contactez-nous pour infos et commandes. Nous sommes l\u00e0 pour vous offrir l\u2019excellence de la glace italienne.\",\"breadcrumb\":{\"@id\":\"https:\\\/\\\/www.nivagelato.com\\\/fr\\\/contatti\\\/#breadcrumb\"},\"inLanguage\":\"fr-FR\",\"potentialAction\":[{\"@type\":\"ReadAction\",\"target\":[\"https:\\\/\\\/www.nivagelato.com\\\/fr\\\/contatti\\\/\"]}]},{\"@type\":\"BreadcrumbList\",\"@id\":\"https:\\\/\\\/www.nivagelato.com\\\/fr\\\/contatti\\\/#breadcrumb\",\"itemListElement\":[{\"@type\":\"ListItem\",\"position\":1,\"name\":\"Home\",\"item\":\"https:\\\/\\\/www.nivagelato.com\\\/fr\\\/\"},{\"@type\":\"ListItem\",\"position\":2,\"name\":\"Contacts\"}]},{\"@type\":\"WebSite\",\"@id\":\"https:\\\/\\\/www.nivagelato.com\\\/fr\\\/#website\",\"url\":\"https:\\\/\\\/www.nivagelato.com\\\/fr\\\/\",\"name\":\"Niv\u00e0\",\"description\":\"Viva Niv\u00e0\",\"potentialAction\":[{\"@type\":\"SearchAction\",\"target\":{\"@type\":\"EntryPoint\",\"urlTemplate\":\"https:\\\/\\\/www.nivagelato.com\\\/fr\\\/?s={search_term_string}\"},\"query-input\":{\"@type\":\"PropertyValueSpecification\",\"valueRequired\":true,\"valueName\":\"search_term_string\"}}],\"inLanguage\":\"fr-FR\"}]}<\/script>\n<!-- \/ Yoast SEO plugin. -->","yoast_head_json":{"title":"D\u00e9couvrez les glaceries Niv\u00e0: contactez-nous pour informations - Niv\u00e0","description":"Venez vivre l\u2019exp\u00e9rience des glaceries Niv\u00e0 ou contactez-nous pour infos et commandes. Nous sommes l\u00e0 pour vous offrir l\u2019excellence de la glace italienne.","robots":{"index":"index","follow":"follow","max-snippet":"max-snippet:-1","max-image-preview":"max-image-preview:large","max-video-preview":"max-video-preview:-1"},"canonical":"https:\/\/www.nivagelato.com\/fr\/contatti\/","og_locale":"fr_FR","og_type":"article","og_title":"D\u00e9couvrez les glaceries Niv\u00e0: contactez-nous pour informations - Niv\u00e0","og_description":"Venez vivre l\u2019exp\u00e9rience des glaceries Niv\u00e0 ou contactez-nous pour infos et commandes. Nous sommes l\u00e0 pour vous offrir l\u2019excellence de la glace italienne.","og_url":"https:\/\/www.nivagelato.com\/fr\/contatti\/","og_site_name":"Niv\u00e0","article_modified_time":"2025-11-25T15:54:24+00:00","twitter_card":"summary_large_image","twitter_misc":{"Dur\u00e9e de lecture estim\u00e9e":"1 minute"},"schema":{"@context":"https:\/\/schema.org","@graph":[{"@type":"WebPage","@id":"https:\/\/www.nivagelato.com\/fr\/contatti\/","url":"https:\/\/www.nivagelato.com\/fr\/contatti\/","name":"D\u00e9couvrez les glaceries Niv\u00e0: contactez-nous pour informations - Niv\u00e0","isPartOf":{"@id":"https:\/\/www.nivagelato.com\/fr\/#website"},"datePublished":"2025-05-14T12:19:26+00:00","dateModified":"2025-11-25T15:54:24+00:00","description":"Venez vivre l\u2019exp\u00e9rience des glaceries Niv\u00e0 ou contactez-nous pour infos et commandes. Nous sommes l\u00e0 pour vous offrir l\u2019excellence de la glace italienne.","breadcrumb":{"@id":"https:\/\/www.nivagelato.com\/fr\/contatti\/#breadcrumb"},"inLanguage":"fr-FR","potentialAction":[{"@type":"ReadAction","target":["https:\/\/www.nivagelato.com\/fr\/contatti\/"]}]},{"@type":"BreadcrumbList","@id":"https:\/\/www.nivagelato.com\/fr\/contatti\/#breadcrumb","itemListElement":[{"@type":"ListItem","position":1,"name":"Home","item":"https:\/\/www.nivagelato.com\/fr\/"},{"@type":"ListItem","position":2,"name":"Contacts"}]},{"@type":"WebSite","@id":"https:\/\/www.nivagelato.com\/fr\/#website","url":"https:\/\/www.nivagelato.com\/fr\/","name":"Niv\u00e0","description":"Viva Niv\u00e0","potentialAction":[{"@type":"SearchAction","target":{"@type":"EntryPoint","urlTemplate":"https:\/\/www.nivagelato.com\/fr\/?s={search_term_string}"},"query-input":{"@type":"PropertyValueSpecification","valueRequired":true,"valueName":"search_term_string"}}],"inLanguage":"fr-FR"}]}},"_links":{"self":[{"href":"https:\/\/www.nivagelato.com\/fr\/wp-json\/wp\/v2\/pages\/1328","targetHints":{"allow":["GET"]}}],"collection":[{"href":"https:\/\/www.nivagelato.com\/fr\/wp-json\/wp\/v2\/pages"}],"about":[{"href":"https:\/\/www.nivagelato.com\/fr\/wp-json\/wp\/v2\/types\/page"}],"author":[{"embeddable":true,"href":"https:\/\/www.nivagelato.com\/fr\/wp-json\/wp\/v2\/users\/3"}],"replies":[{"embeddable":true,"href":"https:\/\/www.nivagelato.com\/fr\/wp-json\/wp\/v2\/comments?post=1328"}],"version-history":[{"count":6,"href":"https:\/\/www.nivagelato.com\/fr\/wp-json\/wp\/v2\/pages\/1328\/revisions"}],"predecessor-version":[{"id":1790,"href":"https:\/\/www.nivagelato.com\/fr\/wp-json\/wp\/v2\/pages\/1328\/revisions\/1790"}],"wp:attachment":[{"href":"https:\/\/www.nivagelato.com\/fr\/wp-json\/wp\/v2\/media?parent=1328"}],"curies":[{"name":"wp","href":"https:\/\/api.w.org\/{rel}","templated":true}]}}