{"id":1319,"date":"2025-05-14T14:42:01","date_gmt":"2025-05-14T12:42:01","guid":{"rendered":"https:\/\/www.nivagelato.com\/?page_id=1319"},"modified":"2025-12-12T19:45:28","modified_gmt":"2025-12-12T18:45:28","slug":"eventi","status":"publish","type":"page","link":"https:\/\/www.nivagelato.com\/fr\/eventi\/","title":{"rendered":"\u00c9v\u00e9nements"},"content":{"rendered":"<section class=\"l-section wpb_row us_custom_555b0c8e heading-header header-page height_medium with_img parallax_fixed\"><div class=\"l-section-img\" role=\"img\" aria-label=\"Camioncino dei gelati Niv\u00e0\" data-img-width=\"1600\" data-img-height=\"639\" style=\"background-image: url(https:\/\/www.nivagelato.com\/wp-content\/uploads\/2025\/05\/Apertura-camioncino-gelati-1.jpeg);background-repeat: no-repeat;\"><\/div><div class=\"l-section-h i-cf\"><div class=\"g-cols vc_row via_flex valign_top type_default stacking_default\"><div class=\"vc_col-sm-12 wpb_column vc_column_container\"><div class=\"vc_column-inner\"><div class=\"wpb_wrapper\"><div class=\"wpb_text_column us_custom_a2ebf4ae\"><div class=\"wpb_wrapper\"><h1>\u00c9v\u00e9nements<\/h1>\n<\/div><\/div><\/div><\/div><\/div><\/div><\/div><\/section><section class=\"l-section wpb_row height_medium\"><div class=\"l-section-h i-cf\"><div class=\"g-cols vc_row via_flex valign_top type_default stacking_default\"><div class=\"vc_col-sm-6 wpb_column vc_column_container\"><div class=\"vc_column-inner us_custom_eb849559\"><div class=\"wpb_wrapper\"><div class=\"wpb_text_column us_custom_3ec8f346\"><div class=\"wpb_wrapper\"><h2>Grands Ev\u00e9nements<\/h2>\n<p>Mariage, anniversaire, \u00e9v\u00e9nement d&rsquo;entreprise\u00a0: avec Niv\u00e0, chaque occasion devient encore plus sp\u00e9ciale. Offrez \u00e0 vos invit\u00e9s le plaisir d&rsquo;une glace artisanale, \u00e9labor\u00e9e \u00e0 partir d&rsquo;ingr\u00e9dients s\u00e9lectionn\u00e9s et servie avec \u00e9l\u00e9gance. Contactez-nous pour cr\u00e9er une exp\u00e9rience sur mesure, aussi unique que vos moments pr\u00e9cieux. L&rsquo;Ape Car, qui ne cesse d&rsquo;\u00e9merveiller.<\/p>\n<p>.<\/p>\n<\/div><\/div><div class=\"w-image align_none\"><div class=\"w-image-h\"><img decoding=\"async\" width=\"683\" height=\"1024\" src=\"https:\/\/www.nivagelato.com\/wp-content\/uploads\/2025\/11\/0Q0A7201-97-683x1024.jpg\" class=\"attachment-large size-large\" alt=\"\" loading=\"lazy\" srcset=\"https:\/\/www.nivagelato.com\/wp-content\/uploads\/2025\/11\/0Q0A7201-97-683x1024.jpg 683w, https:\/\/www.nivagelato.com\/wp-content\/uploads\/2025\/11\/0Q0A7201-97-200x300.jpg 200w, https:\/\/www.nivagelato.com\/wp-content\/uploads\/2025\/11\/0Q0A7201-97-scaled.jpg 333w\" sizes=\"auto, (max-width: 683px) 100vw, 683px\" \/><\/div><\/div><div class=\"w-btn-wrapper align_none\"><a class=\"w-btn us-btn-style_1 us_custom_af6a9b6a\" href=\"#contattaci\"><span class=\"w-btn-label\">Plus d&rsquo;Infos sur notre Ape Car<\/span><\/a><\/div><\/div><\/div><\/div><div class=\"vc_col-sm-6 wpb_column vc_column_container\"><div class=\"vc_column-inner\"><div class=\"wpb_wrapper\"><div class=\"wpb_text_column us_custom_eed3193f\"><div class=\"wpb_wrapper\"><h2>\u00c9v\u00e9nements sur mesure<\/h2>\n<p>R\u00e9ception, \u00e9v\u00e9nement priv\u00e9 ou simple soir\u00e9e entre amis\u00a0: avec Niv\u00e0, chaque occasion devient encore plus sp\u00e9ciale. Offrez \u00e0 vos invit\u00e9s le plaisir d\u2019une glace artisanale, \u00e9labor\u00e9e \u00e0 partir d\u2019ingr\u00e9dients s\u00e9lectionn\u00e9s et servie avec \u00e9l\u00e9gance. Contactez-nous pour cr\u00e9er une exp\u00e9rience personnalis\u00e9e, aussi unique que vos moments pr\u00e9cieux.<\/p>\n<p>.<\/p>\n<\/div><\/div><div class=\"w-image align_none\"><div class=\"w-image-h\"><img decoding=\"async\" width=\"683\" height=\"1024\" src=\"https:\/\/www.nivagelato.com\/wp-content\/uploads\/2025\/11\/0Q0A7367-111-683x1024.jpg\" class=\"attachment-large size-large\" alt=\"\" loading=\"lazy\" srcset=\"https:\/\/www.nivagelato.com\/wp-content\/uploads\/2025\/11\/0Q0A7367-111-683x1024.jpg 683w, https:\/\/www.nivagelato.com\/wp-content\/uploads\/2025\/11\/0Q0A7367-111-200x300.jpg 200w, https:\/\/www.nivagelato.com\/wp-content\/uploads\/2025\/11\/0Q0A7367-111-scaled.jpg 333w\" sizes=\"auto, (max-width: 683px) 100vw, 683px\" \/><\/div><\/div><div class=\"w-btn-wrapper align_center\"><a class=\"w-btn us-btn-style_1 us_custom_af6a9b6a\" href=\"#contattaci\"><span class=\"w-btn-label\">Plus d&rsquo;infos sur notre Golf Car<\/span><\/a><\/div><\/div><\/div><\/div><\/div><\/div><\/section><section class=\"l-section wpb_row height_medium\"><div class=\"l-section-h i-cf\"><div class=\"g-cols vc_row via_flex valign_top type_default stacking_default\"><div class=\"vc_col-sm-12 wpb_column vc_column_container\"><div class=\"vc_column-inner us_custom_eb849559\"><div class=\"wpb_wrapper\"><div class=\"wpb_text_column us_custom_3ec8f346\"><div class=\"wpb_wrapper\"><h2>\u00c9v\u00e9nements sur mesure, aux saveurs Niva<\/h2>\n<p>Vous souhaitez privatiser votre \u00e9v\u00e9nement d&rsquo;entreprise ? Une conf\u00e9rence ? Un festival ? Une r\u00e9union internationale ? Cr\u00e9ez votre propre espace avec tous les \u00e9l\u00e9ments de votre marque. Notre \u00e9quipe sera l\u00e0 pour offrir caf\u00e9 et glaces \u00e0 chacun de vos invit\u00e9s: une exp\u00e9rience sur mesure, aussi unique que vos moments privil\u00e9gi\u00e9s.<\/p>\n<\/div><\/div><div class=\"w-btn-wrapper align_none\"><a class=\"w-btn us-btn-style_1 us_custom_af6a9b6a\" href=\"#contattaci\"><span class=\"w-btn-label\">Contactez-nous<\/span><\/a><\/div><\/div><\/div><\/div><\/div><\/div><\/section><section class=\"l-section wpb_row us_custom_b03640aa height_medium\"><div class=\"l-section-h i-cf\"><div class=\"g-cols vc_row via_flex valign_top type_default stacking_default\"><div class=\"vc_col-sm-12 wpb_column vc_column_container\"><div class=\"vc_column-inner\"><div class=\"wpb_wrapper\"><div class=\"w-video niva-videos niva-videos-custom-play align_none ratio_16x9 has_iframe\"><div class=\"w-video-h\"><iframe title=\"Youtube video player\" src=\"\/\/www.youtube.com\/embed\/4o2ykbofUO0?autoplay=1&controls=1&origin=https:\/\/www.nivagelato.com\/fr\/&loop=0&mute=0\" allowfullscreen=\"1\" loading=\"lazy\"><\/iframe><\/div><\/div><\/div><\/div><\/div><div class=\"vc_col-sm-12 wpb_column vc_column_container\"><div class=\"vc_column-inner\"><div class=\"wpb_wrapper\"><\/div><\/div><\/div><\/div><\/div><\/section><section class=\"l-section wpb_row height_medium\"><div class=\"l-section-h i-cf\"><div class=\"g-cols vc_row via_flex valign_top type_default stacking_default\"><div class=\"vc_col-sm-12 wpb_column vc_column_container\"><div class=\"vc_column-inner\"><div class=\"wpb_wrapper\"><div class=\"wpb_text_column us_custom_3ec8f346\"><div class=\"wpb_wrapper\"><h2>Nous ont fait confiance<\/h2>\n<p>Voici quelques-unes des marques et institutions qui nous ont confi\u00e9 l\u2019organisation de leurs \u00e9v\u00e9nements, la fourniture de mat\u00e9riel ou encore leurs services de catering:<\/p>\n<p>Yachting Festival, Global Champions Tour, Dolce e Gabbana, Reggia di Venaria, Falconeri, APM Monaco, Bettina Monaco, OGC Nice, Skema Business School, Golf Club Mandelieu, Gaumont, Rotschild, Hotel Principi di Piemonte, Ambassade d\u2019Italie \u00e0 Lisbonne, Praia Irmao, Plage L\u2019Ecrin, Annexe Beach, CioccolaTo, Mairie de Cannes, Concert de Diplo, Rado Beach, Etoiles de Mougin, ID Weekend Nice, Sensor Tower, Splendid Hotel, Martinez, Majestic Hotel, Chambre de commerce de Nice, Dior, Villa Ephrussi, Maison Bompard, R\u00e9gion Piemonte<\/p>\n<\/div><\/div><\/div><\/div><\/div><\/div><\/div><\/section><section class=\"l-section wpb_row height_medium\"><div class=\"l-section-h i-cf\"><div class=\"g-cols vc_row via_flex valign_top type_default stacking_default\"><div class=\"vc_col-sm-12 wpb_column vc_column_container\"><div class=\"vc_column-inner us_custom_eb849559\"><div class=\"wpb_wrapper\"><div class=\"w-slider us_custom_94be0cb5 style_none fit_contain nav_none count_9\"><div class=\"w-slider-h\" aria-hidden=\"true\"><div class=\"royalSlider\"><div class=\"rsContent\"><a class=\"rsImg\" data-rsw=\"1024\" data-rsh=\"462\" href=\"https:\/\/www.nivagelato.com\/wp-content\/uploads\/2025\/11\/principe-1-1024x462.jpg\"><span data-alt=\"\"><\/span><\/a><\/div><div class=\"rsContent\"><a class=\"rsImg\" data-rsw=\"1024\" data-rsh=\"462\" href=\"https:\/\/www.nivagelato.com\/wp-content\/uploads\/2025\/11\/dior-1024x462.jpg\"><span data-alt=\"\"><\/span><\/a><\/div><div class=\"rsContent\"><a class=\"rsImg\" data-rsw=\"1024\" data-rsh=\"462\" href=\"https:\/\/www.nivagelato.com\/wp-content\/uploads\/2025\/11\/Skema-1024x462.jpg\"><span data-alt=\"\"><\/span><\/a><\/div><div class=\"rsContent\"><a class=\"rsImg\" data-rsw=\"1024\" data-rsh=\"462\" href=\"https:\/\/www.nivagelato.com\/wp-content\/uploads\/2025\/11\/Martinez-1024x462.jpg\"><span data-alt=\"\"><\/span><\/a><\/div><div class=\"rsContent\"><a class=\"rsImg\" data-rsw=\"1024\" data-rsh=\"462\" href=\"https:\/\/www.nivagelato.com\/wp-content\/uploads\/2025\/11\/majestic-1024x462.jpg\"><span data-alt=\"\"><\/span><\/a><\/div><div class=\"rsContent\"><a class=\"rsImg\" data-rsw=\"1024\" data-rsh=\"462\" href=\"https:\/\/www.nivagelato.com\/wp-content\/uploads\/2025\/11\/rothschild-1024x462.jpg\"><span data-alt=\"\"><\/span><\/a><\/div><div class=\"rsContent\"><a class=\"rsImg\" data-rsw=\"1024\" data-rsh=\"462\" href=\"https:\/\/www.nivagelato.com\/wp-content\/uploads\/2025\/11\/lions-1024x462.jpg\"><span data-alt=\"\"><\/span><\/a><\/div><div class=\"rsContent\"><a class=\"rsImg\" data-rsw=\"1024\" data-rsh=\"462\" href=\"https:\/\/www.nivagelato.com\/wp-content\/uploads\/2025\/11\/apm-1024x462.jpg\"><span data-alt=\"\"><\/span><\/a><\/div><div class=\"rsContent\"><a class=\"rsImg\" data-rsw=\"1024\" data-rsh=\"462\" href=\"https:\/\/www.nivagelato.com\/wp-content\/uploads\/2025\/11\/Yachting-1024x462.jpg\"><span data-alt=\"\"><\/span><\/a><\/div><\/div><img decoding=\"async\" src=\"https:\/\/www.nivagelato.com\/wp-content\/uploads\/2025\/11\/principe-1-1024x462.jpg\" width=\"1024\" height=\"462\" alt loading=\"lazy\"><\/div><div class=\"w-slider-json\" onclick='return {&quot;autoScaleSlider&quot;:true,&quot;addActiveClass&quot;:true,&quot;loop&quot;:true,&quot;fadeInLoadedSlide&quot;:false,&quot;slidesSpacing&quot;:0,&quot;imageScalePadding&quot;:0,&quot;numImagesToPreload&quot;:2,&quot;arrowsNav&quot;:true,&quot;arrowsNavAutoHide&quot;:true,&quot;transitionType&quot;:&quot;move&quot;,&quot;transitionSpeed&quot;:250,&quot;block&quot;:{&quot;moveEffect&quot;:&quot;none&quot;,&quot;speed&quot;:300},&quot;thumbs&quot;:{&quot;fitInViewport&quot;:false,&quot;firstMargin&quot;:false,&quot;spacing&quot;:4},&quot;controlNavigation&quot;:&quot;none&quot;,&quot;autoplay&quot;:{&quot;enabled&quot;:true,&quot;pauseOnHover&quot;:true,&quot;delay&quot;:1500},&quot;autoScaleSliderWidth&quot;:1024,&quot;autoScaleSliderHeight&quot;:462}'><\/div><\/div><\/div><\/div><\/div><\/div><\/div><\/section><section class=\"l-section wpb_row height_medium\"><div class=\"l-section-h i-cf\"><div class=\"g-cols vc_row via_flex valign_top type_default stacking_default\"><div class=\"vc_col-sm-12 wpb_column vc_column_container\"><div class=\"vc_column-inner us_custom_eb849559\"><div class=\"wpb_wrapper\"><div class=\"wpb_text_column us_custom_3ec8f346\"><div class=\"wpb_wrapper\"><h2><span>Privatisez la terrasse Niv\u00e0<\/span><\/h2>\n<p>Vous souhaitez privatiser votre \u00e9v\u00e9nement d&rsquo;entreprise\u00a0? Une conf\u00e9rence\u00a0? Un festival\u00a0? Une r\u00e9union internationale\u00a0? Cr\u00e9ez votre propre espace avec tous les \u00e9l\u00e9ments de votre marque. Notre \u00e9quipe sera l\u00e0 pour offrir caf\u00e9 et glaces \u00e0 chacun de vos invit\u00e9s.<\/p>\n<p>&nbsp;<\/p>\n<p><img loading=\"lazy\" decoding=\"async\" class=\"alignnone wp-image-361 size-full\" src=\"https:\/\/www.nivagelato.com\/wp-content\/uploads\/2025\/05\/apertura-coppetta-gelato-amarena.jpeg\" alt=\"Coppetta di gelato Niv\u00e0\" width=\"1440\" height=\"576\" srcset=\"https:\/\/www.nivagelato.com\/wp-content\/uploads\/2025\/05\/apertura-coppetta-gelato-amarena.jpeg 1440w, https:\/\/www.nivagelato.com\/wp-content\/uploads\/2025\/05\/apertura-coppetta-gelato-amarena-300x120.jpeg 300w, https:\/\/www.nivagelato.com\/wp-content\/uploads\/2025\/05\/apertura-coppetta-gelato-amarena-1024x410.jpeg 1024w\" sizes=\"auto, (max-width: 1440px) 100vw, 1440px\" \/><\/p>\n<\/div><\/div><div class=\"w-btn-wrapper align_none\"><a class=\"w-btn us-btn-style_1 us_custom_af6a9b6a\" href=\"#contattaci\"><span class=\"w-btn-label\">Contactez-nous<\/span><\/a><\/div><\/div><\/div><\/div><\/div><\/div><\/section><section class=\"l-section wpb_row us_custom_5f214bcb background-beige height_medium\" id=\"contattaci\"><div class=\"l-section-h i-cf\"><div class=\"g-cols vc_row via_flex valign_top type_default stacking_default\"><div class=\"vc_col-sm-5 wpb_column vc_column_container\"><div class=\"vc_column-inner\"><div class=\"wpb_wrapper\"><div class=\"wpb_text_column us_custom_8e09cc6b\"><div class=\"wpb_wrapper\"><h2>Contacts<\/h2>\n<\/div><\/div><div class=\"wpb_text_column before-triangle\"><div class=\"wpb_wrapper\"><p>Qu&rsquo;il s&rsquo;agisse d&rsquo;un \u00e9v\u00e9nement sp\u00e9cial, d&rsquo;une collaboration, d&rsquo;une privatisation de notre terrasse ou simplement d&rsquo;une simple curiosit\u00e9, nous sommes toujours ravis de vous r\u00e9pondre. Contactez-nous et nous vous r\u00e9pondrons dans les plus brefs d\u00e9lais !<\/p>\n<\/div><\/div><\/div><\/div><\/div><div class=\"vc_col-sm-1 wpb_column vc_column_container\"><div class=\"vc_column-inner\"><div class=\"wpb_wrapper\"><\/div><\/div><\/div><div class=\"vc_col-sm-6 wpb_column vc_column_container contact-form\"><div class=\"vc_column-inner\"><div class=\"wpb_wrapper\">\n<div class=\"wpcf7 no-js\" id=\"wpcf7-f1507-o1\" lang=\"fr-FR\" dir=\"ltr\" data-wpcf7-id=\"1507\">\n<div class=\"screen-reader-response\"><p role=\"status\" aria-live=\"polite\" aria-atomic=\"true\"><\/p> <ul><\/ul><\/div>\n<form action=\"\/fr\/wp-json\/wp\/v2\/pages\/1319#wpcf7-f1507-o1\" method=\"post\" class=\"wpcf7-form init\" aria-label=\"Formulaire de contact\" novalidate=\"novalidate\" data-status=\"init\">\n<fieldset class=\"hidden-fields-container\"><input type=\"hidden\" name=\"_wpcf7\" value=\"1507\" \/><input type=\"hidden\" name=\"_wpcf7_version\" value=\"6.1.5\" \/><input type=\"hidden\" name=\"_wpcf7_locale\" value=\"fr_FR\" \/><input type=\"hidden\" name=\"_wpcf7_unit_tag\" value=\"wpcf7-f1507-o1\" \/><input type=\"hidden\" name=\"_wpcf7_container_post\" value=\"0\" \/><input type=\"hidden\" name=\"_wpcf7_posted_data_hash\" value=\"\" \/><input type=\"hidden\" name=\"_wpcf7_recaptcha_response\" value=\"\" \/>\n<\/fieldset>\n<p><label> Nom et pr\u00e9nom*<br \/>\n<span class=\"wpcf7-form-control-wrap\" data-name=\"your-name\"><input size=\"40\" maxlength=\"400\" class=\"wpcf7-form-control wpcf7-text wpcf7-validates-as-required name-input-form\" autocomplete=\"name\" aria-required=\"true\" aria-invalid=\"false\" value=\"\" type=\"text\" name=\"your-name\" \/><\/span> <\/label>\n<\/p>\n<p><label> Messagerie \u00e9lectronique*<br \/>\n<span class=\"wpcf7-form-control-wrap\" data-name=\"your-email\"><input size=\"40\" maxlength=\"400\" class=\"wpcf7-form-control wpcf7-email wpcf7-validates-as-required wpcf7-text wpcf7-validates-as-email email-input-form\" autocomplete=\"email\" aria-required=\"true\" aria-invalid=\"false\" value=\"\" type=\"email\" name=\"your-email\" \/><\/span> <\/label>\n<\/p>\n<p><label> Pays*<br \/>\n<span class=\"wpcf7-form-control-wrap\" data-name=\"your-country\"><input size=\"40\" maxlength=\"400\" class=\"wpcf7-form-control wpcf7-text wpcf7-validates-as-required country-input-form\" autocomplete=\"name\" aria-required=\"true\" aria-invalid=\"false\" value=\"\" type=\"text\" name=\"your-country\" \/><\/span> <\/label>\n<\/p>\n<p><label> Ville*<br \/>\n<span class=\"wpcf7-form-control-wrap\" data-name=\"your-city\"><input size=\"40\" maxlength=\"400\" class=\"wpcf7-form-control wpcf7-text wpcf7-validates-as-required city-input-form\" autocomplete=\"name\" aria-required=\"true\" aria-invalid=\"false\" value=\"\" type=\"text\" name=\"your-city\" \/><\/span> <\/label>\n<\/p>\n<p><label> Message<br \/>\n<span class=\"wpcf7-form-control-wrap\" data-name=\"your-message\"><textarea cols=\"40\" rows=\"10\" maxlength=\"2000\" class=\"wpcf7-form-control wpcf7-textarea message-input-form\" aria-invalid=\"false\" name=\"your-message\"><\/textarea><\/span> <\/label>\n<\/p>\n<p><span class=\"wpcf7-form-control-wrap\" data-name=\"acceptance-501\"><span class=\"wpcf7-form-control wpcf7-acceptance\"><span class=\"wpcf7-list-item\"><label><input type=\"checkbox\" name=\"acceptance-501\" value=\"1\" class=\"acceptance-input-form\" aria-invalid=\"false\" \/><span class=\"wpcf7-list-item-label\">J\u2019ai lu et j\u2019accepte la <a href=\"https:\/\/www.iubenda.com\/privacy-policy\/57495190\" target=\"_blank\"><strong>politique de confidentialit\u00e9<\/strong>  <\/a><\/span><\/label><\/span><\/span><\/span>\n<\/p>\n<p><input class=\"wpcf7-form-control wpcf7-submit has-spinner\" type=\"submit\" value=\"Envoyer\" \/>\n<\/p><div class=\"wpcf7-response-output\" aria-hidden=\"true\"><\/div>\n<\/form>\n<\/div>\n<\/div><\/div><\/div><\/div><\/div><\/section>\n","protected":false},"excerpt":{"rendered":"\u00c9v\u00e9nements Grands Ev\u00e9nements Mariage, anniversaire, \u00e9v\u00e9nement d&rsquo;entreprise\u00a0: avec Niv\u00e0, chaque occasion devient encore plus sp\u00e9ciale. Offrez \u00e0 vos invit\u00e9s le plaisir d&rsquo;une glace artisanale, \u00e9labor\u00e9e \u00e0 partir d&rsquo;ingr\u00e9dients s\u00e9lectionn\u00e9s et servie avec \u00e9l\u00e9gance. Contactez-nous pour cr\u00e9er une exp\u00e9rience sur mesure, aussi unique que vos moments pr\u00e9cieux. L&rsquo;Ape Car, qui ne cesse d&rsquo;\u00e9merveiller. . Plus d&rsquo;Infos...","protected":false},"author":3,"featured_media":0,"parent":0,"menu_order":0,"comment_status":"closed","ping_status":"closed","template":"","meta":{"_acf_changed":false,"footnotes":""},"class_list":["post-1319","page","type-page","status-publish","hentry"],"acf":[],"yoast_head":"<!-- This site is optimized with the Yoast SEO plugin v27.4 - https:\/\/yoast.com\/product\/yoast-seo-wordpress\/ -->\n<title>Emm\u00e8ne Niv\u00e0 avec toi: la glace de qualit\u00e9 pour votre \u00e9v\u00e9nement - Niv\u00e0<\/title>\n<meta name=\"description\" content=\"Rendez votre \u00e9v\u00e9nement unique avec la glace Niv\u00e0: artisanale et con\u00e7ue pour vous. Ajoutez une touche italienne, parfaite pour mariages et \u00e9v\u00e9nements.\" \/>\n<meta name=\"robots\" content=\"index, follow, max-snippet:-1, max-image-preview:large, max-video-preview:-1\" \/>\n<link rel=\"canonical\" href=\"https:\/\/www.nivagelato.com\/fr\/eventi\/\" \/>\n<meta property=\"og:locale\" content=\"fr_FR\" \/>\n<meta property=\"og:type\" content=\"article\" \/>\n<meta property=\"og:title\" content=\"Emm\u00e8ne Niv\u00e0 avec toi: la glace de qualit\u00e9 pour votre \u00e9v\u00e9nement - Niv\u00e0\" \/>\n<meta property=\"og:description\" content=\"Rendez votre \u00e9v\u00e9nement unique avec la glace Niv\u00e0: artisanale et con\u00e7ue pour vous. Ajoutez une touche italienne, parfaite pour mariages et \u00e9v\u00e9nements.\" \/>\n<meta property=\"og:url\" content=\"https:\/\/www.nivagelato.com\/fr\/eventi\/\" \/>\n<meta property=\"og:site_name\" content=\"Niv\u00e0\" \/>\n<meta property=\"article:modified_time\" content=\"2025-12-12T18:45:28+00:00\" \/>\n<meta property=\"og:image\" content=\"https:\/\/www.nivagelato.com\/wp-content\/uploads\/2025\/05\/apertura-coppetta-gelato-amarena.jpeg\" \/>\n<meta name=\"twitter:card\" content=\"summary_large_image\" \/>\n<meta name=\"twitter:label1\" content=\"Dur\u00e9e de lecture estim\u00e9e\" \/>\n\t<meta name=\"twitter:data1\" content=\"3 minutes\" \/>\n<script type=\"application\/ld+json\" class=\"yoast-schema-graph\">{\"@context\":\"https:\\\/\\\/schema.org\",\"@graph\":[{\"@type\":\"WebPage\",\"@id\":\"https:\\\/\\\/www.nivagelato.com\\\/fr\\\/eventi\\\/\",\"url\":\"https:\\\/\\\/www.nivagelato.com\\\/fr\\\/eventi\\\/\",\"name\":\"Emm\u00e8ne Niv\u00e0 avec toi: la glace de qualit\u00e9 pour votre \u00e9v\u00e9nement - Niv\u00e0\",\"isPartOf\":{\"@id\":\"https:\\\/\\\/www.nivagelato.com\\\/fr\\\/#website\"},\"primaryImageOfPage\":{\"@id\":\"https:\\\/\\\/www.nivagelato.com\\\/fr\\\/eventi\\\/#primaryimage\"},\"image\":{\"@id\":\"https:\\\/\\\/www.nivagelato.com\\\/fr\\\/eventi\\\/#primaryimage\"},\"thumbnailUrl\":\"https:\\\/\\\/www.nivagelato.com\\\/wp-content\\\/uploads\\\/2025\\\/05\\\/apertura-coppetta-gelato-amarena.jpeg\",\"datePublished\":\"2025-05-14T12:42:01+00:00\",\"dateModified\":\"2025-12-12T18:45:28+00:00\",\"description\":\"Rendez votre \u00e9v\u00e9nement unique avec la glace Niv\u00e0: artisanale et con\u00e7ue pour vous. Ajoutez une touche italienne, parfaite pour mariages et \u00e9v\u00e9nements.\",\"breadcrumb\":{\"@id\":\"https:\\\/\\\/www.nivagelato.com\\\/fr\\\/eventi\\\/#breadcrumb\"},\"inLanguage\":\"fr-FR\",\"potentialAction\":[{\"@type\":\"ReadAction\",\"target\":[\"https:\\\/\\\/www.nivagelato.com\\\/fr\\\/eventi\\\/\"]}]},{\"@type\":\"ImageObject\",\"inLanguage\":\"fr-FR\",\"@id\":\"https:\\\/\\\/www.nivagelato.com\\\/fr\\\/eventi\\\/#primaryimage\",\"url\":\"https:\\\/\\\/www.nivagelato.com\\\/wp-content\\\/uploads\\\/2025\\\/05\\\/apertura-coppetta-gelato-amarena.jpeg\",\"contentUrl\":\"https:\\\/\\\/www.nivagelato.com\\\/wp-content\\\/uploads\\\/2025\\\/05\\\/apertura-coppetta-gelato-amarena.jpeg\"},{\"@type\":\"BreadcrumbList\",\"@id\":\"https:\\\/\\\/www.nivagelato.com\\\/fr\\\/eventi\\\/#breadcrumb\",\"itemListElement\":[{\"@type\":\"ListItem\",\"position\":1,\"name\":\"Home\",\"item\":\"https:\\\/\\\/www.nivagelato.com\\\/fr\\\/\"},{\"@type\":\"ListItem\",\"position\":2,\"name\":\"\u00c9v\u00e9nements\"}]},{\"@type\":\"WebSite\",\"@id\":\"https:\\\/\\\/www.nivagelato.com\\\/fr\\\/#website\",\"url\":\"https:\\\/\\\/www.nivagelato.com\\\/fr\\\/\",\"name\":\"Niv\u00e0\",\"description\":\"Viva Niv\u00e0\",\"potentialAction\":[{\"@type\":\"SearchAction\",\"target\":{\"@type\":\"EntryPoint\",\"urlTemplate\":\"https:\\\/\\\/www.nivagelato.com\\\/fr\\\/?s={search_term_string}\"},\"query-input\":{\"@type\":\"PropertyValueSpecification\",\"valueRequired\":true,\"valueName\":\"search_term_string\"}}],\"inLanguage\":\"fr-FR\"}]}<\/script>\n<!-- \/ Yoast SEO plugin. -->","yoast_head_json":{"title":"Emm\u00e8ne Niv\u00e0 avec toi: la glace de qualit\u00e9 pour votre \u00e9v\u00e9nement - Niv\u00e0","description":"Rendez votre \u00e9v\u00e9nement unique avec la glace Niv\u00e0: artisanale et con\u00e7ue pour vous. Ajoutez une touche italienne, parfaite pour mariages et \u00e9v\u00e9nements.","robots":{"index":"index","follow":"follow","max-snippet":"max-snippet:-1","max-image-preview":"max-image-preview:large","max-video-preview":"max-video-preview:-1"},"canonical":"https:\/\/www.nivagelato.com\/fr\/eventi\/","og_locale":"fr_FR","og_type":"article","og_title":"Emm\u00e8ne Niv\u00e0 avec toi: la glace de qualit\u00e9 pour votre \u00e9v\u00e9nement - Niv\u00e0","og_description":"Rendez votre \u00e9v\u00e9nement unique avec la glace Niv\u00e0: artisanale et con\u00e7ue pour vous. Ajoutez une touche italienne, parfaite pour mariages et \u00e9v\u00e9nements.","og_url":"https:\/\/www.nivagelato.com\/fr\/eventi\/","og_site_name":"Niv\u00e0","article_modified_time":"2025-12-12T18:45:28+00:00","og_image":[{"url":"https:\/\/www.nivagelato.com\/wp-content\/uploads\/2025\/05\/apertura-coppetta-gelato-amarena.jpeg","type":"","width":"","height":""}],"twitter_card":"summary_large_image","twitter_misc":{"Dur\u00e9e de lecture estim\u00e9e":"3 minutes"},"schema":{"@context":"https:\/\/schema.org","@graph":[{"@type":"WebPage","@id":"https:\/\/www.nivagelato.com\/fr\/eventi\/","url":"https:\/\/www.nivagelato.com\/fr\/eventi\/","name":"Emm\u00e8ne Niv\u00e0 avec toi: la glace de qualit\u00e9 pour votre \u00e9v\u00e9nement - Niv\u00e0","isPartOf":{"@id":"https:\/\/www.nivagelato.com\/fr\/#website"},"primaryImageOfPage":{"@id":"https:\/\/www.nivagelato.com\/fr\/eventi\/#primaryimage"},"image":{"@id":"https:\/\/www.nivagelato.com\/fr\/eventi\/#primaryimage"},"thumbnailUrl":"https:\/\/www.nivagelato.com\/wp-content\/uploads\/2025\/05\/apertura-coppetta-gelato-amarena.jpeg","datePublished":"2025-05-14T12:42:01+00:00","dateModified":"2025-12-12T18:45:28+00:00","description":"Rendez votre \u00e9v\u00e9nement unique avec la glace Niv\u00e0: artisanale et con\u00e7ue pour vous. Ajoutez une touche italienne, parfaite pour mariages et \u00e9v\u00e9nements.","breadcrumb":{"@id":"https:\/\/www.nivagelato.com\/fr\/eventi\/#breadcrumb"},"inLanguage":"fr-FR","potentialAction":[{"@type":"ReadAction","target":["https:\/\/www.nivagelato.com\/fr\/eventi\/"]}]},{"@type":"ImageObject","inLanguage":"fr-FR","@id":"https:\/\/www.nivagelato.com\/fr\/eventi\/#primaryimage","url":"https:\/\/www.nivagelato.com\/wp-content\/uploads\/2025\/05\/apertura-coppetta-gelato-amarena.jpeg","contentUrl":"https:\/\/www.nivagelato.com\/wp-content\/uploads\/2025\/05\/apertura-coppetta-gelato-amarena.jpeg"},{"@type":"BreadcrumbList","@id":"https:\/\/www.nivagelato.com\/fr\/eventi\/#breadcrumb","itemListElement":[{"@type":"ListItem","position":1,"name":"Home","item":"https:\/\/www.nivagelato.com\/fr\/"},{"@type":"ListItem","position":2,"name":"\u00c9v\u00e9nements"}]},{"@type":"WebSite","@id":"https:\/\/www.nivagelato.com\/fr\/#website","url":"https:\/\/www.nivagelato.com\/fr\/","name":"Niv\u00e0","description":"Viva Niv\u00e0","potentialAction":[{"@type":"SearchAction","target":{"@type":"EntryPoint","urlTemplate":"https:\/\/www.nivagelato.com\/fr\/?s={search_term_string}"},"query-input":{"@type":"PropertyValueSpecification","valueRequired":true,"valueName":"search_term_string"}}],"inLanguage":"fr-FR"}]}},"_links":{"self":[{"href":"https:\/\/www.nivagelato.com\/fr\/wp-json\/wp\/v2\/pages\/1319","targetHints":{"allow":["GET"]}}],"collection":[{"href":"https:\/\/www.nivagelato.com\/fr\/wp-json\/wp\/v2\/pages"}],"about":[{"href":"https:\/\/www.nivagelato.com\/fr\/wp-json\/wp\/v2\/types\/page"}],"author":[{"embeddable":true,"href":"https:\/\/www.nivagelato.com\/fr\/wp-json\/wp\/v2\/users\/3"}],"replies":[{"embeddable":true,"href":"https:\/\/www.nivagelato.com\/fr\/wp-json\/wp\/v2\/comments?post=1319"}],"version-history":[{"count":69,"href":"https:\/\/www.nivagelato.com\/fr\/wp-json\/wp\/v2\/pages\/1319\/revisions"}],"predecessor-version":[{"id":4006,"href":"https:\/\/www.nivagelato.com\/fr\/wp-json\/wp\/v2\/pages\/1319\/revisions\/4006"}],"wp:attachment":[{"href":"https:\/\/www.nivagelato.com\/fr\/wp-json\/wp\/v2\/media?parent=1319"}],"curies":[{"name":"wp","href":"https:\/\/api.w.org\/{rel}","templated":true}]}}