{"id":1334,"date":"2025-05-14T12:50:47","date_gmt":"2025-05-14T10:50:47","guid":{"rendered":"https:\/\/www.nivagelato.com\/?page_id=1334"},"modified":"2025-11-25T16:58:06","modified_gmt":"2025-11-25T15:58:06","slug":"unisciti-a-noi","status":"publish","type":"page","link":"https:\/\/www.nivagelato.com\/en\/unisciti-a-noi\/","title":{"rendered":"Join Us"},"content":{"rendered":"<section class=\"l-section wpb_row us_custom_d2e6af97 heading-header header-page height_medium with_img parallax_fixed\"><div class=\"l-section-img\" role=\"img\" aria-label=\"Vaschetta di gelato Niv\u00e0\" data-img-width=\"1600\" data-img-height=\"639\" style=\"background-image: url(https:\/\/www.nivagelato.com\/wp-content\/uploads\/2025\/05\/apertura-macchinario-gelato-1.jpeg);background-repeat: no-repeat;\"><\/div><div class=\"l-section-h i-cf\"><div class=\"g-cols vc_row via_flex valign_top type_default stacking_default\"><div class=\"vc_col-sm-12 wpb_column vc_column_container\"><div class=\"vc_column-inner\"><div class=\"wpb_wrapper\"><div class=\"wpb_text_column us_custom_a2ebf4ae\"><div class=\"wpb_wrapper\"><h1>Join Us<\/h1>\n<\/div><\/div><\/div><\/div><\/div><\/div><\/div><\/section><section class=\"l-section wpb_row height_medium\"><div class=\"l-section-h i-cf\"><div class=\"g-cols vc_row via_flex valign_top type_default stacking_default\"><div class=\"vc_col-sm-12 wpb_column vc_column_container\"><div class=\"vc_column-inner us_custom_eb849559\"><div class=\"wpb_wrapper\"><div class=\"wpb_text_column\"><div class=\"wpb_wrapper\"><h2>Bring the taste of Niv\u00e0 to your city<\/h2>\n<p>Bring Niv\u00e0&#8217;s excellence to your city and become part of a story of passion, quality, and success. With our experience, a recognized brand, and ongoing support, opening a Niv\u00e0 gelateria means joining a solid project and sharing our vision of authentic Italian artisanal gelato. An opportunity to grow together, with the taste and style that distinguish us.<\/p>\n<\/div><\/div><\/div><\/div><\/div><\/div><\/div><\/section><section class=\"l-section wpb_row height_medium\"><div class=\"l-section-h i-cf\"><div class=\"g-cols vc_row via_flex valign_top type_default stacking_default\"><div class=\"vc_col-sm-4 wpb_column vc_column_container custom-animation\"><div class=\"vc_column-inner us_custom_00e7c952 us_animate_this\"><div class=\"wpb_wrapper\"><div class=\"w-image us_custom_2e7f4f40 has_height align_none\"><div class=\"w-image-h\"><img decoding=\"async\" width=\"244\" height=\"284\" src=\"https:\/\/www.nivagelato.com\/wp-content\/uploads\/2025\/05\/icona-vector-doppio-rombo.png\" class=\"attachment-large size-large\" alt=\"Icona rombo\" loading=\"lazy\" \/><\/div><\/div><div class=\"wpb_text_column us_custom_ab60d7b5\"><div class=\"wpb_wrapper\"><h3>Lower Risk<\/h3>\n<\/div><\/div><div class=\"wpb_text_column\"><div class=\"wpb_wrapper\"><p>Joining Niv\u00e0 means starting with a solid foundation: a proven format, select suppliers, tested recipes, and expertise gained through years of experience. All this allows you to minimize risks and focus on growing your store.<\/p>\n<\/div><\/div><\/div><\/div><\/div><div class=\"vc_col-sm-4 wpb_column vc_column_container custom-animation\"><div class=\"vc_column-inner us_custom_cb738455 us_animate_this\"><div class=\"wpb_wrapper\"><div class=\"w-image us_custom_b3536cde has_height align_none\"><div class=\"w-image-h\"><img decoding=\"async\" width=\"244\" height=\"284\" src=\"https:\/\/www.nivagelato.com\/wp-content\/uploads\/2025\/05\/icona-vector-doppio-rombo.png\" class=\"attachment-large size-large\" alt=\"Icona rombo\" loading=\"lazy\" \/><\/div><\/div><div class=\"wpb_text_column us_custom_ab60d7b5\"><div class=\"wpb_wrapper\"><h3>Brand awareness<\/h3>\n<\/div><\/div><div class=\"wpb_text_column\"><div class=\"wpb_wrapper\"><p>Niv\u00e0 is a recognized and award-winning brand, synonymous with quality and refinement. Opening a Niv\u00e0 gelateria means capitalizing on this reputation, immediately attracting customers seeking an authentic, high-quality experience.<\/p>\n<\/div><\/div><\/div><\/div><\/div><div class=\"vc_col-sm-4 wpb_column vc_column_container custom-animation\"><div class=\"vc_column-inner us_custom_f44a0554 us_animate_this\"><div class=\"wpb_wrapper\"><div class=\"w-image us_custom_b3536cde has_height align_none\"><div class=\"w-image-h\"><img decoding=\"async\" width=\"244\" height=\"284\" src=\"https:\/\/www.nivagelato.com\/wp-content\/uploads\/2025\/05\/icona-vector-doppio-rombo.png\" class=\"attachment-large size-large\" alt=\"Icona rombo\" loading=\"lazy\" \/><\/div><\/div><div class=\"wpb_text_column us_custom_ab60d7b5\"><div class=\"wpb_wrapper\"><h3>Training and support<\/h3>\n<\/div><\/div><div class=\"wpb_text_column\"><div class=\"wpb_wrapper\"><p>You&#8217;ll never be alone: \u200b\u200bfrom the moment you decide to open and beyond, our team will be with you every step of the way. Technical training, management support, communications, and marketing: Niv\u00e0 is always by your side to ensure the success of your project.<\/p>\n<\/div><\/div><\/div><\/div><\/div><\/div><\/div><\/section><section class=\"l-section wpb_row us_custom_473b7308 height_medium with_img parallax_fixed\"><div class=\"l-section-img\" role=\"img\" aria-label=\"Nocciole\" data-img-width=\"1440\" data-img-height=\"1065\" style=\"background-image: url(https:\/\/www.nivagelato.com\/wp-content\/uploads\/2025\/06\/nocciole-niva-gelato-last.jpg);background-repeat: no-repeat;\"><\/div><div class=\"l-section-h i-cf\"><div class=\"g-cols vc_row via_flex valign_top type_default stacking_default\"><div class=\"vc_col-sm-12 wpb_column vc_column_container\"><div class=\"vc_column-inner\"><div class=\"wpb_wrapper\"><\/div><\/div><\/div><\/div><\/div><\/section><section class=\"l-section wpb_row us_custom_edb423b1 height_medium\"><div class=\"l-section-h i-cf\"><div class=\"g-cols vc_row via_flex valign_top type_default stacking_default\"><div class=\"vc_col-sm-12 wpb_column vc_column_container section-unisciti-noi\"><div class=\"vc_column-inner us_custom_8830be7d\"><div class=\"wpb_wrapper\"><div class=\"g-cols wpb_row column-reverse via_flex valign_top type_default stacking_default\"><div class=\"vc_col-sm-6 wpb_column vc_column_container\"><div class=\"vc_column-inner us_custom_1a5f66a3\"><div class=\"wpb_wrapper\">[vc_single_image image=&#8221;2291&#8243; img_size=&#8221;571px&#8221; css=&#8221;&#8221;]<\/div><\/div><\/div><div class=\"vc_col-sm-6 wpb_column vc_column_container column-flex-center\"><div class=\"vc_column-inner us_custom_6fc89685\"><div class=\"wpb_wrapper\"><div class=\"wpb_text_column us_custom_8e09cc6b\"><div class=\"wpb_wrapper\"><h2>Requirements<\/h2>\n<\/div><\/div><div class=\"wpb_text_column before-triangle\"><div class=\"wpb_wrapper\"><p>We&#8217;re looking for motivated people with a passion for quality and a desire to grow with us. Specific gelato experience isn&#8217;t necessary, but an entrepreneurial spirit, attention to detail, and a desire to consistently offer excellent service are essential.<br \/>\nIf you share our values \u200b\u200band dream of bringing the flavor of Niv\u00e0 to your city, we&#8217;re ready to meet you!<\/p>\n<\/div><\/div><\/div><\/div><\/div><\/div><div class=\"g-cols wpb_row us_custom_60e2fcc7 single-icon via_flex valign_top type_default stacking_default\"><div class=\"vc_col-sm-12 wpb_column vc_column_container\"><div class=\"vc_column-inner\"><div class=\"wpb_wrapper\">[vc_single_image image=&#8221;116&#8243; img_size=&#8221;111pxx186px&#8221; alignment=&#8221;center&#8221; css=&#8221;&#8221;]<\/div><\/div><\/div><\/div><div class=\"g-cols wpb_row via_flex valign_top type_default stacking_default\"><div class=\"vc_col-sm-6 wpb_column vc_column_container\"><div class=\"vc_column-inner us_custom_6fc89685\"><div class=\"wpb_wrapper\"><div class=\"wpb_text_column us_custom_8e09cc6b\"><div class=\"wpb_wrapper\"><h2>Come and See us<\/h2>\n<\/div><\/div><div class=\"wpb_text_column before-triangle\"><div class=\"wpb_wrapper\"><p>Want to discover for yourself what makes the world of Niv\u00e0 special? We look forward to seeing you at our stores, where elegance and flavor meet every day. Taste our specialties and indulge in authentic Italian artisanal gelato.<\/p>\n<\/div><\/div><div class=\"w-btn-wrapper align_none\"><a class=\"w-btn us-btn-style_1 us_custom_00cb81a0\" href=\"\/locali\"><span class=\"w-btn-label\">Discover our shops<\/span><\/a><\/div><\/div><\/div><\/div><div class=\"vc_col-sm-6 wpb_column vc_column_container\"><div class=\"vc_column-inner us_custom_1a5f66a3\"><div class=\"wpb_wrapper\">[vc_single_image image=&#8221;2287&#8243; img_size=&#8221;571px&#8221; css=&#8221;&#8221;]<\/div><\/div><\/div><\/div><\/div><\/div><\/div><\/div><\/div><\/section><section class=\"l-section wpb_row us_custom_5f214bcb background-beige height_medium\"><div class=\"l-section-h i-cf\"><div class=\"g-cols vc_row via_flex valign_top type_default stacking_default\"><div class=\"vc_col-sm-5 wpb_column vc_column_container\"><div class=\"vc_column-inner\"><div class=\"wpb_wrapper\"><div class=\"wpb_text_column us_custom_8e09cc6b\"><div class=\"wpb_wrapper\"><h2>Tell us your story<\/h2>\n<\/div><\/div><div class=\"wpb_text_column before-triangle\"><div class=\"wpb_wrapper\"><p>Every journey is unique, and we&#8217;d love to hear yours. Tell us who you are, what your experiences are, and why you want to join the Niv\u00e0 world. Fill out the form and who knows&#8230; the next success story could be yours!<\/p>\n<\/div><\/div><\/div><\/div><\/div><div class=\"vc_col-sm-1 wpb_column vc_column_container\"><div class=\"vc_column-inner\"><div class=\"wpb_wrapper\"><\/div><\/div><\/div><div class=\"vc_col-sm-6 wpb_column vc_column_container contact-form\"><div class=\"vc_column-inner\"><div class=\"wpb_wrapper\">\n<div class=\"wpcf7 no-js\" id=\"wpcf7-f1512-o1\" lang=\"en-US\" dir=\"ltr\" data-wpcf7-id=\"1512\">\n<div class=\"screen-reader-response\"><p role=\"status\" aria-live=\"polite\" aria-atomic=\"true\"><\/p> <ul><\/ul><\/div>\n<form action=\"\/en\/wp-json\/wp\/v2\/pages\/1334#wpcf7-f1512-o1\" method=\"post\" class=\"wpcf7-form init\" aria-label=\"Contact form\" novalidate=\"novalidate\" data-status=\"init\">\n<fieldset class=\"hidden-fields-container\"><input type=\"hidden\" name=\"_wpcf7\" value=\"1512\" \/><input type=\"hidden\" name=\"_wpcf7_version\" value=\"6.1.5\" \/><input type=\"hidden\" name=\"_wpcf7_locale\" value=\"en_US\" \/><input type=\"hidden\" name=\"_wpcf7_unit_tag\" value=\"wpcf7-f1512-o1\" \/><input type=\"hidden\" name=\"_wpcf7_container_post\" value=\"0\" \/><input type=\"hidden\" name=\"_wpcf7_posted_data_hash\" value=\"\" \/><input type=\"hidden\" name=\"_wpcf7_recaptcha_response\" value=\"\" \/>\n<\/fieldset>\n<p><label class=\"title-form\"> Why do you want to be part of Niv\u00e0?<br \/>\n<span class=\"wpcf7-form-control-wrap\" data-name=\"your-message\"><textarea cols=\"40\" rows=\"10\" maxlength=\"2000\" class=\"wpcf7-form-control wpcf7-textarea message-input-form\" aria-invalid=\"false\" name=\"your-message\"><\/textarea><\/span> <\/label>\n<\/p>\n<p><label> Name and Surname*<br \/>\n<span class=\"wpcf7-form-control-wrap\" data-name=\"your-name\"><input size=\"40\" maxlength=\"400\" class=\"wpcf7-form-control wpcf7-text wpcf7-validates-as-required name-input-form\" autocomplete=\"name\" aria-required=\"true\" aria-invalid=\"false\" value=\"\" type=\"text\" name=\"your-name\" \/><\/span> <\/label>\n<\/p>\n<p><label> Email*<br \/>\n<span class=\"wpcf7-form-control-wrap\" data-name=\"your-email\"><input size=\"40\" maxlength=\"400\" class=\"wpcf7-form-control wpcf7-email wpcf7-validates-as-required wpcf7-text wpcf7-validates-as-email email-input-form\" autocomplete=\"email\" aria-required=\"true\" aria-invalid=\"false\" value=\"\" type=\"email\" name=\"your-email\" \/><\/span> <\/label>\n<\/p>\n<p><label> Country*<br \/>\n<span class=\"wpcf7-form-control-wrap\" data-name=\"your-country\"><input size=\"40\" maxlength=\"400\" class=\"wpcf7-form-control wpcf7-text wpcf7-validates-as-required country-input-form\" autocomplete=\"name\" aria-required=\"true\" aria-invalid=\"false\" value=\"\" type=\"text\" name=\"your-country\" \/><\/span> <\/label>\n<\/p>\n<p><label> City*<br \/>\n<span class=\"wpcf7-form-control-wrap\" data-name=\"your-city\"><input size=\"40\" maxlength=\"400\" class=\"wpcf7-form-control wpcf7-text wpcf7-validates-as-required city-input-form\" autocomplete=\"name\" aria-required=\"true\" aria-invalid=\"false\" value=\"\" type=\"text\" name=\"your-city\" \/><\/span> <\/label>\n<\/p>\n<p><span class=\"wpcf7-form-control-wrap\" data-name=\"acceptance-501\"><span class=\"wpcf7-form-control wpcf7-acceptance\"><span class=\"wpcf7-list-item\"><label><input type=\"checkbox\" name=\"acceptance-501\" value=\"1\" class=\"acceptance-input-form\" aria-invalid=\"false\" \/><span class=\"wpcf7-list-item-label\">I have read and accept the <a href=\"https:\/\/www.iubenda.com\/privacy-policy\/92593251\" target=\"_blank\"><strong>privacy policy<\/strong><\/a><\/span><\/label><\/span><\/span><\/span>\n<\/p>\n<p><input class=\"wpcf7-form-control wpcf7-submit has-spinner\" type=\"submit\" value=\"Send\" \/>\n<\/p><div class=\"wpcf7-response-output\" aria-hidden=\"true\"><\/div>\n<\/form>\n<\/div>\n<\/div><\/div><\/div><\/div><\/div><\/section>\n","protected":false},"excerpt":{"rendered":"Join Us Bring the taste of Niv\u00e0 to your city Bring Niv\u00e0&#8217;s excellence to your city and become part of a story of passion, quality, and success. With our experience, a recognized brand, and ongoing support, opening a Niv\u00e0 gelateria means joining a solid project and sharing our vision of authentic Italian artisanal gelato. An...","protected":false},"author":3,"featured_media":0,"parent":0,"menu_order":0,"comment_status":"closed","ping_status":"closed","template":"","meta":{"_acf_changed":false,"footnotes":""},"class_list":["post-1334","page","type-page","status-publish","hentry"],"acf":[],"yoast_head":"<!-- This site is optimized with the Yoast SEO plugin v27.4 - https:\/\/yoast.com\/product\/yoast-seo-wordpress\/ -->\n<title>Join the Niv\u00e0 world and open your own premium gelato shop - Niv\u00e0<\/title>\n<meta name=\"description\" content=\"Join us and bring Niv\u00e0 to your city: open a gelato shop with a trusted quality brand, ongoing training, and strategic support.\" \/>\n<meta name=\"robots\" content=\"index, follow, max-snippet:-1, max-image-preview:large, max-video-preview:-1\" \/>\n<link rel=\"canonical\" href=\"https:\/\/www.nivagelato.com\/en\/unisciti-a-noi\/\" \/>\n<meta property=\"og:locale\" content=\"en_US\" \/>\n<meta property=\"og:type\" content=\"article\" \/>\n<meta property=\"og:title\" content=\"Join the Niv\u00e0 world and open your own premium gelato shop - Niv\u00e0\" \/>\n<meta property=\"og:description\" content=\"Join us and bring Niv\u00e0 to your city: open a gelato shop with a trusted quality brand, ongoing training, and strategic support.\" \/>\n<meta property=\"og:url\" content=\"https:\/\/www.nivagelato.com\/en\/unisciti-a-noi\/\" \/>\n<meta property=\"og:site_name\" content=\"Niv\u00e0\" \/>\n<meta property=\"article:modified_time\" content=\"2025-11-25T15:58:06+00:00\" \/>\n<meta name=\"twitter:card\" content=\"summary_large_image\" \/>\n<meta name=\"twitter:label1\" content=\"Est. reading time\" \/>\n\t<meta name=\"twitter:data1\" content=\"3 minutes\" \/>\n<script type=\"application\/ld+json\" class=\"yoast-schema-graph\">{\"@context\":\"https:\\\/\\\/schema.org\",\"@graph\":[{\"@type\":\"WebPage\",\"@id\":\"https:\\\/\\\/www.nivagelato.com\\\/en\\\/unisciti-a-noi\\\/\",\"url\":\"https:\\\/\\\/www.nivagelato.com\\\/en\\\/unisciti-a-noi\\\/\",\"name\":\"Join the Niv\u00e0 world and open your own premium gelato shop - Niv\u00e0\",\"isPartOf\":{\"@id\":\"https:\\\/\\\/www.nivagelato.com\\\/en\\\/#website\"},\"datePublished\":\"2025-05-14T10:50:47+00:00\",\"dateModified\":\"2025-11-25T15:58:06+00:00\",\"description\":\"Join us and bring Niv\u00e0 to your city: open a gelato shop with a trusted quality brand, ongoing training, and strategic support.\",\"breadcrumb\":{\"@id\":\"https:\\\/\\\/www.nivagelato.com\\\/en\\\/unisciti-a-noi\\\/#breadcrumb\"},\"inLanguage\":\"en-US\",\"potentialAction\":[{\"@type\":\"ReadAction\",\"target\":[\"https:\\\/\\\/www.nivagelato.com\\\/en\\\/unisciti-a-noi\\\/\"]}]},{\"@type\":\"BreadcrumbList\",\"@id\":\"https:\\\/\\\/www.nivagelato.com\\\/en\\\/unisciti-a-noi\\\/#breadcrumb\",\"itemListElement\":[{\"@type\":\"ListItem\",\"position\":1,\"name\":\"Home\",\"item\":\"https:\\\/\\\/www.nivagelato.com\\\/en\\\/\"},{\"@type\":\"ListItem\",\"position\":2,\"name\":\"Join Us\"}]},{\"@type\":\"WebSite\",\"@id\":\"https:\\\/\\\/www.nivagelato.com\\\/en\\\/#website\",\"url\":\"https:\\\/\\\/www.nivagelato.com\\\/en\\\/\",\"name\":\"Niv\u00e0\",\"description\":\"Viva Niv\u00e0\",\"potentialAction\":[{\"@type\":\"SearchAction\",\"target\":{\"@type\":\"EntryPoint\",\"urlTemplate\":\"https:\\\/\\\/www.nivagelato.com\\\/en\\\/?s={search_term_string}\"},\"query-input\":{\"@type\":\"PropertyValueSpecification\",\"valueRequired\":true,\"valueName\":\"search_term_string\"}}],\"inLanguage\":\"en-US\"}]}<\/script>\n<!-- \/ Yoast SEO plugin. -->","yoast_head_json":{"title":"Join the Niv\u00e0 world and open your own premium gelato shop - Niv\u00e0","description":"Join us and bring Niv\u00e0 to your city: open a gelato shop with a trusted quality brand, ongoing training, and strategic support.","robots":{"index":"index","follow":"follow","max-snippet":"max-snippet:-1","max-image-preview":"max-image-preview:large","max-video-preview":"max-video-preview:-1"},"canonical":"https:\/\/www.nivagelato.com\/en\/unisciti-a-noi\/","og_locale":"en_US","og_type":"article","og_title":"Join the Niv\u00e0 world and open your own premium gelato shop - Niv\u00e0","og_description":"Join us and bring Niv\u00e0 to your city: open a gelato shop with a trusted quality brand, ongoing training, and strategic support.","og_url":"https:\/\/www.nivagelato.com\/en\/unisciti-a-noi\/","og_site_name":"Niv\u00e0","article_modified_time":"2025-11-25T15:58:06+00:00","twitter_card":"summary_large_image","twitter_misc":{"Est. reading time":"3 minutes"},"schema":{"@context":"https:\/\/schema.org","@graph":[{"@type":"WebPage","@id":"https:\/\/www.nivagelato.com\/en\/unisciti-a-noi\/","url":"https:\/\/www.nivagelato.com\/en\/unisciti-a-noi\/","name":"Join the Niv\u00e0 world and open your own premium gelato shop - Niv\u00e0","isPartOf":{"@id":"https:\/\/www.nivagelato.com\/en\/#website"},"datePublished":"2025-05-14T10:50:47+00:00","dateModified":"2025-11-25T15:58:06+00:00","description":"Join us and bring Niv\u00e0 to your city: open a gelato shop with a trusted quality brand, ongoing training, and strategic support.","breadcrumb":{"@id":"https:\/\/www.nivagelato.com\/en\/unisciti-a-noi\/#breadcrumb"},"inLanguage":"en-US","potentialAction":[{"@type":"ReadAction","target":["https:\/\/www.nivagelato.com\/en\/unisciti-a-noi\/"]}]},{"@type":"BreadcrumbList","@id":"https:\/\/www.nivagelato.com\/en\/unisciti-a-noi\/#breadcrumb","itemListElement":[{"@type":"ListItem","position":1,"name":"Home","item":"https:\/\/www.nivagelato.com\/en\/"},{"@type":"ListItem","position":2,"name":"Join Us"}]},{"@type":"WebSite","@id":"https:\/\/www.nivagelato.com\/en\/#website","url":"https:\/\/www.nivagelato.com\/en\/","name":"Niv\u00e0","description":"Viva Niv\u00e0","potentialAction":[{"@type":"SearchAction","target":{"@type":"EntryPoint","urlTemplate":"https:\/\/www.nivagelato.com\/en\/?s={search_term_string}"},"query-input":{"@type":"PropertyValueSpecification","valueRequired":true,"valueName":"search_term_string"}}],"inLanguage":"en-US"}]}},"_links":{"self":[{"href":"https:\/\/www.nivagelato.com\/en\/wp-json\/wp\/v2\/pages\/1334","targetHints":{"allow":["GET"]}}],"collection":[{"href":"https:\/\/www.nivagelato.com\/en\/wp-json\/wp\/v2\/pages"}],"about":[{"href":"https:\/\/www.nivagelato.com\/en\/wp-json\/wp\/v2\/types\/page"}],"author":[{"embeddable":true,"href":"https:\/\/www.nivagelato.com\/en\/wp-json\/wp\/v2\/users\/3"}],"replies":[{"embeddable":true,"href":"https:\/\/www.nivagelato.com\/en\/wp-json\/wp\/v2\/comments?post=1334"}],"version-history":[{"count":13,"href":"https:\/\/www.nivagelato.com\/en\/wp-json\/wp\/v2\/pages\/1334\/revisions"}],"predecessor-version":[{"id":3248,"href":"https:\/\/www.nivagelato.com\/en\/wp-json\/wp\/v2\/pages\/1334\/revisions\/3248"}],"wp:attachment":[{"href":"https:\/\/www.nivagelato.com\/en\/wp-json\/wp\/v2\/media?parent=1334"}],"curies":[{"name":"wp","href":"https:\/\/api.w.org\/{rel}","templated":true}]}}