{"id":1325,"date":"2025-05-14T14:19:26","date_gmt":"2025-05-14T12:19:26","guid":{"rendered":"https:\/\/www.nivagelato.com\/?page_id=1325"},"modified":"2025-11-25T16:51:43","modified_gmt":"2025-11-25T15:51:43","slug":"contatti","status":"publish","type":"page","link":"https:\/\/www.nivagelato.com\/en\/contatti\/","title":{"rendered":"Contacts"},"content":{"rendered":"<section class=\"l-section wpb_row us_custom_d2e6af97 heading-header header-page height_medium with_img parallax_fixed\"><div class=\"l-section-img\" role=\"img\" aria-label=\"Image\" data-img-width=\"1707\" data-img-height=\"2172\" style=\"background-image: url(https:\/\/www.nivagelato.com\/wp-content\/uploads\/2025\/11\/DSC06448-scaled-e1764085886109.jpg);background-repeat: no-repeat;\"><\/div><div class=\"l-section-h i-cf\"><div class=\"g-cols vc_row via_flex valign_top type_default stacking_default\"><div class=\"vc_col-sm-12 wpb_column vc_column_container\"><div class=\"vc_column-inner\"><div class=\"wpb_wrapper\"><div class=\"wpb_text_column us_custom_a2ebf4ae\"><div class=\"wpb_wrapper\"><h1>Contacts<\/h1>\n<\/div><\/div><\/div><\/div><\/div><\/div><\/div><\/section><section class=\"l-section wpb_row us_custom_ee3f3fee background-beige height_medium\"><div class=\"l-section-h i-cf\"><div class=\"g-cols vc_row via_flex valign_top type_default stacking_default\"><div class=\"vc_col-sm-5 wpb_column vc_column_container\"><div class=\"vc_column-inner\"><div class=\"wpb_wrapper\"><div class=\"wpb_text_column before-triangle\"><div class=\"wpb_wrapper\"><p data-start=\"91\" data-end=\"169\">Fill out the form, we will get back to you within 48 hours.<\/p>\n<\/div><\/div><\/div><\/div><\/div><div class=\"vc_col-sm-2 wpb_column vc_column_container\"><div class=\"vc_column-inner\"><div class=\"wpb_wrapper\"><\/div><\/div><\/div><div class=\"vc_col-sm-5 wpb_column vc_column_container contact-form\"><div class=\"vc_column-inner\"><div class=\"wpb_wrapper\">\n<div class=\"wpcf7 no-js\" id=\"wpcf7-f1489-o1\" lang=\"en-US\" dir=\"ltr\" data-wpcf7-id=\"1489\">\n<div class=\"screen-reader-response\"><p role=\"status\" aria-live=\"polite\" aria-atomic=\"true\"><\/p> <ul><\/ul><\/div>\n<form action=\"\/en\/wp-json\/wp\/v2\/pages\/1325#wpcf7-f1489-o1\" method=\"post\" class=\"wpcf7-form init\" aria-label=\"Contact form\" novalidate=\"novalidate\" data-status=\"init\">\n<fieldset class=\"hidden-fields-container\"><input type=\"hidden\" name=\"_wpcf7\" value=\"1489\" \/><input type=\"hidden\" name=\"_wpcf7_version\" value=\"6.1.5\" \/><input type=\"hidden\" name=\"_wpcf7_locale\" value=\"en_US\" \/><input type=\"hidden\" name=\"_wpcf7_unit_tag\" value=\"wpcf7-f1489-o1\" \/><input type=\"hidden\" name=\"_wpcf7_container_post\" value=\"0\" \/><input type=\"hidden\" name=\"_wpcf7_posted_data_hash\" value=\"\" \/><input type=\"hidden\" name=\"_wpcf7_recaptcha_response\" value=\"\" \/>\n<\/fieldset>\n<p><label> Name and Surname*<br \/>\n<span class=\"wpcf7-form-control-wrap\" data-name=\"your-name\"><input size=\"40\" maxlength=\"400\" class=\"wpcf7-form-control wpcf7-text wpcf7-validates-as-required name-input-form\" autocomplete=\"name\" aria-required=\"true\" aria-invalid=\"false\" value=\"\" type=\"text\" name=\"your-name\" \/><\/span> <\/label>\n<\/p>\n<p><label> Email*<br \/>\n<span class=\"wpcf7-form-control-wrap\" data-name=\"your-email\"><input size=\"40\" maxlength=\"400\" class=\"wpcf7-form-control wpcf7-email wpcf7-validates-as-required wpcf7-text wpcf7-validates-as-email email-input-form\" autocomplete=\"email\" aria-required=\"true\" aria-invalid=\"false\" value=\"\" type=\"email\" name=\"your-email\" \/><\/span> <\/label>\n<\/p>\n<p><label> Message<br \/>\n<span class=\"wpcf7-form-control-wrap\" data-name=\"your-message\"><textarea cols=\"40\" rows=\"10\" maxlength=\"2000\" class=\"wpcf7-form-control wpcf7-textarea message-input-form\" aria-invalid=\"false\" name=\"your-message\"><\/textarea><\/span> <\/label>\n<\/p>\n<p><span class=\"wpcf7-form-control-wrap\" data-name=\"acceptance-501\"><span class=\"wpcf7-form-control wpcf7-acceptance\"><span class=\"wpcf7-list-item\"><label><input type=\"checkbox\" name=\"acceptance-501\" value=\"1\" class=\"acceptance-input-form\" aria-invalid=\"false\" \/><span class=\"wpcf7-list-item-label\">I have read and accept the<a href=\"https:\/\/www.iubenda.com\/privacy-policy\/92593251\" target=\"_blank\"> <strong>privacy policy<\/strong><\/a><\/span><\/label><\/span><\/span><\/span>\n<\/p>\n<p><input class=\"wpcf7-form-control wpcf7-submit has-spinner\" type=\"submit\" value=\"Send\" \/>\n<\/p><div class=\"wpcf7-response-output\" aria-hidden=\"true\"><\/div>\n<\/form>\n<\/div>\n<\/div><\/div><\/div><\/div><\/div><\/section>\n","protected":false},"excerpt":{"rendered":"Contacts Fill out the form, we will get back to you within 48 hours. Name and Surname* Email* Message I have read and accept the privacy policy","protected":false},"author":3,"featured_media":0,"parent":0,"menu_order":0,"comment_status":"closed","ping_status":"closed","template":"","meta":{"_acf_changed":false,"footnotes":""},"class_list":["post-1325","page","type-page","status-publish","hentry"],"acf":[],"yoast_head":"<!-- This site is optimized with the Yoast SEO plugin v27.4 - https:\/\/yoast.com\/product\/yoast-seo-wordpress\/ -->\n<title>Discover Niv\u00e0 gelato shop: contact us for more information - Niv\u00e0<\/title>\n<meta name=\"description\" content=\"Come and experience the world of Niv\u00e0 gelaterias, or contact us for information and orders. We\u2019re here to offer you the very best in artisanal gelato.\" \/>\n<meta name=\"robots\" content=\"index, follow, max-snippet:-1, max-image-preview:large, max-video-preview:-1\" \/>\n<link rel=\"canonical\" href=\"https:\/\/www.nivagelato.com\/en\/contatti\/\" \/>\n<meta property=\"og:locale\" content=\"en_US\" \/>\n<meta property=\"og:type\" content=\"article\" \/>\n<meta property=\"og:title\" content=\"Discover Niv\u00e0 gelato shop: contact us for more information - Niv\u00e0\" \/>\n<meta property=\"og:description\" content=\"Come and experience the world of Niv\u00e0 gelaterias, or contact us for information and orders. We\u2019re here to offer you the very best in artisanal gelato.\" \/>\n<meta property=\"og:url\" content=\"https:\/\/www.nivagelato.com\/en\/contatti\/\" \/>\n<meta property=\"og:site_name\" content=\"Niv\u00e0\" \/>\n<meta property=\"article:modified_time\" content=\"2025-11-25T15:51:43+00:00\" \/>\n<meta name=\"twitter:card\" content=\"summary_large_image\" \/>\n<meta name=\"twitter:label1\" content=\"Est. reading time\" \/>\n\t<meta name=\"twitter:data1\" content=\"1 minute\" \/>\n<script type=\"application\/ld+json\" class=\"yoast-schema-graph\">{\"@context\":\"https:\\\/\\\/schema.org\",\"@graph\":[{\"@type\":\"WebPage\",\"@id\":\"https:\\\/\\\/www.nivagelato.com\\\/en\\\/contatti\\\/\",\"url\":\"https:\\\/\\\/www.nivagelato.com\\\/en\\\/contatti\\\/\",\"name\":\"Discover Niv\u00e0 gelato shop: contact us for more information - Niv\u00e0\",\"isPartOf\":{\"@id\":\"https:\\\/\\\/www.nivagelato.com\\\/en\\\/#website\"},\"datePublished\":\"2025-05-14T12:19:26+00:00\",\"dateModified\":\"2025-11-25T15:51:43+00:00\",\"description\":\"Come and experience the world of Niv\u00e0 gelaterias, or contact us for information and orders. We\u2019re here to offer you the very best in artisanal gelato.\",\"breadcrumb\":{\"@id\":\"https:\\\/\\\/www.nivagelato.com\\\/en\\\/contatti\\\/#breadcrumb\"},\"inLanguage\":\"en-US\",\"potentialAction\":[{\"@type\":\"ReadAction\",\"target\":[\"https:\\\/\\\/www.nivagelato.com\\\/en\\\/contatti\\\/\"]}]},{\"@type\":\"BreadcrumbList\",\"@id\":\"https:\\\/\\\/www.nivagelato.com\\\/en\\\/contatti\\\/#breadcrumb\",\"itemListElement\":[{\"@type\":\"ListItem\",\"position\":1,\"name\":\"Home\",\"item\":\"https:\\\/\\\/www.nivagelato.com\\\/en\\\/\"},{\"@type\":\"ListItem\",\"position\":2,\"name\":\"Contacts\"}]},{\"@type\":\"WebSite\",\"@id\":\"https:\\\/\\\/www.nivagelato.com\\\/en\\\/#website\",\"url\":\"https:\\\/\\\/www.nivagelato.com\\\/en\\\/\",\"name\":\"Niv\u00e0\",\"description\":\"Viva Niv\u00e0\",\"potentialAction\":[{\"@type\":\"SearchAction\",\"target\":{\"@type\":\"EntryPoint\",\"urlTemplate\":\"https:\\\/\\\/www.nivagelato.com\\\/en\\\/?s={search_term_string}\"},\"query-input\":{\"@type\":\"PropertyValueSpecification\",\"valueRequired\":true,\"valueName\":\"search_term_string\"}}],\"inLanguage\":\"en-US\"}]}<\/script>\n<!-- \/ Yoast SEO plugin. -->","yoast_head_json":{"title":"Discover Niv\u00e0 gelato shop: contact us for more information - Niv\u00e0","description":"Come and experience the world of Niv\u00e0 gelaterias, or contact us for information and orders. We\u2019re here to offer you the very best in artisanal gelato.","robots":{"index":"index","follow":"follow","max-snippet":"max-snippet:-1","max-image-preview":"max-image-preview:large","max-video-preview":"max-video-preview:-1"},"canonical":"https:\/\/www.nivagelato.com\/en\/contatti\/","og_locale":"en_US","og_type":"article","og_title":"Discover Niv\u00e0 gelato shop: contact us for more information - Niv\u00e0","og_description":"Come and experience the world of Niv\u00e0 gelaterias, or contact us for information and orders. We\u2019re here to offer you the very best in artisanal gelato.","og_url":"https:\/\/www.nivagelato.com\/en\/contatti\/","og_site_name":"Niv\u00e0","article_modified_time":"2025-11-25T15:51:43+00:00","twitter_card":"summary_large_image","twitter_misc":{"Est. reading time":"1 minute"},"schema":{"@context":"https:\/\/schema.org","@graph":[{"@type":"WebPage","@id":"https:\/\/www.nivagelato.com\/en\/contatti\/","url":"https:\/\/www.nivagelato.com\/en\/contatti\/","name":"Discover Niv\u00e0 gelato shop: contact us for more information - Niv\u00e0","isPartOf":{"@id":"https:\/\/www.nivagelato.com\/en\/#website"},"datePublished":"2025-05-14T12:19:26+00:00","dateModified":"2025-11-25T15:51:43+00:00","description":"Come and experience the world of Niv\u00e0 gelaterias, or contact us for information and orders. We\u2019re here to offer you the very best in artisanal gelato.","breadcrumb":{"@id":"https:\/\/www.nivagelato.com\/en\/contatti\/#breadcrumb"},"inLanguage":"en-US","potentialAction":[{"@type":"ReadAction","target":["https:\/\/www.nivagelato.com\/en\/contatti\/"]}]},{"@type":"BreadcrumbList","@id":"https:\/\/www.nivagelato.com\/en\/contatti\/#breadcrumb","itemListElement":[{"@type":"ListItem","position":1,"name":"Home","item":"https:\/\/www.nivagelato.com\/en\/"},{"@type":"ListItem","position":2,"name":"Contacts"}]},{"@type":"WebSite","@id":"https:\/\/www.nivagelato.com\/en\/#website","url":"https:\/\/www.nivagelato.com\/en\/","name":"Niv\u00e0","description":"Viva Niv\u00e0","potentialAction":[{"@type":"SearchAction","target":{"@type":"EntryPoint","urlTemplate":"https:\/\/www.nivagelato.com\/en\/?s={search_term_string}"},"query-input":{"@type":"PropertyValueSpecification","valueRequired":true,"valueName":"search_term_string"}}],"inLanguage":"en-US"}]}},"_links":{"self":[{"href":"https:\/\/www.nivagelato.com\/en\/wp-json\/wp\/v2\/pages\/1325","targetHints":{"allow":["GET"]}}],"collection":[{"href":"https:\/\/www.nivagelato.com\/en\/wp-json\/wp\/v2\/pages"}],"about":[{"href":"https:\/\/www.nivagelato.com\/en\/wp-json\/wp\/v2\/types\/page"}],"author":[{"embeddable":true,"href":"https:\/\/www.nivagelato.com\/en\/wp-json\/wp\/v2\/users\/3"}],"replies":[{"embeddable":true,"href":"https:\/\/www.nivagelato.com\/en\/wp-json\/wp\/v2\/comments?post=1325"}],"version-history":[{"count":6,"href":"https:\/\/www.nivagelato.com\/en\/wp-json\/wp\/v2\/pages\/1325\/revisions"}],"predecessor-version":[{"id":3310,"href":"https:\/\/www.nivagelato.com\/en\/wp-json\/wp\/v2\/pages\/1325\/revisions\/3310"}],"wp:attachment":[{"href":"https:\/\/www.nivagelato.com\/en\/wp-json\/wp\/v2\/media?parent=1325"}],"curies":[{"name":"wp","href":"https:\/\/api.w.org\/{rel}","templated":true}]}}