{"id":1316,"date":"2025-05-14T14:42:01","date_gmt":"2025-05-14T12:42:01","guid":{"rendered":"https:\/\/www.nivagelato.com\/?page_id=1316"},"modified":"2025-12-05T11:14:30","modified_gmt":"2025-12-05T10:14:30","slug":"eventi","status":"publish","type":"page","link":"https:\/\/www.nivagelato.com\/en\/eventi\/","title":{"rendered":"Events"},"content":{"rendered":"<section class=\"l-section wpb_row us_custom_555b0c8e heading-header header-page height_medium with_img parallax_fixed\"><div class=\"l-section-img\" role=\"img\" aria-label=\"Camioncino dei gelati Niv\u00e0\" data-img-width=\"1600\" data-img-height=\"639\" style=\"background-image: url(https:\/\/www.nivagelato.com\/wp-content\/uploads\/2025\/05\/Apertura-camioncino-gelati-1.jpeg);background-repeat: no-repeat;\"><\/div><div class=\"l-section-h i-cf\"><div class=\"g-cols vc_row via_flex valign_top type_default stacking_default\"><div class=\"vc_col-sm-12 wpb_column vc_column_container\"><div class=\"vc_column-inner\"><div class=\"wpb_wrapper\"><div class=\"wpb_text_column us_custom_a2ebf4ae\"><div class=\"wpb_wrapper\"><h1>Events<\/h1>\n<\/div><\/div><\/div><\/div><\/div><\/div><\/div><\/section><section class=\"l-section wpb_row height_medium\"><div class=\"l-section-h i-cf\"><div class=\"g-cols vc_row via_flex valign_top type_default stacking_default\"><div class=\"vc_col-sm-6 wpb_column vc_column_container\"><div class=\"vc_column-inner us_custom_eb849559\"><div class=\"wpb_wrapper\"><div class=\"wpb_text_column us_custom_3ec8f346\"><div class=\"wpb_wrapper\"><h2>Grand Events<\/h2>\n<p>A wedding, a birthday, a corporate event: with Niv\u00e0, every occasion becomes even more special. Offer your guests the pleasure of artisanal gelato made with select ingredients and served with elegance. Contact us to create a customized experience, as unique as your most beautiful moments.<br \/>\nThe Ape Car that always amazes.<\/p>\n<\/div><\/div><\/div><\/div><\/div><div class=\"vc_col-sm-6 wpb_column vc_column_container\"><div class=\"vc_column-inner\"><div class=\"wpb_wrapper\"><div class=\"wpb_text_column us_custom_eed3193f\"><div class=\"wpb_wrapper\"><h2>Customized Events<\/h2>\n<p>A reception, a private event, or a simple party with friends: with Niv\u00e0, every occasion becomes even more special. Offer your guests the pleasure of artisanal gelato made with select ingredients and served with elegance. Contact us to create together. un\u2019esperienza su misura, unica come i tuoi momenti pi\u00f9 belli.<\/p>\n<\/div><\/div><\/div><\/div><\/div><\/div><\/div><\/section><section class=\"l-section wpb_row height_medium\"><div class=\"l-section-h i-cf\"><div class=\"g-cols vc_row via_flex valign_top type_default stacking_default\"><div class=\"vc_col-sm-6 wpb_column vc_column_container\"><div class=\"vc_column-inner us_custom_eb849559\"><div class=\"wpb_wrapper\"><div class=\"w-image align_none\"><div class=\"w-image-h\"><img decoding=\"async\" width=\"683\" height=\"1024\" src=\"https:\/\/www.nivagelato.com\/wp-content\/uploads\/2025\/11\/0Q0A7201-97-683x1024.jpg\" class=\"attachment-large size-large\" alt=\"\" loading=\"lazy\" srcset=\"https:\/\/www.nivagelato.com\/wp-content\/uploads\/2025\/11\/0Q0A7201-97-683x1024.jpg 683w, https:\/\/www.nivagelato.com\/wp-content\/uploads\/2025\/11\/0Q0A7201-97-200x300.jpg 200w, https:\/\/www.nivagelato.com\/wp-content\/uploads\/2025\/11\/0Q0A7201-97-scaled.jpg 333w\" sizes=\"auto, (max-width: 683px) 100vw, 683px\" \/><\/div><\/div><div class=\"w-btn-wrapper align_none\"><a class=\"w-btn us-btn-style_1 us_custom_af6a9b6a\" href=\"#contattaci\"><span class=\"w-btn-label\">More Information<\/span><\/a><\/div><\/div><\/div><\/div><div class=\"vc_col-sm-6 wpb_column vc_column_container\"><div class=\"vc_column-inner\"><div class=\"wpb_wrapper\"><div class=\"w-image align_none\"><div class=\"w-image-h\"><img decoding=\"async\" width=\"683\" height=\"1024\" src=\"https:\/\/www.nivagelato.com\/wp-content\/uploads\/2025\/11\/0Q0A7367-111-683x1024.jpg\" class=\"attachment-large size-large\" alt=\"\" loading=\"lazy\" srcset=\"https:\/\/www.nivagelato.com\/wp-content\/uploads\/2025\/11\/0Q0A7367-111-683x1024.jpg 683w, https:\/\/www.nivagelato.com\/wp-content\/uploads\/2025\/11\/0Q0A7367-111-200x300.jpg 200w, https:\/\/www.nivagelato.com\/wp-content\/uploads\/2025\/11\/0Q0A7367-111-scaled.jpg 333w\" sizes=\"auto, (max-width: 683px) 100vw, 683px\" \/><\/div><\/div><div class=\"w-btn-wrapper align_center\"><a class=\"w-btn us-btn-style_1 us_custom_af6a9b6a\" href=\"#contattaci\"><span class=\"w-btn-label\">More Information<\/span><\/a><\/div><\/div><\/div><\/div><\/div><\/div><\/section><section class=\"l-section wpb_row us_custom_b03640aa height_medium\"><div class=\"l-section-h i-cf\"><div class=\"g-cols vc_row via_flex valign_top type_default stacking_default\"><div class=\"vc_col-sm-12 wpb_column vc_column_container\"><div class=\"vc_column-inner\"><div class=\"wpb_wrapper\"><div class=\"w-video niva-videos niva-videos-custom-play align_none ratio_16x9 has_iframe\"><div class=\"w-video-h\"><iframe title=\"Youtube video player\" src=\"\/\/www.youtube.com\/embed\/4o2ykbofUO0?autoplay=1&controls=1&origin=https:\/\/www.nivagelato.com\/en\/&loop=0&mute=0\" allowfullscreen=\"1\" loading=\"lazy\"><\/iframe><\/div><\/div><\/div><\/div><\/div><\/div><\/div><\/section><section class=\"l-section wpb_row height_medium\"><div class=\"l-section-h i-cf\"><div class=\"g-cols vc_row via_flex valign_top type_default stacking_default\"><div class=\"vc_col-sm-12 wpb_column vc_column_container\"><div class=\"vc_column-inner\"><div class=\"wpb_wrapper\"><div class=\"wpb_text_column us_custom_eed3193f\"><div class=\"wpb_wrapper\"><p><span class=\"a_GcMg font-feature-liga-off font-feature-clig-off font-feature-calt-off text-decoration-none text-strikethrough-none\">These are just some of the brands or institutions that have entrusted us with events, supplies, or catering.<\/span><\/p>\n<p>Yachting Festival, Global Champions Tour, Dolce and Gabbana, Reggia di Venaria, Falconeri, APM Monaco, Bettina Monaco, OGC Nice, Skema Business School, Golf Club Mandelieu, Gaumont, Rotschild, Hotel Principi di Piemonte, Italian Embassy in Lisbon, Palacio do Grilo, Praia Irmao, Plage L\u2019Ecrin, Annexe Beach, Mairie de Cannes, Diplo&#8217;s concert, Rado Beach, Etoiles de Mougin, ID Weekend Nice, Sensor Tower, Splendid Hotel, Martinez Hotel, Majestic Hotel,Chamber of Commerce of Nice, Dior, Villa Euphrussi Cap Ferrat, Maison Bompard, Regione Piemonte.<\/p>\n<\/div><\/div><\/div><\/div><\/div><\/div><\/div><\/section><section class=\"l-section wpb_row image-slider-events height_medium\"><div class=\"l-section-h i-cf\"><div class=\"g-cols vc_row via_flex valign_top type_default stacking_default\"><div class=\"vc_col-sm-12 wpb_column vc_column_container\"><div class=\"vc_column-inner\"><div class=\"wpb_wrapper\"><div class=\"w-slider style_none fit_contain nav_dots count_9\"><div class=\"w-slider-h\" aria-hidden=\"true\"><div class=\"royalSlider\"><div class=\"rsContent\"><a class=\"rsImg\" data-rsw=\"2282\" data-rsh=\"1030\" href=\"https:\/\/www.nivagelato.com\/wp-content\/uploads\/2025\/11\/Yachting.jpg\"><span data-alt=\"\"><\/span><\/a><\/div><div class=\"rsContent\"><a class=\"rsImg\" data-rsw=\"2282\" data-rsh=\"1030\" href=\"https:\/\/www.nivagelato.com\/wp-content\/uploads\/2025\/11\/majestic.jpg\"><span data-alt=\"\"><\/span><\/a><\/div><div class=\"rsContent\"><a class=\"rsImg\" data-rsw=\"2282\" data-rsh=\"1030\" href=\"https:\/\/www.nivagelato.com\/wp-content\/uploads\/2025\/11\/rothschild.jpg\"><span data-alt=\"\"><\/span><\/a><\/div><div class=\"rsContent\"><a class=\"rsImg\" data-rsw=\"2282\" data-rsh=\"1030\" href=\"https:\/\/www.nivagelato.com\/wp-content\/uploads\/2025\/11\/dior.jpg\"><span data-alt=\"\"><\/span><\/a><\/div><div class=\"rsContent\"><a class=\"rsImg\" data-rsw=\"2282\" data-rsh=\"1030\" href=\"https:\/\/www.nivagelato.com\/wp-content\/uploads\/2025\/11\/apm.jpg\"><span data-alt=\"\"><\/span><\/a><\/div><div class=\"rsContent\"><a class=\"rsImg\" data-rsw=\"2282\" data-rsh=\"1030\" href=\"https:\/\/www.nivagelato.com\/wp-content\/uploads\/2025\/11\/Martinez.jpg\"><span data-alt=\"\"><\/span><\/a><\/div><div class=\"rsContent\"><a class=\"rsImg\" data-rsw=\"2282\" data-rsh=\"1030\" href=\"https:\/\/www.nivagelato.com\/wp-content\/uploads\/2025\/11\/lions.jpg\"><span data-alt=\"\"><\/span><\/a><\/div><div class=\"rsContent\"><a class=\"rsImg\" data-rsw=\"2282\" data-rsh=\"1030\" href=\"https:\/\/www.nivagelato.com\/wp-content\/uploads\/2025\/11\/Skema.jpg\"><span data-alt=\"\"><\/span><\/a><\/div><div class=\"rsContent\"><a class=\"rsImg\" data-rsw=\"2282\" data-rsh=\"1030\" href=\"https:\/\/www.nivagelato.com\/wp-content\/uploads\/2025\/11\/principe-1.jpg\"><span data-alt=\"\"><\/span><\/a><\/div><\/div><img decoding=\"async\" src=\"https:\/\/www.nivagelato.com\/wp-content\/uploads\/2025\/11\/Yachting.jpg\" width=\"2282\" height=\"1030\" alt loading=\"lazy\"><\/div><div class=\"w-slider-json\" onclick='return {&quot;autoScaleSlider&quot;:true,&quot;addActiveClass&quot;:true,&quot;loop&quot;:true,&quot;fadeInLoadedSlide&quot;:false,&quot;slidesSpacing&quot;:0,&quot;imageScalePadding&quot;:0,&quot;numImagesToPreload&quot;:2,&quot;arrowsNav&quot;:false,&quot;arrowsNavAutoHide&quot;:false,&quot;transitionType&quot;:&quot;move&quot;,&quot;transitionSpeed&quot;:350,&quot;block&quot;:{&quot;moveEffect&quot;:&quot;none&quot;,&quot;speed&quot;:300},&quot;thumbs&quot;:{&quot;fitInViewport&quot;:false,&quot;firstMargin&quot;:false,&quot;spacing&quot;:4},&quot;controlNavigation&quot;:&quot;bullets&quot;,&quot;autoplay&quot;:{&quot;enabled&quot;:true,&quot;pauseOnHover&quot;:true,&quot;delay&quot;:1500},&quot;autoScaleSliderWidth&quot;:2282,&quot;autoScaleSliderHeight&quot;:1030}'><\/div><\/div><\/div><\/div><\/div><\/div><\/div><\/section><section class=\"l-section wpb_row us_custom_5f214bcb background-beige height_medium\" id=\"contattaci\"><div class=\"l-section-h i-cf\"><div class=\"g-cols vc_row via_flex valign_top type_default stacking_default\"><div class=\"vc_col-sm-5 wpb_column vc_column_container\"><div class=\"vc_column-inner\"><div class=\"wpb_wrapper\"><div class=\"wpb_text_column us_custom_8e09cc6b\"><div class=\"wpb_wrapper\"><h2>Contact us<\/h2>\n<\/div><\/div><div class=\"wpb_text_column before-triangle\"><div class=\"wpb_wrapper\"><p>Whether it&#8217;s a special event, a collaboration, or just curiosity, we&#8217;re always happy to hear from you. Drop us a line and we&#8217;ll get back to you as soon as possible!<\/p>\n<\/div><\/div><\/div><\/div><\/div><div class=\"vc_col-sm-1 wpb_column vc_column_container\"><div class=\"vc_column-inner\"><div class=\"wpb_wrapper\"><\/div><\/div><\/div><div class=\"vc_col-sm-6 wpb_column vc_column_container contact-form\"><div class=\"vc_column-inner\"><div class=\"wpb_wrapper\">\n<div class=\"wpcf7 no-js\" id=\"wpcf7-f1508-o1\" lang=\"en-US\" dir=\"ltr\" data-wpcf7-id=\"1508\">\n<div class=\"screen-reader-response\"><p role=\"status\" aria-live=\"polite\" aria-atomic=\"true\"><\/p> <ul><\/ul><\/div>\n<form action=\"\/en\/wp-json\/wp\/v2\/pages\/1316#wpcf7-f1508-o1\" method=\"post\" class=\"wpcf7-form init\" aria-label=\"Contact form\" novalidate=\"novalidate\" data-status=\"init\">\n<fieldset class=\"hidden-fields-container\"><input type=\"hidden\" name=\"_wpcf7\" value=\"1508\" \/><input type=\"hidden\" name=\"_wpcf7_version\" value=\"6.1.5\" \/><input type=\"hidden\" name=\"_wpcf7_locale\" value=\"en_US\" \/><input type=\"hidden\" name=\"_wpcf7_unit_tag\" value=\"wpcf7-f1508-o1\" \/><input type=\"hidden\" name=\"_wpcf7_container_post\" value=\"0\" \/><input type=\"hidden\" name=\"_wpcf7_posted_data_hash\" value=\"\" \/><input type=\"hidden\" name=\"_wpcf7_recaptcha_response\" value=\"\" \/>\n<\/fieldset>\n<p><label> Name and Surname*<br \/>\n<span class=\"wpcf7-form-control-wrap\" data-name=\"your-name\"><input size=\"40\" maxlength=\"400\" class=\"wpcf7-form-control wpcf7-text wpcf7-validates-as-required name-input-form\" autocomplete=\"name\" aria-required=\"true\" aria-invalid=\"false\" value=\"\" type=\"text\" name=\"your-name\" \/><\/span> <\/label>\n<\/p>\n<p><label> Email*<br \/>\n<span class=\"wpcf7-form-control-wrap\" data-name=\"your-email\"><input size=\"40\" maxlength=\"400\" class=\"wpcf7-form-control wpcf7-email wpcf7-validates-as-required wpcf7-text wpcf7-validates-as-email email-input-form\" autocomplete=\"email\" aria-required=\"true\" aria-invalid=\"false\" value=\"\" type=\"email\" name=\"your-email\" \/><\/span> <\/label>\n<\/p>\n<p><label> Country*<br \/>\n<span class=\"wpcf7-form-control-wrap\" data-name=\"your-country\"><input size=\"40\" maxlength=\"400\" class=\"wpcf7-form-control wpcf7-text wpcf7-validates-as-required country-input-form\" autocomplete=\"name\" aria-required=\"true\" aria-invalid=\"false\" value=\"\" type=\"text\" name=\"your-country\" \/><\/span> <\/label>\n<\/p>\n<p><label> City*<br \/>\n<span class=\"wpcf7-form-control-wrap\" data-name=\"your-city\"><input size=\"40\" maxlength=\"400\" class=\"wpcf7-form-control wpcf7-text wpcf7-validates-as-required city-input-form\" autocomplete=\"name\" aria-required=\"true\" aria-invalid=\"false\" value=\"\" type=\"text\" name=\"your-city\" \/><\/span> <\/label>\n<\/p>\n<p><label> Message<br \/>\n<span class=\"wpcf7-form-control-wrap\" data-name=\"your-message\"><textarea cols=\"40\" rows=\"10\" maxlength=\"2000\" class=\"wpcf7-form-control wpcf7-textarea message-input-form\" aria-invalid=\"false\" name=\"your-message\"><\/textarea><\/span> <\/label>\n<\/p>\n<p><span class=\"wpcf7-form-control-wrap\" data-name=\"acceptance-501\"><span class=\"wpcf7-form-control wpcf7-acceptance\"><span class=\"wpcf7-list-item\"><label><input type=\"checkbox\" name=\"acceptance-501\" value=\"1\" class=\"acceptance-input-form\" aria-invalid=\"false\" \/><span class=\"wpcf7-list-item-label\">I have read and accept the <a href=\"https:\/\/www.iubenda.com\/privacy-policy\/92593251\" target=\"_blank\"><strong>privacy policy<\/strong><\/a><\/span><\/label><\/span><\/span><\/span>\n<\/p>\n<p><input class=\"wpcf7-form-control wpcf7-submit has-spinner\" type=\"submit\" value=\"Send\" \/>\n<\/p><div class=\"wpcf7-response-output\" aria-hidden=\"true\"><\/div>\n<\/form>\n<\/div>\n<\/div><\/div><\/div><\/div><\/div><\/section><section class=\"l-section wpb_row height_medium\"><div class=\"l-section-h i-cf\"><div class=\"g-cols vc_row via_flex valign_top type_default stacking_default\"><div class=\"vc_col-sm-12 wpb_column vc_column_container\"><div class=\"vc_column-inner\"><div class=\"wpb_wrapper\">[vc_images_carousel images=&#8221;3184,3180,3176,3135&#8243; title=&#8221;Loghi&#8221;]<\/div><\/div><\/div><\/div><\/div><\/section>\n","protected":false},"excerpt":{"rendered":"Events Grand Events A wedding, a birthday, a corporate event: with Niv\u00e0, every occasion becomes even more special. Offer your guests the pleasure of artisanal gelato made with select ingredients and served with elegance. Contact us to create a customized experience, as unique as your most beautiful moments. The Ape Car that always amazes. Customized...","protected":false},"author":3,"featured_media":0,"parent":0,"menu_order":0,"comment_status":"closed","ping_status":"closed","template":"","meta":{"_acf_changed":false,"footnotes":""},"class_list":["post-1316","page","type-page","status-publish","hentry"],"acf":[],"yoast_head":"<!-- This site is optimized with the Yoast SEO plugin v27.4 - https:\/\/yoast.com\/product\/yoast-seo-wordpress\/ -->\n<title>Take Niv\u00e0 with you: premium gelato, perfect for any event - Niv\u00e0<\/title>\n<meta name=\"description\" content=\"Make your event unique with Niv\u00e0 gelato: artisanal and crafted for you. Add an authentic Italian touch, perfect for weddings, private parties, and events.\" \/>\n<meta name=\"robots\" content=\"index, follow, max-snippet:-1, max-image-preview:large, max-video-preview:-1\" \/>\n<link rel=\"canonical\" href=\"https:\/\/www.nivagelato.com\/en\/eventi\/\" \/>\n<meta property=\"og:locale\" content=\"en_US\" \/>\n<meta property=\"og:type\" content=\"article\" \/>\n<meta property=\"og:title\" content=\"Take Niv\u00e0 with you: premium gelato, perfect for any event - Niv\u00e0\" \/>\n<meta property=\"og:description\" content=\"Make your event unique with Niv\u00e0 gelato: artisanal and crafted for you. Add an authentic Italian touch, perfect for weddings, private parties, and events.\" \/>\n<meta property=\"og:url\" content=\"https:\/\/www.nivagelato.com\/en\/eventi\/\" \/>\n<meta property=\"og:site_name\" content=\"Niv\u00e0\" \/>\n<meta property=\"article:modified_time\" content=\"2025-12-05T10:14:30+00:00\" \/>\n<meta name=\"twitter:card\" content=\"summary_large_image\" \/>\n<meta name=\"twitter:label1\" content=\"Est. reading time\" \/>\n\t<meta name=\"twitter:data1\" content=\"3 minutes\" \/>\n<script type=\"application\/ld+json\" class=\"yoast-schema-graph\">{\"@context\":\"https:\\\/\\\/schema.org\",\"@graph\":[{\"@type\":\"WebPage\",\"@id\":\"https:\\\/\\\/www.nivagelato.com\\\/en\\\/eventi\\\/\",\"url\":\"https:\\\/\\\/www.nivagelato.com\\\/en\\\/eventi\\\/\",\"name\":\"Take Niv\u00e0 with you: premium gelato, perfect for any event - Niv\u00e0\",\"isPartOf\":{\"@id\":\"https:\\\/\\\/www.nivagelato.com\\\/en\\\/#website\"},\"datePublished\":\"2025-05-14T12:42:01+00:00\",\"dateModified\":\"2025-12-05T10:14:30+00:00\",\"description\":\"Make your event unique with Niv\u00e0 gelato: artisanal and crafted for you. Add an authentic Italian touch, perfect for weddings, private parties, and events.\",\"breadcrumb\":{\"@id\":\"https:\\\/\\\/www.nivagelato.com\\\/en\\\/eventi\\\/#breadcrumb\"},\"inLanguage\":\"en-US\",\"potentialAction\":[{\"@type\":\"ReadAction\",\"target\":[\"https:\\\/\\\/www.nivagelato.com\\\/en\\\/eventi\\\/\"]}]},{\"@type\":\"BreadcrumbList\",\"@id\":\"https:\\\/\\\/www.nivagelato.com\\\/en\\\/eventi\\\/#breadcrumb\",\"itemListElement\":[{\"@type\":\"ListItem\",\"position\":1,\"name\":\"Home\",\"item\":\"https:\\\/\\\/www.nivagelato.com\\\/en\\\/\"},{\"@type\":\"ListItem\",\"position\":2,\"name\":\"Events\"}]},{\"@type\":\"WebSite\",\"@id\":\"https:\\\/\\\/www.nivagelato.com\\\/en\\\/#website\",\"url\":\"https:\\\/\\\/www.nivagelato.com\\\/en\\\/\",\"name\":\"Niv\u00e0\",\"description\":\"Viva Niv\u00e0\",\"potentialAction\":[{\"@type\":\"SearchAction\",\"target\":{\"@type\":\"EntryPoint\",\"urlTemplate\":\"https:\\\/\\\/www.nivagelato.com\\\/en\\\/?s={search_term_string}\"},\"query-input\":{\"@type\":\"PropertyValueSpecification\",\"valueRequired\":true,\"valueName\":\"search_term_string\"}}],\"inLanguage\":\"en-US\"}]}<\/script>\n<!-- \/ Yoast SEO plugin. -->","yoast_head_json":{"title":"Take Niv\u00e0 with you: premium gelato, perfect for any event - Niv\u00e0","description":"Make your event unique with Niv\u00e0 gelato: artisanal and crafted for you. Add an authentic Italian touch, perfect for weddings, private parties, and events.","robots":{"index":"index","follow":"follow","max-snippet":"max-snippet:-1","max-image-preview":"max-image-preview:large","max-video-preview":"max-video-preview:-1"},"canonical":"https:\/\/www.nivagelato.com\/en\/eventi\/","og_locale":"en_US","og_type":"article","og_title":"Take Niv\u00e0 with you: premium gelato, perfect for any event - Niv\u00e0","og_description":"Make your event unique with Niv\u00e0 gelato: artisanal and crafted for you. Add an authentic Italian touch, perfect for weddings, private parties, and events.","og_url":"https:\/\/www.nivagelato.com\/en\/eventi\/","og_site_name":"Niv\u00e0","article_modified_time":"2025-12-05T10:14:30+00:00","twitter_card":"summary_large_image","twitter_misc":{"Est. reading time":"3 minutes"},"schema":{"@context":"https:\/\/schema.org","@graph":[{"@type":"WebPage","@id":"https:\/\/www.nivagelato.com\/en\/eventi\/","url":"https:\/\/www.nivagelato.com\/en\/eventi\/","name":"Take Niv\u00e0 with you: premium gelato, perfect for any event - Niv\u00e0","isPartOf":{"@id":"https:\/\/www.nivagelato.com\/en\/#website"},"datePublished":"2025-05-14T12:42:01+00:00","dateModified":"2025-12-05T10:14:30+00:00","description":"Make your event unique with Niv\u00e0 gelato: artisanal and crafted for you. Add an authentic Italian touch, perfect for weddings, private parties, and events.","breadcrumb":{"@id":"https:\/\/www.nivagelato.com\/en\/eventi\/#breadcrumb"},"inLanguage":"en-US","potentialAction":[{"@type":"ReadAction","target":["https:\/\/www.nivagelato.com\/en\/eventi\/"]}]},{"@type":"BreadcrumbList","@id":"https:\/\/www.nivagelato.com\/en\/eventi\/#breadcrumb","itemListElement":[{"@type":"ListItem","position":1,"name":"Home","item":"https:\/\/www.nivagelato.com\/en\/"},{"@type":"ListItem","position":2,"name":"Events"}]},{"@type":"WebSite","@id":"https:\/\/www.nivagelato.com\/en\/#website","url":"https:\/\/www.nivagelato.com\/en\/","name":"Niv\u00e0","description":"Viva Niv\u00e0","potentialAction":[{"@type":"SearchAction","target":{"@type":"EntryPoint","urlTemplate":"https:\/\/www.nivagelato.com\/en\/?s={search_term_string}"},"query-input":{"@type":"PropertyValueSpecification","valueRequired":true,"valueName":"search_term_string"}}],"inLanguage":"en-US"}]}},"_links":{"self":[{"href":"https:\/\/www.nivagelato.com\/en\/wp-json\/wp\/v2\/pages\/1316","targetHints":{"allow":["GET"]}}],"collection":[{"href":"https:\/\/www.nivagelato.com\/en\/wp-json\/wp\/v2\/pages"}],"about":[{"href":"https:\/\/www.nivagelato.com\/en\/wp-json\/wp\/v2\/types\/page"}],"author":[{"embeddable":true,"href":"https:\/\/www.nivagelato.com\/en\/wp-json\/wp\/v2\/users\/3"}],"replies":[{"embeddable":true,"href":"https:\/\/www.nivagelato.com\/en\/wp-json\/wp\/v2\/comments?post=1316"}],"version-history":[{"count":21,"href":"https:\/\/www.nivagelato.com\/en\/wp-json\/wp\/v2\/pages\/1316\/revisions"}],"predecessor-version":[{"id":3751,"href":"https:\/\/www.nivagelato.com\/en\/wp-json\/wp\/v2\/pages\/1316\/revisions\/3751"}],"wp:attachment":[{"href":"https:\/\/www.nivagelato.com\/en\/wp-json\/wp\/v2\/media?parent=1316"}],"curies":[{"name":"wp","href":"https:\/\/api.w.org\/{rel}","templated":true}]}}